{"id":16718,"date":"2026-02-27T00:31:55","date_gmt":"2026-02-27T00:31:55","guid":{"rendered":"https:\/\/nordicmart.andreevmaster.com\/product\/songmics-u-formade-vagghyllor-3-pack-vita\/"},"modified":"2026-02-27T08:22:09","modified_gmt":"2026-02-27T08:22:09","slug":"songmics-u-formade-vagghyllor-3-pack-vita","status":"publish","type":"product","link":"https:\/\/nordicmart.andreevmaster.com\/sv\/produkt\/songmics-u-formade-vagghyllor-3-pack-vita\/","title":{"rendered":"SONGMICS U-formade v\u00e4gghyllor, 3-pack, vita"},"content":{"rendered":"<p>Detta trendiga 3-pack hyllor i U-form \u00e4r ett riktigt blickf\u00e5ng! Songmics hyllset best\u00e5r av MDF-skivor som har testats enligt E1-standarden. Det \u00e4r fuktbest\u00e4ndigt, deformeras inte l\u00e4tt och har h\u00f6g belastningskapacitet. Enkel montering tack vare integrerade osynliga v\u00e4ggf\u00e4sten. Med sin nya design och moderna stil \u00e4r hyllsetet den perfekta f\u00f6rvaringsytan f\u00f6r b\u00f6cker, CD-skivor och andra sm\u00e5saker. Som v\u00e4gghylla eller helt enkelt som frist\u00e5ende dekoration \u2013 hyllan i elegant retrostil \u00e4r ett praktiskt och dekorativt objekt i varje hem! F\u00e4st produkten p\u00e5 en betongv\u00e4gg, l\u00e4ttbetongv\u00e4gg eller tegelv\u00e4gg. Om du vill f\u00e4sta produkten p\u00e5 en gipsskiva b\u00f6r du f\u00f6rst skaffa l\u00e4mpliga skruvar fr\u00e5n en fackhandel.  Produktdetaljer:  &#8211; Material: MDF-skivor (klass E1) M\u00e5tt:  &#8211; Ytterm\u00e5tt: liten hylla: 30 x 10 x 15 cm (B x H x D); medelstor hylla: 45 x 10 x 15 cm (B x H x D); stort hyllplan: 60 x 10 x 15 cm (B x H x D) &#8211; Innerm\u00e5tt: litet hyllplan: 26,4 x 8 x 15 cm (B x H x D); mellanstort hyllplan: 41,4 x 8 x 15 cm (B x H x D); Stort hyllplan: 56,4 x 8 x 15 cm (B x H x D) Leveransomfattning:  &#8211; 1 x set v\u00e4gghyllor (3 hyllplan) &#8211; 1 x set skruvar (6 st) och pluggar (6 st) f\u00f6r montering &#8211; 1 x bruksanvisning (DE, FR, EN, IT, ES) <\/p>\n","protected":false},"excerpt":{"rendered":"<p>SONGMICS v\u00e4gghylla, 3-pack, sv\u00e4vande hyllor, MDF-tr\u00e4, djup 15 cm, 60\/45\/30 cm, vit U-formad v\u00e4gghylla LWS66W<\/p>\n","protected":false},"featured_media":44394,"comment_status":"open","ping_status":"closed","template":"","meta":[],"product_brand":[],"product_cat":[33],"product_tag":[],"class_list":{"0":"post-16718","1":"product","2":"type-product","3":"status-publish","4":"has-post-thumbnail","6":"product_cat-okategoriserad","8":"first","9":"instock","10":"shipping-taxable","11":"purchasable","12":"product-type-simple"},"_links":{"self":[{"href":"https:\/\/nordicmart.andreevmaster.com\/sv\/wp-json\/wp\/v2\/product\/16718","targetHints":{"allow":["GET"]}}],"collection":[{"href":"https:\/\/nordicmart.andreevmaster.com\/sv\/wp-json\/wp\/v2\/product"}],"about":[{"href":"https:\/\/nordicmart.andreevmaster.com\/sv\/wp-json\/wp\/v2\/types\/product"}],"replies":[{"embeddable":true,"href":"https:\/\/nordicmart.andreevmaster.com\/sv\/wp-json\/wp\/v2\/comments?post=16718"}],"wp:featuredmedia":[{"embeddable":true,"href":"https:\/\/nordicmart.andreevmaster.com\/sv\/wp-json\/wp\/v2\/media\/44394"}],"wp:attachment":[{"href":"https:\/\/nordicmart.andreevmaster.com\/sv\/wp-json\/wp\/v2\/media?parent=16718"}],"wp:term":[{"taxonomy":"product_brand","embeddable":true,"href":"https:\/\/nordicmart.andreevmaster.com\/sv\/wp-json\/wp\/v2\/product_brand?post=16718"},{"taxonomy":"product_cat","embeddable":true,"href":"https:\/\/nordicmart.andreevmaster.com\/sv\/wp-json\/wp\/v2\/product_cat?post=16718"},{"taxonomy":"product_tag","embeddable":true,"href":"https:\/\/nordicmart.andreevmaster.com\/sv\/wp-json\/wp\/v2\/product_tag?post=16718"}],"curies":[{"name":"wp","href":"https:\/\/api.w.org\/{rel}","templated":true}]}}