{"id":16717,"date":"2026-02-27T00:31:54","date_gmt":"2026-02-27T00:31:54","guid":{"rendered":"https:\/\/nordicmart.andreevmaster.com\/product\/songmics-u-formade-vagghyllor-3-pack-gra\/"},"modified":"2026-02-27T08:22:09","modified_gmt":"2026-02-27T08:22:09","slug":"songmics-u-formade-vagghyllor-3-pack-gra","status":"publish","type":"product","link":"https:\/\/nordicmart.andreevmaster.com\/sv\/produkt\/songmics-u-formade-vagghyllor-3-pack-gra\/","title":{"rendered":"SONGMICS U-formade v\u00e4gghyllor, 3-pack, gr\u00e5"},"content":{"rendered":"<p>Tycker du att tomma v\u00e4ggar i ditt hem \u00e4r tr\u00e5kiga? Har du inte tillr\u00e4ckligt med f\u00f6rvaringsutrymme p\u00e5 golvet? H\u00e4r kommer setet med 3 v\u00e4gghyllor in i bilden! Robusta sv\u00e4vande hyllor f\u00f6r alla tillf\u00e4llen Skaffa dessa sv\u00e4vande hyllor av h\u00f6gkvalitativa tr\u00e4fiberskivor och utnyttja tomma v\u00e4ggar effektivt. Alla rum i ditt hem kommer att \u00e4lska dessa praktiska hyllor, eftersom de \u00e4r h\u00e5llbara och inte deformeras \u00e4ven efter l\u00e5ng anv\u00e4ndning. F\u00f6r att placera sm\u00e5 v\u00e4xter i vardagsrummet, f\u00f6rvara b\u00f6cker i sovrummet eller f\u00f6rvara kryddor i k\u00f6ket \u2013 dessa sv\u00e4vande hyllor \u00e4r l\u00e4mpliga f\u00f6r m\u00e5nga olika \u00e4ndam\u00e5l. Upp och ner eller konventionellt? Du kan f\u00e4sta dessa flytande hyllor p\u00e5 v\u00e4ggen med hj\u00e4lp av osynliga metallf\u00e4sten. Tv\u00e5 hyllor ovanp\u00e5 varandra eller n\u00e5gra upp och ner och n\u00e5gra helt konventionellt upp\u00e5t&#8230; Kombinera dessa hyllor helt individuellt f\u00f6r att skapa unika former. Ta en titt p\u00e5 v\u00e5ra exempelbilder f\u00f6r att f\u00e5 inspiration! Produktdetaljer: &#8211; F\u00e4rg: Gr\u00e5 &#8211; Material: E1-klassade MDF-skivor &#8211; M\u00e5tt p\u00e5 den lilla hyllan: 30 x 15 x 10 cm (L x B x H) &#8211; M\u00e5tt p\u00e5 den medelstora hyllan: 45 x 15 x 10 cm (L x B x H) &#8211; M\u00e5tt p\u00e5 det stora hyllan: 60 x 15 x 10 cm (L x B x H) &#8211; Max. belastningskapacitet per hylla: 15 kg &#8211; Totalvikt: 3,65 kg Leveransomfattning: &#8211; 3 x v\u00e4gghylla &#8211; 1 x tillbeh\u00f6rsp\u00e5se &#8211; 1 x instruktioner (DE, EN, FR, IT, ES) SONGMICS Anm\u00e4rkningar: &#8211; F\u00f6r montering av hyllorna beh\u00f6vs en skruvmejsel, ett vattenpass, en elektrisk borrmaskin och en hammare. &#8211; Montera produkten p\u00e5 massiva betong- eller tegelv\u00e4ggar<\/p>\n","protected":false},"excerpt":{"rendered":"<p>SONGMICS v\u00e4gghylla, 3-pack, sv\u00e4vande hyllor, MDF-tr\u00e4, djup 15 cm, 60\/45\/30 cm, vit U-formad v\u00e4gghylla LWS66W<\/p>\n","protected":false},"featured_media":44393,"comment_status":"open","ping_status":"closed","template":"","meta":[],"product_brand":[],"product_cat":[33],"product_tag":[],"class_list":{"0":"post-16717","1":"product","2":"type-product","3":"status-publish","4":"has-post-thumbnail","6":"product_cat-okategoriserad","8":"first","9":"instock","10":"shipping-taxable","11":"purchasable","12":"product-type-simple"},"_links":{"self":[{"href":"https:\/\/nordicmart.andreevmaster.com\/sv\/wp-json\/wp\/v2\/product\/16717","targetHints":{"allow":["GET"]}}],"collection":[{"href":"https:\/\/nordicmart.andreevmaster.com\/sv\/wp-json\/wp\/v2\/product"}],"about":[{"href":"https:\/\/nordicmart.andreevmaster.com\/sv\/wp-json\/wp\/v2\/types\/product"}],"replies":[{"embeddable":true,"href":"https:\/\/nordicmart.andreevmaster.com\/sv\/wp-json\/wp\/v2\/comments?post=16717"}],"wp:featuredmedia":[{"embeddable":true,"href":"https:\/\/nordicmart.andreevmaster.com\/sv\/wp-json\/wp\/v2\/media\/44393"}],"wp:attachment":[{"href":"https:\/\/nordicmart.andreevmaster.com\/sv\/wp-json\/wp\/v2\/media?parent=16717"}],"wp:term":[{"taxonomy":"product_brand","embeddable":true,"href":"https:\/\/nordicmart.andreevmaster.com\/sv\/wp-json\/wp\/v2\/product_brand?post=16717"},{"taxonomy":"product_cat","embeddable":true,"href":"https:\/\/nordicmart.andreevmaster.com\/sv\/wp-json\/wp\/v2\/product_cat?post=16717"},{"taxonomy":"product_tag","embeddable":true,"href":"https:\/\/nordicmart.andreevmaster.com\/sv\/wp-json\/wp\/v2\/product_tag?post=16717"}],"curies":[{"name":"wp","href":"https:\/\/api.w.org\/{rel}","templated":true}]}}