{"id":16714,"date":"2026-02-27T00:31:53","date_gmt":"2026-02-27T00:31:53","guid":{"rendered":"https:\/\/nordicmart.andreevmaster.com\/product\/songmics-svavande-hyllor-2-pack-glansigt-vitt\/"},"modified":"2026-02-27T08:22:08","modified_gmt":"2026-02-27T08:22:08","slug":"songmics-svavande-hyllor-2-pack-glansigt-vitt","status":"publish","type":"product","link":"https:\/\/nordicmart.andreevmaster.com\/sv\/produkt\/songmics-svavande-hyllor-2-pack-glansigt-vitt\/","title":{"rendered":"SONGMICS sv\u00e4vande hyllor, 2-pack, glansigt vitt"},"content":{"rendered":"<p>Ibland beh\u00f6ver nya inredningsid\u00e9er inte inneb\u00e4ra stora f\u00f6r\u00e4ndringar. Ofta r\u00e4cker det med sm\u00e5 detaljer f\u00f6r att ge ett rum ett mer personligt utseende och en individuell stil. Du kan till exempel skapa personlighet och individualitet med detta sv\u00e4vande hyllset med 2 hyllor, d\u00e4r du kan presentera dina vackraste snapshots p\u00e5 ett imponerande s\u00e4tt. Produktdetaljer: F\u00e4rg: Vit Material: E1 MDF (medeldensitetsfiberplatta, h\u00f6gblank lack)Storlek p\u00e5 en hyllplan: 60 x 10 x 5\/2 cm (B x D x H\/ framsida) Vikt: 1,6 kg Max. b\u00e4rf\u00f6rm\u00e5ga per hyllplan: 10 kg Leveransomfattning: 2 x sv\u00e4vande hyllor 1 x tillbeh\u00f6rsp\u00e5se 1 x bruksanvisning (DE, EN, FR, ES, IT)<\/p>\n","protected":false},"excerpt":{"rendered":"<p>SONGMICS V\u00e4gghylla 2-pack, 2 sv\u00e4vande hyllor med h\u00f6gblank lackering, 60 x 10 cm, v\u00e4gghylla f\u00f6r fotoramar och b\u00f6cker, enkel montering, MDF vit LWS60WT<\/p>\n","protected":false},"featured_media":44390,"comment_status":"open","ping_status":"closed","template":"","meta":[],"product_brand":[],"product_cat":[33],"product_tag":[],"class_list":{"0":"post-16714","1":"product","2":"type-product","3":"status-publish","4":"has-post-thumbnail","6":"product_cat-okategoriserad","8":"first","9":"instock","10":"shipping-taxable","11":"purchasable","12":"product-type-simple"},"_links":{"self":[{"href":"https:\/\/nordicmart.andreevmaster.com\/sv\/wp-json\/wp\/v2\/product\/16714","targetHints":{"allow":["GET"]}}],"collection":[{"href":"https:\/\/nordicmart.andreevmaster.com\/sv\/wp-json\/wp\/v2\/product"}],"about":[{"href":"https:\/\/nordicmart.andreevmaster.com\/sv\/wp-json\/wp\/v2\/types\/product"}],"replies":[{"embeddable":true,"href":"https:\/\/nordicmart.andreevmaster.com\/sv\/wp-json\/wp\/v2\/comments?post=16714"}],"wp:featuredmedia":[{"embeddable":true,"href":"https:\/\/nordicmart.andreevmaster.com\/sv\/wp-json\/wp\/v2\/media\/44390"}],"wp:attachment":[{"href":"https:\/\/nordicmart.andreevmaster.com\/sv\/wp-json\/wp\/v2\/media?parent=16714"}],"wp:term":[{"taxonomy":"product_brand","embeddable":true,"href":"https:\/\/nordicmart.andreevmaster.com\/sv\/wp-json\/wp\/v2\/product_brand?post=16714"},{"taxonomy":"product_cat","embeddable":true,"href":"https:\/\/nordicmart.andreevmaster.com\/sv\/wp-json\/wp\/v2\/product_cat?post=16714"},{"taxonomy":"product_tag","embeddable":true,"href":"https:\/\/nordicmart.andreevmaster.com\/sv\/wp-json\/wp\/v2\/product_tag?post=16714"}],"curies":[{"name":"wp","href":"https:\/\/api.w.org\/{rel}","templated":true}]}}