{"id":16713,"date":"2026-02-27T00:31:53","date_gmt":"2026-02-27T00:31:53","guid":{"rendered":"https:\/\/nordicmart.andreevmaster.com\/product\/songmics-kubformade-vagghyllor-3-pack-vita\/"},"modified":"2026-02-27T08:22:07","modified_gmt":"2026-02-27T08:22:07","slug":"songmics-kubformade-vagghyllor-3-pack-vita","status":"publish","type":"product","link":"https:\/\/nordicmart.andreevmaster.com\/sv\/produkt\/songmics-kubformade-vagghyllor-3-pack-vita\/","title":{"rendered":"SONGMICS kubformade v\u00e4gghyllor, 3-pack, vita"},"content":{"rendered":"<p>Produktbeskrivning: Flexibelt hyllset 3 hyllor \u2013 1 x rektangul\u00e4r och 2 x fyrkantiga \u2013 kan h\u00e4ngas upp tillsammans som v\u00e4gghylla eller separat i olika rum. P\u00e5 baksidan finns h\u00e5l f\u00f6r metallkrokar d\u00e4r skruvarna (ing\u00e5r i leveransen) kan h\u00e4ngas upp s\u00e5 att de ser ut som om de sv\u00e4var. Bokhyllan \u00e4r robust tack vare MDF-tr\u00e4 och en PU-lackering med 15 mm tjocka v\u00e4ggar och \u00e4r idealisk f\u00f6r speciella dekorationer. Anv\u00e4nd hyllan f\u00f6r b\u00f6cker, dekorationer, vaser, CD-skivor, DVD-skivor och mycket mer. Mer storlek f\u00f6r mer inneh\u00e5ll Med en djup p\u00e5 15 cm \u00e4r v\u00e5rt nya hyllset st\u00f6rre \u00e4n f\u00f6reg\u00e5ngaren. Det g\u00f6r det perfekt f\u00f6r b\u00f6cker, DVD-skivor och dekorationer som helt enkelt beh\u00f6ver mer djup. Hemma eller p\u00e5 kontoret kan v\u00e4xter, blommor och fotoramar arrangeras vackert och ge rummet mer atmosf\u00e4r. Milj\u00f6v\u00e4nligt och s\u00e4kert Tack vare lackeringen \u00e4r kuberna vatten- och fuktavvisande och dessutom l\u00e4tta att reng\u00f6ra. Med den speciella f\u00e4stmetoden (skruvar och pluggar ing\u00e5r) \u00e4r det enkelt och s\u00e4kert att f\u00e4sta hyllorna. Produktdetaljer: &#8211; F\u00e4rg: vit &#8211; Material: 1,5 cm tjock MDF-skiva med PU-lackering &#8211; M\u00e5tt p\u00e5 den lilla hyllan: 22 x 22 x 15 cm (B x H x D) &#8211; M\u00e5tt p\u00e5 den stora hyllan: 50 x 26 x 15 cm (B x H x D) &#8211; Belastningskapacitet f\u00f6r varje hylla: 15 kg &#8211; Bruttovikt: 6 kg &#8211; Nettovikt: 5,2 kg Leveransomfattning: &#8211; 1 x v\u00e4gghyllset (1x stor hylla, 2 x sm\u00e5 hyllor)- Skruvar och pluggar- 1 x bruksanvisning (DE, FR, EN, IT, ES)SONGMICS Obs:- F\u00f6r montering kr\u00e4vs en akku-skruvdragare, ett vattenpass och en hammare.<\/p>\n","protected":false},"excerpt":{"rendered":"<p>SONGMICS V\u00e4gghylla 3-pack Cube Regal Flygande hyllor, djup 15 cm, kubhyllor Bokhylla MDF Vit LWS50WT<\/p>\n","protected":false},"featured_media":44389,"comment_status":"open","ping_status":"closed","template":"","meta":[],"product_brand":[],"product_cat":[33],"product_tag":[],"class_list":{"0":"post-16713","1":"product","2":"type-product","3":"status-publish","4":"has-post-thumbnail","6":"product_cat-okategoriserad","8":"first","9":"instock","10":"shipping-taxable","11":"purchasable","12":"product-type-simple"},"_links":{"self":[{"href":"https:\/\/nordicmart.andreevmaster.com\/sv\/wp-json\/wp\/v2\/product\/16713","targetHints":{"allow":["GET"]}}],"collection":[{"href":"https:\/\/nordicmart.andreevmaster.com\/sv\/wp-json\/wp\/v2\/product"}],"about":[{"href":"https:\/\/nordicmart.andreevmaster.com\/sv\/wp-json\/wp\/v2\/types\/product"}],"replies":[{"embeddable":true,"href":"https:\/\/nordicmart.andreevmaster.com\/sv\/wp-json\/wp\/v2\/comments?post=16713"}],"wp:featuredmedia":[{"embeddable":true,"href":"https:\/\/nordicmart.andreevmaster.com\/sv\/wp-json\/wp\/v2\/media\/44389"}],"wp:attachment":[{"href":"https:\/\/nordicmart.andreevmaster.com\/sv\/wp-json\/wp\/v2\/media?parent=16713"}],"wp:term":[{"taxonomy":"product_brand","embeddable":true,"href":"https:\/\/nordicmart.andreevmaster.com\/sv\/wp-json\/wp\/v2\/product_brand?post=16713"},{"taxonomy":"product_cat","embeddable":true,"href":"https:\/\/nordicmart.andreevmaster.com\/sv\/wp-json\/wp\/v2\/product_cat?post=16713"},{"taxonomy":"product_tag","embeddable":true,"href":"https:\/\/nordicmart.andreevmaster.com\/sv\/wp-json\/wp\/v2\/product_tag?post=16713"}],"curies":[{"name":"wp","href":"https:\/\/api.w.org\/{rel}","templated":true}]}}