{"id":16712,"date":"2026-02-27T00:31:52","date_gmt":"2026-02-27T00:31:52","guid":{"rendered":"https:\/\/nordicmart.andreevmaster.com\/product\/songmics-flytande-bildlist-vit\/"},"modified":"2026-02-27T08:22:07","modified_gmt":"2026-02-27T08:22:07","slug":"songmics-flytande-bildlist-vit","status":"publish","type":"product","link":"https:\/\/nordicmart.andreevmaster.com\/sv\/produkt\/songmics-flytande-bildlist-vit\/","title":{"rendered":"SONGMICS Flytande bildlist Vit"},"content":{"rendered":"<p>Produktdetaljer: &#8211; F\u00e4rg: Vit &#8211; Material: E1-klass MDF, h\u00f6gblank lack &#8211; Produktstorlek: 110 x 10 x 5\/2 cm (B x D x H) (baksida: 5 cm, framsida: 2 cm) &#8211; Vikt: 2,4 kg &#8211; Maximal statisk belastningskapacitet: 10 kg Leveransomfattning: &#8211; 1 x sv\u00e4vande v\u00e4gghylla &#8211; 1 x tillbeh\u00f6rspaket &#8211; 1 x bruksanvisning (DE, EN, FR, ES, IT) SONGMICS Anm\u00e4rkningar: &#8211; F\u00f6r montering beh\u00f6ver du en akku-skruvdragare, ett vattenpass och en hammare.<\/p>\n","protected":false},"excerpt":{"rendered":"<p>SONGMICS v\u00e4gghylla, sv\u00e4vande hylla, modern hylla, f\u00f6r foton och b\u00f6cker, 110 x 10 cm, vit LWS46WT<\/p>\n","protected":false},"featured_media":0,"comment_status":"open","ping_status":"closed","template":"","meta":[],"product_brand":[],"product_cat":[33],"product_tag":[],"class_list":{"0":"post-16712","1":"product","2":"type-product","3":"status-publish","5":"product_cat-okategoriserad","7":"first","8":"instock","9":"shipping-taxable","10":"purchasable","11":"product-type-simple"},"_links":{"self":[{"href":"https:\/\/nordicmart.andreevmaster.com\/sv\/wp-json\/wp\/v2\/product\/16712","targetHints":{"allow":["GET"]}}],"collection":[{"href":"https:\/\/nordicmart.andreevmaster.com\/sv\/wp-json\/wp\/v2\/product"}],"about":[{"href":"https:\/\/nordicmart.andreevmaster.com\/sv\/wp-json\/wp\/v2\/types\/product"}],"replies":[{"embeddable":true,"href":"https:\/\/nordicmart.andreevmaster.com\/sv\/wp-json\/wp\/v2\/comments?post=16712"}],"wp:attachment":[{"href":"https:\/\/nordicmart.andreevmaster.com\/sv\/wp-json\/wp\/v2\/media?parent=16712"}],"wp:term":[{"taxonomy":"product_brand","embeddable":true,"href":"https:\/\/nordicmart.andreevmaster.com\/sv\/wp-json\/wp\/v2\/product_brand?post=16712"},{"taxonomy":"product_cat","embeddable":true,"href":"https:\/\/nordicmart.andreevmaster.com\/sv\/wp-json\/wp\/v2\/product_cat?post=16712"},{"taxonomy":"product_tag","embeddable":true,"href":"https:\/\/nordicmart.andreevmaster.com\/sv\/wp-json\/wp\/v2\/product_tag?post=16712"}],"curies":[{"name":"wp","href":"https:\/\/api.w.org\/{rel}","templated":true}]}}