{"id":16710,"date":"2026-02-27T00:31:52","date_gmt":"2026-02-27T00:31:52","guid":{"rendered":"https:\/\/nordicmart.andreevmaster.com\/product\/vasagle-vagghyllor-2-pack\/"},"modified":"2026-02-27T08:22:07","modified_gmt":"2026-02-27T08:22:07","slug":"vasagle-vagghyllor-2-pack","status":"publish","type":"product","link":"https:\/\/nordicmart.andreevmaster.com\/sv\/produkt\/vasagle-vagghyllor-2-pack\/","title":{"rendered":"VASAGLE V\u00e4gghyllor, 2-pack"},"content":{"rendered":"<p>Produktdetaljer: &#8211; F\u00e4rg: Vintagebrun-svart &#8211; Material: Sp\u00e5nskiva, st\u00e5l &#8211; Storlek p\u00e5 det lilla hyllan: 40 x 15,5 x 5 cm (L x B x H) &#8211; Storlek p\u00e5 det stora hyllan: 40 x 15,5 x 9,5 cm (L x B x H) &#8211; Totalvikt: 2 kg &#8211; Max. statisk belastningskapacitet f\u00f6r hyllan: 5 kg &#8211; Max. statisk belastningskapacitet f\u00f6r st\u00e5ngen: 10 kg Leveransomfattning: &#8211; 2 x v\u00e4gghylla &#8211; 1 x tillbeh\u00f6rspaket &#8211; 1 x bruksanvisning VASAGLE Anm\u00e4rkningar: &#8211; Av s\u00e4kerhetssk\u00e4l \u00e4r det f\u00f6rbjudet f\u00f6r barn att kl\u00e4ttra p\u00e5 eller leka med produkten.<\/p>\n","protected":false},"excerpt":{"rendered":"<p>VASAGLE v\u00e4gghylla, 2-pack, sv\u00e4vande hylla med st\u00e5ng, v\u00e4gghylla, f\u00f6rvaring, p\u00e5 v\u00e4ggen, f\u00f6r k\u00f6k, sovrum, vardagsrum, vintagebrun-svart LWS441B01<\/p>\n","protected":false},"featured_media":44387,"comment_status":"open","ping_status":"closed","template":"","meta":[],"product_brand":[],"product_cat":[33],"product_tag":[],"class_list":{"0":"post-16710","1":"product","2":"type-product","3":"status-publish","4":"has-post-thumbnail","6":"product_cat-okategoriserad","8":"first","9":"instock","10":"shipping-taxable","11":"purchasable","12":"product-type-simple"},"_links":{"self":[{"href":"https:\/\/nordicmart.andreevmaster.com\/sv\/wp-json\/wp\/v2\/product\/16710","targetHints":{"allow":["GET"]}}],"collection":[{"href":"https:\/\/nordicmart.andreevmaster.com\/sv\/wp-json\/wp\/v2\/product"}],"about":[{"href":"https:\/\/nordicmart.andreevmaster.com\/sv\/wp-json\/wp\/v2\/types\/product"}],"replies":[{"embeddable":true,"href":"https:\/\/nordicmart.andreevmaster.com\/sv\/wp-json\/wp\/v2\/comments?post=16710"}],"wp:featuredmedia":[{"embeddable":true,"href":"https:\/\/nordicmart.andreevmaster.com\/sv\/wp-json\/wp\/v2\/media\/44387"}],"wp:attachment":[{"href":"https:\/\/nordicmart.andreevmaster.com\/sv\/wp-json\/wp\/v2\/media?parent=16710"}],"wp:term":[{"taxonomy":"product_brand","embeddable":true,"href":"https:\/\/nordicmart.andreevmaster.com\/sv\/wp-json\/wp\/v2\/product_brand?post=16710"},{"taxonomy":"product_cat","embeddable":true,"href":"https:\/\/nordicmart.andreevmaster.com\/sv\/wp-json\/wp\/v2\/product_cat?post=16710"},{"taxonomy":"product_tag","embeddable":true,"href":"https:\/\/nordicmart.andreevmaster.com\/sv\/wp-json\/wp\/v2\/product_tag?post=16710"}],"curies":[{"name":"wp","href":"https:\/\/api.w.org\/{rel}","templated":true}]}}