{"id":16709,"date":"2026-02-27T00:31:51","date_gmt":"2026-02-27T00:31:51","guid":{"rendered":"https:\/\/nordicmart.andreevmaster.com\/product\/vasagle-3-pack-vagghyllor-i-industriell-design\/"},"modified":"2026-02-27T08:22:06","modified_gmt":"2026-02-27T08:22:06","slug":"vasagle-3-pack-vagghyllor-i-industriell-design","status":"publish","type":"product","link":"https:\/\/nordicmart.andreevmaster.com\/sv\/produkt\/vasagle-3-pack-vagghyllor-i-industriell-design\/","title":{"rendered":"VASAGLE 3-pack v\u00e4gghyllor i industriell design"},"content":{"rendered":"<p>Produktdetaljer: &#8211; F\u00e4rg: Vintagebrun-svart &#8211; Material: Sp\u00e5nskiva, st\u00e5l &#8211; Hyllans storlek: &#8211; 32 x 32 x 12 cm (stor) &#8211; 27 x 27 x 12 cm (mellan) &#8211; 22 x 22 x 12 cm (liten) &#8211; Storlek p\u00e5 hyllan: &#8211; 32 x 10,9 x 0,9 cm (stor) &#8211; 27 x 10,9 x 0,9 cm (mellan) &#8211; 22 x 10,9 x 0,9 cm (liten) &#8211; Vikt: 2,5 kg &#8211; Max. statisk b\u00e4rf\u00f6rm\u00e5ga f\u00f6r den stora hyllan: 10 kg &#8211; Max. statisk b\u00e4rf\u00f6rm\u00e5ga f\u00f6r den medelstora hyllan: 6,8 kg &#8211; Max. statisk b\u00e4rf\u00f6rm\u00e5ga f\u00f6r den lilla hyllan: 5 kg Leveransomfattning: &#8211; 3 x v\u00e4gghylla &#8211; 1 x tillbeh\u00f6rspaket &#8211; 1 x bruksanvisning VASALGE Anm\u00e4rkningar:- Av s\u00e4kerhetssk\u00e4l \u00e4r det f\u00f6rbjudet f\u00f6r barn att kl\u00e4ttra p\u00e5 eller leka med produkten.<\/p>\n","protected":false},"excerpt":{"rendered":"<p>VASAGLE V\u00e4gghylla, 3-pack, v\u00e4gghylla, sv\u00e4vande hylla, metallstativ, industriell design, f\u00f6r vardagsrum, sovrum, k\u00f6k, vintagebrun-svart LWS440B01<\/p>\n","protected":false},"featured_media":44386,"comment_status":"open","ping_status":"closed","template":"","meta":[],"product_brand":[],"product_cat":[33],"product_tag":[],"class_list":{"0":"post-16709","1":"product","2":"type-product","3":"status-publish","4":"has-post-thumbnail","6":"product_cat-okategoriserad","8":"first","9":"instock","10":"shipping-taxable","11":"purchasable","12":"product-type-simple"},"_links":{"self":[{"href":"https:\/\/nordicmart.andreevmaster.com\/sv\/wp-json\/wp\/v2\/product\/16709","targetHints":{"allow":["GET"]}}],"collection":[{"href":"https:\/\/nordicmart.andreevmaster.com\/sv\/wp-json\/wp\/v2\/product"}],"about":[{"href":"https:\/\/nordicmart.andreevmaster.com\/sv\/wp-json\/wp\/v2\/types\/product"}],"replies":[{"embeddable":true,"href":"https:\/\/nordicmart.andreevmaster.com\/sv\/wp-json\/wp\/v2\/comments?post=16709"}],"wp:featuredmedia":[{"embeddable":true,"href":"https:\/\/nordicmart.andreevmaster.com\/sv\/wp-json\/wp\/v2\/media\/44386"}],"wp:attachment":[{"href":"https:\/\/nordicmart.andreevmaster.com\/sv\/wp-json\/wp\/v2\/media?parent=16709"}],"wp:term":[{"taxonomy":"product_brand","embeddable":true,"href":"https:\/\/nordicmart.andreevmaster.com\/sv\/wp-json\/wp\/v2\/product_brand?post=16709"},{"taxonomy":"product_cat","embeddable":true,"href":"https:\/\/nordicmart.andreevmaster.com\/sv\/wp-json\/wp\/v2\/product_cat?post=16709"},{"taxonomy":"product_tag","embeddable":true,"href":"https:\/\/nordicmart.andreevmaster.com\/sv\/wp-json\/wp\/v2\/product_tag?post=16709"}],"curies":[{"name":"wp","href":"https:\/\/api.w.org\/{rel}","templated":true}]}}