{"id":16708,"date":"2026-02-27T00:31:51","date_gmt":"2026-02-27T00:31:51","guid":{"rendered":"https:\/\/nordicmart.andreevmaster.com\/product\/vasagle-vagghyllor-3-pack\/"},"modified":"2026-02-27T08:22:06","modified_gmt":"2026-02-27T08:22:06","slug":"vasagle-vagghyllor-3-pack","status":"publish","type":"product","link":"https:\/\/nordicmart.andreevmaster.com\/sv\/produkt\/vasagle-vagghyllor-3-pack\/","title":{"rendered":"VASAGLE V\u00e4gghyllor 3-pack"},"content":{"rendered":"<p>Produktdetaljer: &#8211; F\u00e4rg: Vintagebrun-svart &#8211; Material: Sp\u00e5nskiva, st\u00e5l &#8211; Storlek: &#8211; (stor) 15 x 40 x 14 cm (D x B x H) &#8211; (liten) 14 x 33 x 12 cm (D x B x H) &#8211; Vikt f\u00f6r det stora hyllan: 0,96 kg &#8211; Vikt f\u00f6r det lilla hyllan: 0,8 kg &#8211; Max. statisk belastningskapacitet per v\u00e4gghylla: 5 kg Leveransomfattning: &#8211; 2 x v\u00e4gghylla &#8211; 1 x tillbeh\u00f6rspaket &#8211; 1 x bruksanvisning<\/p>\n","protected":false},"excerpt":{"rendered":"<p>VASAGLE V\u00e4gghylla, 2-pack, sv\u00e4vande hylla, metallram, industriell design, f\u00f6r vardagsrum, sovrum, k\u00f6k, vintagebrun-svart LWS421B01<\/p>\n","protected":false},"featured_media":44385,"comment_status":"open","ping_status":"closed","template":"","meta":[],"product_brand":[],"product_cat":[33],"product_tag":[],"class_list":{"0":"post-16708","1":"product","2":"type-product","3":"status-publish","4":"has-post-thumbnail","6":"product_cat-okategoriserad","8":"first","9":"instock","10":"shipping-taxable","11":"purchasable","12":"product-type-simple"},"_links":{"self":[{"href":"https:\/\/nordicmart.andreevmaster.com\/sv\/wp-json\/wp\/v2\/product\/16708","targetHints":{"allow":["GET"]}}],"collection":[{"href":"https:\/\/nordicmart.andreevmaster.com\/sv\/wp-json\/wp\/v2\/product"}],"about":[{"href":"https:\/\/nordicmart.andreevmaster.com\/sv\/wp-json\/wp\/v2\/types\/product"}],"replies":[{"embeddable":true,"href":"https:\/\/nordicmart.andreevmaster.com\/sv\/wp-json\/wp\/v2\/comments?post=16708"}],"wp:featuredmedia":[{"embeddable":true,"href":"https:\/\/nordicmart.andreevmaster.com\/sv\/wp-json\/wp\/v2\/media\/44385"}],"wp:attachment":[{"href":"https:\/\/nordicmart.andreevmaster.com\/sv\/wp-json\/wp\/v2\/media?parent=16708"}],"wp:term":[{"taxonomy":"product_brand","embeddable":true,"href":"https:\/\/nordicmart.andreevmaster.com\/sv\/wp-json\/wp\/v2\/product_brand?post=16708"},{"taxonomy":"product_cat","embeddable":true,"href":"https:\/\/nordicmart.andreevmaster.com\/sv\/wp-json\/wp\/v2\/product_cat?post=16708"},{"taxonomy":"product_tag","embeddable":true,"href":"https:\/\/nordicmart.andreevmaster.com\/sv\/wp-json\/wp\/v2\/product_tag?post=16708"}],"curies":[{"name":"wp","href":"https:\/\/api.w.org\/{rel}","templated":true}]}}