{"id":16707,"date":"2026-02-27T00:31:51","date_gmt":"2026-02-27T00:31:51","guid":{"rendered":"https:\/\/nordicmart.andreevmaster.com\/product\/songmics-svavande-hyllor-3-pack-vita\/"},"modified":"2026-02-27T08:22:06","modified_gmt":"2026-02-27T08:22:06","slug":"songmics-svavande-hyllor-3-pack-vita","status":"publish","type":"product","link":"https:\/\/nordicmart.andreevmaster.com\/sv\/produkt\/songmics-svavande-hyllor-3-pack-vita\/","title":{"rendered":"SONGMICS sv\u00e4vande hyllor, 3-pack, vita"},"content":{"rendered":"<p>Produktdetaljer: &#8211; F\u00e4rg: Vit &#8211; Material: MDF (klass: E1) &#8211; F\u00f6rpackningsm\u00e5tt: 40 x 15,5 x 17 cm (B x H x D) &#8211; Storlek: 30 x 10 x 7 cm (B x H x D) 35 x 10 x 8 cm (B x H x D) 40 x 10 x 9 cm (B x H x D) &#8211; Vikt: 1,7 kg Leveransomfattning: &#8211; 3 x v\u00e4gghylla &#8211; 1 x beslagsp\u00e5se &#8211; 1 x bruksanvisning (DE, EN, FR, ES, IT) Anm\u00e4rkningar:  1. Hyllornas djup \u00e4r endast 10 cm. De \u00e4r d\u00e4rf\u00f6r inte l\u00e4mpliga f\u00f6r b\u00f6cker, CD-skivor eller andra stora f\u00f6rem\u00e5l. 2. F\u00f6r montering kr\u00e4vs en akku-skruvdragare, ett vattenpass och en hammare.<\/p>\n","protected":false},"excerpt":{"rendered":"<p>SONGMICS v\u00e4gghyllor, 3-pack, U-formade sv\u00e4vande hyllor, v\u00e4gghyllor av MDF, display, olika l\u00e4ngder, vit LWS40WT<\/p>\n","protected":false},"featured_media":44384,"comment_status":"open","ping_status":"closed","template":"","meta":[],"product_brand":[],"product_cat":[33],"product_tag":[],"class_list":{"0":"post-16707","1":"product","2":"type-product","3":"status-publish","4":"has-post-thumbnail","6":"product_cat-okategoriserad","8":"first","9":"instock","10":"shipping-taxable","11":"purchasable","12":"product-type-simple"},"_links":{"self":[{"href":"https:\/\/nordicmart.andreevmaster.com\/sv\/wp-json\/wp\/v2\/product\/16707","targetHints":{"allow":["GET"]}}],"collection":[{"href":"https:\/\/nordicmart.andreevmaster.com\/sv\/wp-json\/wp\/v2\/product"}],"about":[{"href":"https:\/\/nordicmart.andreevmaster.com\/sv\/wp-json\/wp\/v2\/types\/product"}],"replies":[{"embeddable":true,"href":"https:\/\/nordicmart.andreevmaster.com\/sv\/wp-json\/wp\/v2\/comments?post=16707"}],"wp:featuredmedia":[{"embeddable":true,"href":"https:\/\/nordicmart.andreevmaster.com\/sv\/wp-json\/wp\/v2\/media\/44384"}],"wp:attachment":[{"href":"https:\/\/nordicmart.andreevmaster.com\/sv\/wp-json\/wp\/v2\/media?parent=16707"}],"wp:term":[{"taxonomy":"product_brand","embeddable":true,"href":"https:\/\/nordicmart.andreevmaster.com\/sv\/wp-json\/wp\/v2\/product_brand?post=16707"},{"taxonomy":"product_cat","embeddable":true,"href":"https:\/\/nordicmart.andreevmaster.com\/sv\/wp-json\/wp\/v2\/product_cat?post=16707"},{"taxonomy":"product_tag","embeddable":true,"href":"https:\/\/nordicmart.andreevmaster.com\/sv\/wp-json\/wp\/v2\/product_tag?post=16707"}],"curies":[{"name":"wp","href":"https:\/\/api.w.org\/{rel}","templated":true}]}}