{"id":16706,"date":"2026-02-27T00:31:50","date_gmt":"2026-02-27T00:31:50","guid":{"rendered":"https:\/\/nordicmart.andreevmaster.com\/product\/songmics-svavande-hyllor-3-pack-svart\/"},"modified":"2026-02-27T08:22:06","modified_gmt":"2026-02-27T08:22:06","slug":"songmics-svavande-hyllor-3-pack-svart","status":"publish","type":"product","link":"https:\/\/nordicmart.andreevmaster.com\/sv\/produkt\/songmics-svavande-hyllor-3-pack-svart\/","title":{"rendered":"SONGMICS sv\u00e4vande hyllor, 3-pack, svart"},"content":{"rendered":"<p>Organisera din l\u00e4genhet p\u00e5 v\u00e4ggarna! V\u00e5ra l\u00e4genheter saknar ofta utrymme f\u00f6r alla v\u00e5ra saker. Denna vackra v\u00e4gghylla i 3-pack kommer att underl\u00e4tta ditt liv genom att erbjuda f\u00f6rvaringsutrymme f\u00f6r hela familjen och dekorera dina inomhusutrymmen. L\u00e4tt att montera, osynliga och mycket eleganta f\u00e4sten, tveka inte l\u00e4ngre att utrusta dina v\u00e4ggar med dem. Dessa 3 tr\u00e4hyllor g\u00f6r det m\u00f6jligt f\u00f6r dig att placera dina b\u00f6cker, dina dekorationsartiklar, dina pokaler, dina v\u00e4xter, dina DVD-skivor, CD-skivor etc. p\u00e5 den plats som passar dig b\u00e4st. Det \u00e4r perfekt f\u00f6r att skapa utrymme. Du kan montera det i vilket rum som helst.  V\u00e4nta inte l\u00e4ngre, skaffa denna mycket anv\u00e4ndbara hylla! V\u00e5r utm\u00e4rkta kundtj\u00e4nst st\u00e5r till ditt f\u00f6rfogande f\u00f6re och efter k\u00f6pet och svarar p\u00e5 dina fr\u00e5gor via e-post inom 24 timmar. V\u00e5r prioritet \u00e4r din fullst\u00e4ndiga tillfredsst\u00e4llelse. V\u00e4lj SONGMICS och vi garanterar att du kommer att bli n\u00f6jd! Produktdetaljer:&nbsp; &#8211;&nbsp;F\u00e4rg:&nbsp;svart&nbsp; &#8211;&nbsp;Material:&nbsp;MDF-skivor&nbsp;i&nbsp;klass&nbsp;E1&nbsp; &#8211;&nbsp;M\u00e5tt:&nbsp;40&nbsp;x&nbsp;9&nbsp;x&nbsp;10&nbsp;cmamp;nbsp;35&nbsp;x&nbsp;8&nbsp;x&nbsp;10&nbsp;cm&nbsp;30&nbsp;x&nbsp;7&nbsp;x&nbsp;10&nbsp;(B&nbsp;x&nbsp;H&nbsp;x&nbsp;T);&nbsp;Plattans tjocklek:&nbsp;1,5&nbsp;cm &#8211;&nbsp;Vikt:&nbsp;2,2&nbsp;kg &#8211;&nbsp;Max.&nbsp;B\u00e4rf\u00f6rm\u00e5ga:&nbsp;3&nbsp;kg;&nbsp;4&nbsp;kg;&nbsp;5&nbsp;kg Leveransomfattning: &#8211;&nbsp;3&nbsp;x&nbsp;flygande hyllor &#8211;&nbsp;6&nbsp;x&nbsp;expansionsskruvar &#8211;&nbsp;1&nbsp;x&nbsp;instruktioner&nbsp;(DE,&nbsp;EN,&nbsp;FR,&nbsp;ES,&nbsp;IT) SONGMICS&nbsp;Anm\u00e4rkningar: &#8211;&nbsp;F\u00f6r montering beh\u00f6ver du en borrmaskin, ett vattenpass och en tr\u00e4hammare.amp;nbsp;&nbsp; &#8211;&nbsp;Undvik&nbsp;alla&nbsp;slag&nbsp;under&nbsp;monteringen. &#8211;&nbsp;F\u00e4st&nbsp;denna&nbsp;produkt&nbsp;p\u00e5&nbsp;en&nbsp;betong-,&nbsp;l\u00e4ttbetong-&nbsp;eller&nbsp;tegelv\u00e4gg.&#038;Om du vill f\u00e4sta den p\u00e5 en gipsskiva m\u00e5ste duskaffa l\u00e4mpliga skruvar i en fackbutik.<\/p>\n","protected":false},"excerpt":{"rendered":"<p>SONGMICS v\u00e4gghyllor, 3-pack, U-formade sv\u00e4vande hyllor, v\u00e4gghyllor av MDF, display, olika l\u00e4ngder, vit LWS40WT<\/p>\n","protected":false},"featured_media":44383,"comment_status":"open","ping_status":"closed","template":"","meta":[],"product_brand":[],"product_cat":[33],"product_tag":[],"class_list":{"0":"post-16706","1":"product","2":"type-product","3":"status-publish","4":"has-post-thumbnail","6":"product_cat-okategoriserad","8":"first","9":"instock","10":"shipping-taxable","11":"purchasable","12":"product-type-simple"},"_links":{"self":[{"href":"https:\/\/nordicmart.andreevmaster.com\/sv\/wp-json\/wp\/v2\/product\/16706","targetHints":{"allow":["GET"]}}],"collection":[{"href":"https:\/\/nordicmart.andreevmaster.com\/sv\/wp-json\/wp\/v2\/product"}],"about":[{"href":"https:\/\/nordicmart.andreevmaster.com\/sv\/wp-json\/wp\/v2\/types\/product"}],"replies":[{"embeddable":true,"href":"https:\/\/nordicmart.andreevmaster.com\/sv\/wp-json\/wp\/v2\/comments?post=16706"}],"wp:featuredmedia":[{"embeddable":true,"href":"https:\/\/nordicmart.andreevmaster.com\/sv\/wp-json\/wp\/v2\/media\/44383"}],"wp:attachment":[{"href":"https:\/\/nordicmart.andreevmaster.com\/sv\/wp-json\/wp\/v2\/media?parent=16706"}],"wp:term":[{"taxonomy":"product_brand","embeddable":true,"href":"https:\/\/nordicmart.andreevmaster.com\/sv\/wp-json\/wp\/v2\/product_brand?post=16706"},{"taxonomy":"product_cat","embeddable":true,"href":"https:\/\/nordicmart.andreevmaster.com\/sv\/wp-json\/wp\/v2\/product_cat?post=16706"},{"taxonomy":"product_tag","embeddable":true,"href":"https:\/\/nordicmart.andreevmaster.com\/sv\/wp-json\/wp\/v2\/product_tag?post=16706"}],"curies":[{"name":"wp","href":"https:\/\/api.w.org\/{rel}","templated":true}]}}