{"id":16704,"date":"2026-02-27T00:31:50","date_gmt":"2026-02-27T00:31:50","guid":{"rendered":"https:\/\/nordicmart.andreevmaster.com\/product\/vasagle-3-u-formade-vagghyllor-i-tralook\/"},"modified":"2026-02-27T08:22:05","modified_gmt":"2026-02-27T08:22:05","slug":"vasagle-3-u-formade-vagghyllor-i-tralook","status":"publish","type":"product","link":"https:\/\/nordicmart.andreevmaster.com\/sv\/produkt\/vasagle-3-u-formade-vagghyllor-i-tralook\/","title":{"rendered":"VASAGLE 3 U-formade v\u00e4gghyllor i tr\u00e4look"},"content":{"rendered":"<p>F\u00f6r unikhet i ditt hem Dessa sv\u00e4vande hyllor ser unika och charmiga ut tack vare sin U-form och vintage-tr\u00e4utseende. Saknar du fortfarande ett blickf\u00e5ng i ditt rum? D\u00e5 \u00e4r dessa produkter precis vad du letar efter! Du kan h\u00e4nga upp dessa hyllor i ett rum eller anv\u00e4nda dem separat i olika rum \u2013 valet \u00e4r ditt! Olika storlekar f\u00f6r olika f\u00f6rem\u00e5l Detta set best\u00e5r av 3 v\u00e4gghyllor med en l\u00e4ngd p\u00e5 30 cm, 45 cm och 60 cm. Skaffa dessa produkter och ge dina fotoramar, dekorationsf\u00f6rem\u00e5l, b\u00f6cker etc. en stilfull f\u00f6rvaringsplats. Varje hylla t\u00e5l vikter upp till 15 kg om du monterar den p\u00e5 en massiv v\u00e4gg. Produktdetaljer: &#8211; F\u00e4rg: tr\u00e4imitation\/m\u00f6rkbrun &#8211; Material: sp\u00e5nskiva &#8211; Storlek p\u00e5 den lilla hyllan: 30 x 15 x 10 cm (L x B x H) &#8211; Storlek p\u00e5 den medelstora hyllan: 45 x 15 x 10 cm (L x B x H) &#8211; Storlek p\u00e5 det stora hyllan: 60 x 15 x 10 cm (L x B x H) &#8211; Vikt: 3,3 kg &#8211; Max. statisk belastningskapacitet per v\u00e4gghylla (vid montering p\u00e5 en massiv v\u00e4gg): 15 kg &#8211; Max. statisk belastningskapacitet per v\u00e4gghylla (vid montering p\u00e5 en gipsv\u00e4gg): 3\/4\/5 kg (liten, medelstor, stor)Leveransomfattning: &#8211; 3 x v\u00e4gghylla &#8211; 1 x beh\u00e5llare med tillbeh\u00f6r &#8211; 1 x bruksanvisning (DE, EN, FR, ES, IT)VASAGLE Anm\u00e4rkningar: &#8211; Vi rekommenderar att dessa hyllor monteras p\u00e5 en massiv v\u00e4gg f\u00f6r att uppn\u00e5 en belastningskapacitet p\u00e5 15 kg per hylla. Om de monteras p\u00e5 en gipsv\u00e4gg har dessa hyllor en belastningskapacitet p\u00e5 endast 3 kg, 4 kg respektive 5 kg. &#8211; Placera inte f\u00f6r tunga f\u00f6rem\u00e5l p\u00e5 dessa hyllor.<\/p>\n","protected":false},"excerpt":{"rendered":"<p>VASAGLE V\u00e4gghylla i U-form, 3-pack, flytande hylla i vintage-stil, v\u00e4ggmontering, f\u00f6r dekorationer, vardagsrum, sovrum och kontor, tr\u00e4optik, m\u00f6rkbrun LWS36BX<\/p>\n","protected":false},"featured_media":44381,"comment_status":"open","ping_status":"closed","template":"","meta":[],"product_brand":[],"product_cat":[33],"product_tag":[],"class_list":{"0":"post-16704","1":"product","2":"type-product","3":"status-publish","4":"has-post-thumbnail","6":"product_cat-okategoriserad","8":"first","9":"instock","10":"shipping-taxable","11":"purchasable","12":"product-type-simple"},"_links":{"self":[{"href":"https:\/\/nordicmart.andreevmaster.com\/sv\/wp-json\/wp\/v2\/product\/16704","targetHints":{"allow":["GET"]}}],"collection":[{"href":"https:\/\/nordicmart.andreevmaster.com\/sv\/wp-json\/wp\/v2\/product"}],"about":[{"href":"https:\/\/nordicmart.andreevmaster.com\/sv\/wp-json\/wp\/v2\/types\/product"}],"replies":[{"embeddable":true,"href":"https:\/\/nordicmart.andreevmaster.com\/sv\/wp-json\/wp\/v2\/comments?post=16704"}],"wp:featuredmedia":[{"embeddable":true,"href":"https:\/\/nordicmart.andreevmaster.com\/sv\/wp-json\/wp\/v2\/media\/44381"}],"wp:attachment":[{"href":"https:\/\/nordicmart.andreevmaster.com\/sv\/wp-json\/wp\/v2\/media?parent=16704"}],"wp:term":[{"taxonomy":"product_brand","embeddable":true,"href":"https:\/\/nordicmart.andreevmaster.com\/sv\/wp-json\/wp\/v2\/product_brand?post=16704"},{"taxonomy":"product_cat","embeddable":true,"href":"https:\/\/nordicmart.andreevmaster.com\/sv\/wp-json\/wp\/v2\/product_cat?post=16704"},{"taxonomy":"product_tag","embeddable":true,"href":"https:\/\/nordicmart.andreevmaster.com\/sv\/wp-json\/wp\/v2\/product_tag?post=16704"}],"curies":[{"name":"wp","href":"https:\/\/api.w.org\/{rel}","templated":true}]}}