{"id":16702,"date":"2026-02-27T00:31:49","date_gmt":"2026-02-27T00:31:49","guid":{"rendered":"https:\/\/nordicmart.andreevmaster.com\/product\/songmics-fyrkantiga-svavande-hyllor-3-pack\/"},"modified":"2026-02-27T08:22:04","modified_gmt":"2026-02-27T08:22:04","slug":"songmics-fyrkantiga-svavande-hyllor-3-pack","status":"publish","type":"product","link":"https:\/\/nordicmart.andreevmaster.com\/sv\/produkt\/songmics-fyrkantiga-svavande-hyllor-3-pack\/","title":{"rendered":"SONGMICS fyrkantiga sv\u00e4vande hyllor, 3-pack"},"content":{"rendered":"<p>Vill du inreda dina v\u00e4ggar efter din egen smak? D\u00e5 \u00e4r SONGMICS v\u00e4gghylla perfekt f\u00f6r dig. Hyllan kan inte bara ge dina v\u00e4ggar en personlig touch, utan ocks\u00e5 erbjuda extra f\u00f6rvaringsutrymme f\u00f6r optimal utnyttjande av utrymmet. Den h\u00e4ngande hyllan \u00e4r tillverkad av E1 MDF-skiva, \u00e4r mycket robust och har god formbest\u00e4ndighet och l\u00e5ng livsl\u00e4ngd. Den h\u00f6gblanka vita lackeringen f\u00f6renar modernitet och elegans, vilket g\u00f6r att den passar bra in i olika inredningsstilar. Du kan h\u00e4nga upp den sv\u00e4vande hyllan i vardagsrummet, hallen, sovrummet, arbetsrummet eller k\u00f6ket. Inred ditt rum med SONGMICS-hyllan f\u00f6r att understryka din eleganta smak. Produktdetaljer: &#8211; F\u00e4rg: vit &#8211; Material: MDF-skiva (klass: E1) &#8211; Produktm\u00e5tt: 30 x 15 x 30 cm (B x H x D) &#8211; Nettovikt: 5,2 kg &#8211; Bruttovikt: 6,0 kg Leveransomfattning: &#8211; 3 x v\u00e4gghylla &#8211; 1 x beslagsp\u00e5se &#8211; 1 x bruksanvisning (DE, EN, FR, ES, IT) SONGMICS Obs: &#8211; F\u00f6r montering kr\u00e4vs en akku-skruvdragare, ett vattenpass och en hammare.<\/p>\n","protected":false},"excerpt":{"rendered":"<p>SONGMICS v\u00e4gghylla Cube Regal 3-pack kubhyllor, sv\u00e4vande hylla, djup 15 cm, 30 26 22 cm, MDF vit LWS30WT<\/p>\n","protected":false},"featured_media":44379,"comment_status":"open","ping_status":"closed","template":"","meta":[],"product_brand":[],"product_cat":[33],"product_tag":[],"class_list":{"0":"post-16702","1":"product","2":"type-product","3":"status-publish","4":"has-post-thumbnail","6":"product_cat-okategoriserad","8":"first","9":"instock","10":"shipping-taxable","11":"purchasable","12":"product-type-simple"},"_links":{"self":[{"href":"https:\/\/nordicmart.andreevmaster.com\/sv\/wp-json\/wp\/v2\/product\/16702","targetHints":{"allow":["GET"]}}],"collection":[{"href":"https:\/\/nordicmart.andreevmaster.com\/sv\/wp-json\/wp\/v2\/product"}],"about":[{"href":"https:\/\/nordicmart.andreevmaster.com\/sv\/wp-json\/wp\/v2\/types\/product"}],"replies":[{"embeddable":true,"href":"https:\/\/nordicmart.andreevmaster.com\/sv\/wp-json\/wp\/v2\/comments?post=16702"}],"wp:featuredmedia":[{"embeddable":true,"href":"https:\/\/nordicmart.andreevmaster.com\/sv\/wp-json\/wp\/v2\/media\/44379"}],"wp:attachment":[{"href":"https:\/\/nordicmart.andreevmaster.com\/sv\/wp-json\/wp\/v2\/media?parent=16702"}],"wp:term":[{"taxonomy":"product_brand","embeddable":true,"href":"https:\/\/nordicmart.andreevmaster.com\/sv\/wp-json\/wp\/v2\/product_brand?post=16702"},{"taxonomy":"product_cat","embeddable":true,"href":"https:\/\/nordicmart.andreevmaster.com\/sv\/wp-json\/wp\/v2\/product_cat?post=16702"},{"taxonomy":"product_tag","embeddable":true,"href":"https:\/\/nordicmart.andreevmaster.com\/sv\/wp-json\/wp\/v2\/product_tag?post=16702"}],"curies":[{"name":"wp","href":"https:\/\/api.w.org\/{rel}","templated":true}]}}