{"id":16701,"date":"2026-02-27T00:31:48","date_gmt":"2026-02-27T00:31:48","guid":{"rendered":"https:\/\/nordicmart.andreevmaster.com\/product\/vasagle-vagghylla-80-cm-vit\/"},"modified":"2026-02-27T08:22:04","modified_gmt":"2026-02-27T08:22:04","slug":"vasagle-vagghylla-80-cm-vit","status":"publish","type":"product","link":"https:\/\/nordicmart.andreevmaster.com\/sv\/produkt\/vasagle-vagghylla-80-cm-vit\/","title":{"rendered":"VASAGLE v\u00e4gghylla 80 cm vit"},"content":{"rendered":"<p>Saknar du f\u00f6rvaringsutrymme p\u00e5 golvet? Titta upp\u00e5t! R\u00e4cker inte utrymmet p\u00e5 golvet f\u00f6r att st\u00e4lla en smal hylla d\u00e4r? S\u00e5 var ska du g\u00f6ra av dina dekorationsartiklar, fotoramar, samlingar eller kryddor? Titta upp p\u00e5 v\u00e4ggarna! Anv\u00e4nd den moderna vita flytande hyllan (80 x 20 x 3,8 cm L\/B\/H) i vardagsrummet f\u00f6r att visa upp dina familjefoton, i badrummet f\u00f6r att f\u00f6rvara tv\u00e5l och andra toalettartiklar eller i k\u00f6ket f\u00f6r att placera kryddor p\u00e5.H\u00e5ller dina saker stabilt p\u00e5 v\u00e4ggen Du kommer hem efter en l\u00e5ng arbetsdag och uppt\u00e4cker att din v\u00e4gghylla har fallit ner och alla dina fotoramar ligger p\u00e5 golvet \u2013 en hemsk tanke, eller hur? S\u00e4g adj\u00f6 till ostadiga v\u00e4gghyllor och skaffa v\u00e5r sv\u00e4vande hylla, som best\u00e5r av robusta MDF-skivor i klass E1 och en dold metallf\u00e4ste och som kan b\u00e4ra upp till 15 kg n\u00e4r den monteras p\u00e5 en massiv v\u00e4gg. Produktdetaljer: &#8211; F\u00e4rg: Vit &#8211; Material: MDF-skivor (klass E1), j\u00e4rn &#8211; M\u00e5tt: 80 x 20 x 3,8 cm (L x B x H) &#8211; Vikt: 2,3 kg &#8211; Max. belastningskapacitet (vid montering p\u00e5 massiv v\u00e4gg): 15 kg Leveransomfattning: &#8211; 1 x v\u00e4gghylla &#8211; 1 x tillbeh\u00f6rsp\u00e5se &#8211; 1 x bruksanvisning (DE, EN, FR, ES, IT) VASAGLE Anm\u00e4rkningar: &#8211; Montera hyllan enligt anvisningarna. &#8211; Vi rekommenderar starkt att hyllan monteras p\u00e5 en massiv v\u00e4gg. Om det \u00e4r en gipsv\u00e4gg m\u00e5ste du k\u00f6pa l\u00e4mpliga v\u00e4ggankare i fackhandeln. &#8211; Uts\u00e4tt inte produkten f\u00f6r intensivt solljus och placera den inte i en fuktig milj\u00f6.<\/p>\n","protected":false},"excerpt":{"rendered":"<p>VASAGLE V\u00e4gghylla, v\u00e4ggplatta 80 x 20 x 3,8 cm, sv\u00e4vande hylla H\u00e4ngande hylla f\u00f6r bilder, dekoration, MDF-tr\u00e4, vit LWS28WT<\/p>\n","protected":false},"featured_media":44378,"comment_status":"open","ping_status":"closed","template":"","meta":[],"product_brand":[],"product_cat":[33],"product_tag":[],"class_list":{"0":"post-16701","1":"product","2":"type-product","3":"status-publish","4":"has-post-thumbnail","6":"product_cat-okategoriserad","8":"first","9":"instock","10":"shipping-taxable","11":"purchasable","12":"product-type-simple"},"_links":{"self":[{"href":"https:\/\/nordicmart.andreevmaster.com\/sv\/wp-json\/wp\/v2\/product\/16701","targetHints":{"allow":["GET"]}}],"collection":[{"href":"https:\/\/nordicmart.andreevmaster.com\/sv\/wp-json\/wp\/v2\/product"}],"about":[{"href":"https:\/\/nordicmart.andreevmaster.com\/sv\/wp-json\/wp\/v2\/types\/product"}],"replies":[{"embeddable":true,"href":"https:\/\/nordicmart.andreevmaster.com\/sv\/wp-json\/wp\/v2\/comments?post=16701"}],"wp:featuredmedia":[{"embeddable":true,"href":"https:\/\/nordicmart.andreevmaster.com\/sv\/wp-json\/wp\/v2\/media\/44378"}],"wp:attachment":[{"href":"https:\/\/nordicmart.andreevmaster.com\/sv\/wp-json\/wp\/v2\/media?parent=16701"}],"wp:term":[{"taxonomy":"product_brand","embeddable":true,"href":"https:\/\/nordicmart.andreevmaster.com\/sv\/wp-json\/wp\/v2\/product_brand?post=16701"},{"taxonomy":"product_cat","embeddable":true,"href":"https:\/\/nordicmart.andreevmaster.com\/sv\/wp-json\/wp\/v2\/product_cat?post=16701"},{"taxonomy":"product_tag","embeddable":true,"href":"https:\/\/nordicmart.andreevmaster.com\/sv\/wp-json\/wp\/v2\/product_tag?post=16701"}],"curies":[{"name":"wp","href":"https:\/\/api.w.org\/{rel}","templated":true}]}}