{"id":16694,"date":"2026-02-27T00:31:46","date_gmt":"2026-02-27T00:31:46","guid":{"rendered":"https:\/\/nordicmart.andreevmaster.com\/product\/songmics-vagghyllor-3-pack\/"},"modified":"2026-02-27T08:22:02","modified_gmt":"2026-02-27T08:22:02","slug":"songmics-vagghyllor-3-pack","status":"publish","type":"product","link":"https:\/\/nordicmart.andreevmaster.com\/sv\/produkt\/songmics-vagghyllor-3-pack\/","title":{"rendered":"SONGMICS v\u00e4gghyllor, 3-pack"},"content":{"rendered":"<p>Produktdetaljer:F\u00e4rg: Vit-guld Material: MDF (medeldensitetsfiberplatta), st\u00e5l Storlek: (stor) 12,5 x 40 x 14,5 cm (D x B x H) (medel) 12,5 x 35 x 14,5 cm (D x B x H) (liten) 12,5 x 30 x 14,5 cm (D x B x H) Storlek p\u00e5 hyllan: (stor) 12,5 x 40 x 1,5 cm (D x B x H) (medel) 12,5 x 35 x 1,5 cm (D x B x H) (liten) 12,5 x 30 x 1,5 cm (D x B x H)Totalvikt: 1,7 kgMax. statisk belastningskapacitet per v\u00e4gghylla: 10 kgLeveransomfattning:3 x v\u00e4gghylla1 x tillbeh\u00f6rspaket1 x bruksanvisningSONGMICS Anm\u00e4rkningar:Av s\u00e4kerhetssk\u00e4l f\u00e5r barn inte kl\u00e4ttra p\u00e5 produkten eller leka med den.<\/p>\n","protected":false},"excerpt":{"rendered":"<p>SONGMICS v\u00e4gghylla, 3-pack, sv\u00e4vande hylla, metallram, modern stil, f\u00f6r vardagsrum, sovrum, k\u00f6k, vit-guld LWS105W10<\/p>\n","protected":false},"featured_media":44371,"comment_status":"open","ping_status":"closed","template":"","meta":[],"product_brand":[],"product_cat":[33],"product_tag":[],"class_list":{"0":"post-16694","1":"product","2":"type-product","3":"status-publish","4":"has-post-thumbnail","6":"product_cat-okategoriserad","8":"first","9":"instock","10":"shipping-taxable","11":"purchasable","12":"product-type-simple"},"_links":{"self":[{"href":"https:\/\/nordicmart.andreevmaster.com\/sv\/wp-json\/wp\/v2\/product\/16694","targetHints":{"allow":["GET"]}}],"collection":[{"href":"https:\/\/nordicmart.andreevmaster.com\/sv\/wp-json\/wp\/v2\/product"}],"about":[{"href":"https:\/\/nordicmart.andreevmaster.com\/sv\/wp-json\/wp\/v2\/types\/product"}],"replies":[{"embeddable":true,"href":"https:\/\/nordicmart.andreevmaster.com\/sv\/wp-json\/wp\/v2\/comments?post=16694"}],"wp:featuredmedia":[{"embeddable":true,"href":"https:\/\/nordicmart.andreevmaster.com\/sv\/wp-json\/wp\/v2\/media\/44371"}],"wp:attachment":[{"href":"https:\/\/nordicmart.andreevmaster.com\/sv\/wp-json\/wp\/v2\/media?parent=16694"}],"wp:term":[{"taxonomy":"product_brand","embeddable":true,"href":"https:\/\/nordicmart.andreevmaster.com\/sv\/wp-json\/wp\/v2\/product_brand?post=16694"},{"taxonomy":"product_cat","embeddable":true,"href":"https:\/\/nordicmart.andreevmaster.com\/sv\/wp-json\/wp\/v2\/product_cat?post=16694"},{"taxonomy":"product_tag","embeddable":true,"href":"https:\/\/nordicmart.andreevmaster.com\/sv\/wp-json\/wp\/v2\/product_tag?post=16694"}],"curies":[{"name":"wp","href":"https:\/\/api.w.org\/{rel}","templated":true}]}}