{"id":16692,"date":"2026-02-27T00:31:45","date_gmt":"2026-02-27T00:31:45","guid":{"rendered":"https:\/\/nordicmart.andreevmaster.com\/product\/songmics-geometriska-vagghyllor-3-pack-vita\/"},"modified":"2026-02-27T08:22:01","modified_gmt":"2026-02-27T08:22:01","slug":"songmics-geometriska-vagghyllor-3-pack-vita","status":"publish","type":"product","link":"https:\/\/nordicmart.andreevmaster.com\/sv\/produkt\/songmics-geometriska-vagghyllor-3-pack-vita\/","title":{"rendered":"SONGMICS Geometriska v\u00e4gghyllor, 3-pack, vita"},"content":{"rendered":"<p>Dessa vackra v\u00e4gghyllor i elegant retrostil \u00e4r praktiska och dekorativa f\u00f6rem\u00e5l i varje hem! Songmics hyllset best\u00e5r av MDF-skivor som \u00e4r tillverkade enligt emissionsklass E1. De \u00e4r fuktbest\u00e4ndiga, deformeras inte l\u00e4tt och har h\u00f6g belastningskapacitet. Efter noggrann slipning\/spackling appliceras lacken omsorgsfullt f\u00f6r hand flera g\u00e5nger, vilket ger en h\u00e5llbar, j\u00e4mn och glansig f\u00e4rg. Hyllorna kan monteras p\u00e5 nolltid och kan monteras b\u00e5de horisontellt och vertikalt. Med sin nya design och moderna stil \u00e4r hyllsetet den perfekta f\u00f6rvaringsytan f\u00f6r b\u00f6cker, CD-skivor och andra sm\u00e5saker. Som v\u00e4gghylla eller helt enkelt som frist\u00e5ende dekoration \u2013 det kubformade 3-i-1-setet \u00e4r ett absolut blickf\u00e5ng! Produktdetaljer:- Material: MDF-skivor (klass E1) med skivtjocklek 1,8 cm Ytterm\u00e5tt: &#8211; stort hyllsystem: 42,5 x 21,5 x 10 cm (B x H x D) &#8211; litet hyllsystem: 17,5 x 17,5 x 10 cm (B x H x D) (2 x ) Innerm\u00e5tt: &#8212; stort hyllplan: 39 x 18 x 10 cm (B x H x D)- litet hyllplan: 13,4 x 13,4 x 10 cm (B x H x D) (2 x )Leveransomfattning:- 1 x v\u00e4gghylla (1 stor hylla, 2 sm\u00e5 hyllor)- 1 set skruvar och pluggar f\u00f6r montering- 1 x bruksanvisning (DE, FR, EN, IT, ES)SONGMICS Obs!- F\u00f6r montering kr\u00e4vs en akku-skruvdragare, ett vattenpass och en hammare. &#8211; F\u00e4st produkten p\u00e5 en betongv\u00e4gg, l\u00e4ttbetongv\u00e4gg eller tegelv\u00e4gg. Om du vill f\u00e4sta produkten p\u00e5 en gipsskiva b\u00f6r du f\u00f6rst skaffa l\u00e4mpliga skruvar fr\u00e5n en fackhandel.<\/p>\n","protected":false},"excerpt":{"rendered":"<p>SONGMICS V\u00e4gghylla Kubhyllor 3-pack Cube Regal Bokhylla Belastbarhet 15 kg, Vit LWS102<\/p>\n","protected":false},"featured_media":44369,"comment_status":"open","ping_status":"closed","template":"","meta":[],"product_brand":[],"product_cat":[33],"product_tag":[],"class_list":{"0":"post-16692","1":"product","2":"type-product","3":"status-publish","4":"has-post-thumbnail","6":"product_cat-okategoriserad","8":"first","9":"instock","10":"shipping-taxable","11":"purchasable","12":"product-type-simple"},"_links":{"self":[{"href":"https:\/\/nordicmart.andreevmaster.com\/sv\/wp-json\/wp\/v2\/product\/16692","targetHints":{"allow":["GET"]}}],"collection":[{"href":"https:\/\/nordicmart.andreevmaster.com\/sv\/wp-json\/wp\/v2\/product"}],"about":[{"href":"https:\/\/nordicmart.andreevmaster.com\/sv\/wp-json\/wp\/v2\/types\/product"}],"replies":[{"embeddable":true,"href":"https:\/\/nordicmart.andreevmaster.com\/sv\/wp-json\/wp\/v2\/comments?post=16692"}],"wp:featuredmedia":[{"embeddable":true,"href":"https:\/\/nordicmart.andreevmaster.com\/sv\/wp-json\/wp\/v2\/media\/44369"}],"wp:attachment":[{"href":"https:\/\/nordicmart.andreevmaster.com\/sv\/wp-json\/wp\/v2\/media?parent=16692"}],"wp:term":[{"taxonomy":"product_brand","embeddable":true,"href":"https:\/\/nordicmart.andreevmaster.com\/sv\/wp-json\/wp\/v2\/product_brand?post=16692"},{"taxonomy":"product_cat","embeddable":true,"href":"https:\/\/nordicmart.andreevmaster.com\/sv\/wp-json\/wp\/v2\/product_cat?post=16692"},{"taxonomy":"product_tag","embeddable":true,"href":"https:\/\/nordicmart.andreevmaster.com\/sv\/wp-json\/wp\/v2\/product_tag?post=16692"}],"curies":[{"name":"wp","href":"https:\/\/api.w.org\/{rel}","templated":true}]}}