{"id":16689,"date":"2026-02-27T00:31:44","date_gmt":"2026-02-27T00:31:44","guid":{"rendered":"https:\/\/nordicmart.andreevmaster.com\/product\/songmics-3-pack-svavande-hyllor-80-cm-breda-vita\/"},"modified":"2026-02-27T08:22:00","modified_gmt":"2026-02-27T08:22:00","slug":"songmics-3-pack-svavande-hyllor-80-cm-breda-vita","status":"publish","type":"product","link":"https:\/\/nordicmart.andreevmaster.com\/sv\/produkt\/songmics-3-pack-svavande-hyllor-80-cm-breda-vita\/","title":{"rendered":"SONGMICS 3-pack sv\u00e4vande hyllor 80 cm breda, vita"},"content":{"rendered":"<p>SONGMICS V\u00e4gghylla 3-pack Flygande hyllor f\u00f6r fotoramar och b\u00f6cker, 38 x 10 cm, modern hylla, vit LWS38WT<br \/>\nDekorativt: Den vita h\u00f6gblanka ytan ger en dekorativ touch.<br \/>\nFlexibel kombinerbar: Hyllorna kan kombineras fritt f\u00f6r att ge dina tomma v\u00e4ggar karakt\u00e4r.<br \/>\nRobust och t\u00e5lig: K\u00f6kshyllorna \u00e4r tillverkade av h\u00f6gkvalitativa MDF-skivor och t\u00e5l en vikt p\u00e5 upp till 15 kg vardera.<br \/>\nSkydd mot att glida ner: Den upph\u00f6jda framkanten skyddar dina tavelramar fr\u00e5n att glida ner.<br \/>\nMed skruvskydd: Tack vare skydden f\u00f6r skruvh\u00e5len p\u00e5verkas inte hyllornas dekorativa effekt.<br \/>\nPlatsbesparande: De sv\u00e4vande hyllorna tar ingen golvyta i anspr\u00e5k och utnyttjar v\u00e4ggytan optimalt f\u00f6r att skapa extra f\u00f6rvaringsutrymme.<br \/>\nEnkla att montera: Badrumshyllorna \u00e4r l\u00e4tta att montera p\u00e5 v\u00e4ggen tack vare de medf\u00f6ljande skruvarna.<br \/>\nM\u00e5ngsidiga: Hyllorna passar perfekt i vardagsrummet, hemmakontoret, badrummet eller k\u00f6ket. P<br \/>\nProduktdetaljer:<br \/>\nF\u00e4rg: Vit<br \/>\nMaterial: MDF (medeldensitetsfiberplatta)<br \/>\nStorlek per hylla: 10 x 80 x 5\/2 cm (D x B x H)<br \/>\nTotalvikt: 3,6 kg<br \/>\nMax. statisk belastningskapacitet per hylla: 15 kg<\/p>\n","protected":false},"excerpt":{"rendered":"<p>SONGMICS V\u00e4gghylla 3-pack Flygande hyllor f\u00f6r fotoramar och b\u00f6cker, 38 x 10 cm, modern hylla, vit LWS38WT<\/p>\n","protected":false},"featured_media":44366,"comment_status":"open","ping_status":"closed","template":"","meta":[],"product_brand":[],"product_cat":[33],"product_tag":[],"class_list":{"0":"post-16689","1":"product","2":"type-product","3":"status-publish","4":"has-post-thumbnail","6":"product_cat-okategoriserad","8":"first","9":"instock","10":"shipping-taxable","11":"purchasable","12":"product-type-simple"},"_links":{"self":[{"href":"https:\/\/nordicmart.andreevmaster.com\/sv\/wp-json\/wp\/v2\/product\/16689","targetHints":{"allow":["GET"]}}],"collection":[{"href":"https:\/\/nordicmart.andreevmaster.com\/sv\/wp-json\/wp\/v2\/product"}],"about":[{"href":"https:\/\/nordicmart.andreevmaster.com\/sv\/wp-json\/wp\/v2\/types\/product"}],"replies":[{"embeddable":true,"href":"https:\/\/nordicmart.andreevmaster.com\/sv\/wp-json\/wp\/v2\/comments?post=16689"}],"wp:featuredmedia":[{"embeddable":true,"href":"https:\/\/nordicmart.andreevmaster.com\/sv\/wp-json\/wp\/v2\/media\/44366"}],"wp:attachment":[{"href":"https:\/\/nordicmart.andreevmaster.com\/sv\/wp-json\/wp\/v2\/media?parent=16689"}],"wp:term":[{"taxonomy":"product_brand","embeddable":true,"href":"https:\/\/nordicmart.andreevmaster.com\/sv\/wp-json\/wp\/v2\/product_brand?post=16689"},{"taxonomy":"product_cat","embeddable":true,"href":"https:\/\/nordicmart.andreevmaster.com\/sv\/wp-json\/wp\/v2\/product_cat?post=16689"},{"taxonomy":"product_tag","embeddable":true,"href":"https:\/\/nordicmart.andreevmaster.com\/sv\/wp-json\/wp\/v2\/product_tag?post=16689"}],"curies":[{"name":"wp","href":"https:\/\/api.w.org\/{rel}","templated":true}]}}