{"id":16686,"date":"2026-02-27T00:31:43","date_gmt":"2026-02-27T00:31:43","guid":{"rendered":"https:\/\/nordicmart.andreevmaster.com\/product\/songmics-u-formade-hyllplan-3-pack-vita\/"},"modified":"2026-02-27T08:22:00","modified_gmt":"2026-02-27T08:22:00","slug":"songmics-u-formade-hyllplan-3-pack-vita","status":"publish","type":"product","link":"https:\/\/nordicmart.andreevmaster.com\/sv\/produkt\/songmics-u-formade-hyllplan-3-pack-vita\/","title":{"rendered":"SONGMICS U-formade hyllplan, 3-pack, vita"},"content":{"rendered":"<p>Organisera din bostad p\u00e5 v\u00e4ggarna! V\u00e5ra bost\u00e4der saknar ofta utrymme f\u00f6r alla v\u00e5ra saker. Denna vackra v\u00e4gghylla i 3-pack kommer att underl\u00e4tta ditt liv genom att erbjuda f\u00f6rvaringsutrymme f\u00f6r hela familjen och dekorera dina inomhusutrymmen. L\u00e4tt att montera, osynliga och mycket eleganta f\u00e4sten, tveka inte l\u00e4ngre att utrusta dina v\u00e4ggar med dem. Dessa 3 tr\u00e4hyllor g\u00f6r det m\u00f6jligt f\u00f6r dig att placera dina b\u00f6cker, dina dekorationsartiklar, dina pokaler, dina v\u00e4xter, dina DVD-skivor, CD-skivor etc. p\u00e5 den plats som passar dig b\u00e4st. Det \u00e4r perfekt f\u00f6r att skapa utrymme. Du kan montera det i vilket rum som helst.  V\u00e4nta inte l\u00e4ngre, skaffa denna mycket anv\u00e4ndbara hylla! V\u00e5r utm\u00e4rkta kundtj\u00e4nst st\u00e5r till ditt f\u00f6rfogande f\u00f6re och efter k\u00f6pet och svarar p\u00e5 dina fr\u00e5gor via e-post inom 24 timmar. V\u00e5r prioritet \u00e4r din fullst\u00e4ndiga tillfredsst\u00e4llelse. V\u00e4lj SONGMICS  och vi garanterar att du kommer att bli n\u00f6jd! Produktdetaljer:  &#8211; F\u00e4rg: vit  &#8211; Material: MDF-skivor av klass E1  &#8211; M\u00e5tt: 60 x 10 x 15 cm; 45 x 10 x 15 cm; 30 x 10 x 15 (B x H x D); Skivtjocklek: 1,8 cm &#8211; Vikt: 4,3 kg &#8211; Max. b\u00e4rf\u00f6rm\u00e5ga: 15 kg Leveransomfattning: &#8211; 3 x sv\u00e4vande hyllor &#8211; 6 x expansionsskruvar &#8211; 1 x bruksanvisning (DE, EN, FR, ES, IT)   SONGMICS Anm\u00e4rkningar: &#8211; F\u00f6r montering beh\u00f6ver du en borrmaskin, ett vattenpass och en tr\u00e4hammare .   &#8211; Undvik alla slag under monteringen. &#8211; F\u00e4st denna produkt p\u00e5 en betong-, l\u00e4ttbetong- eller tegelv\u00e4gg. Om du vill f\u00e4sta den p\u00e5 en gipsskiva m\u00e5ste du f\u00f6rst skaffa l\u00e4mpliga skruvar i en fackhandel.<\/p>\n","protected":false},"excerpt":{"rendered":"<p>SONGMICS V\u00e4gghylla i 3-pack Flygande hyllor H\u00e4ngande hylla Bokhylla, Djup 15 cm, 60 45 30 cm, Vit U-form MDF Retro V\u00e4gghylla LWS06WT<\/p>\n","protected":false},"featured_media":44363,"comment_status":"open","ping_status":"closed","template":"","meta":[],"product_brand":[],"product_cat":[33],"product_tag":[],"class_list":{"0":"post-16686","1":"product","2":"type-product","3":"status-publish","4":"has-post-thumbnail","6":"product_cat-okategoriserad","8":"first","9":"instock","10":"shipping-taxable","11":"purchasable","12":"product-type-simple"},"_links":{"self":[{"href":"https:\/\/nordicmart.andreevmaster.com\/sv\/wp-json\/wp\/v2\/product\/16686","targetHints":{"allow":["GET"]}}],"collection":[{"href":"https:\/\/nordicmart.andreevmaster.com\/sv\/wp-json\/wp\/v2\/product"}],"about":[{"href":"https:\/\/nordicmart.andreevmaster.com\/sv\/wp-json\/wp\/v2\/types\/product"}],"replies":[{"embeddable":true,"href":"https:\/\/nordicmart.andreevmaster.com\/sv\/wp-json\/wp\/v2\/comments?post=16686"}],"wp:featuredmedia":[{"embeddable":true,"href":"https:\/\/nordicmart.andreevmaster.com\/sv\/wp-json\/wp\/v2\/media\/44363"}],"wp:attachment":[{"href":"https:\/\/nordicmart.andreevmaster.com\/sv\/wp-json\/wp\/v2\/media?parent=16686"}],"wp:term":[{"taxonomy":"product_brand","embeddable":true,"href":"https:\/\/nordicmart.andreevmaster.com\/sv\/wp-json\/wp\/v2\/product_brand?post=16686"},{"taxonomy":"product_cat","embeddable":true,"href":"https:\/\/nordicmart.andreevmaster.com\/sv\/wp-json\/wp\/v2\/product_cat?post=16686"},{"taxonomy":"product_tag","embeddable":true,"href":"https:\/\/nordicmart.andreevmaster.com\/sv\/wp-json\/wp\/v2\/product_tag?post=16686"}],"curies":[{"name":"wp","href":"https:\/\/api.w.org\/{rel}","templated":true}]}}