{"id":16685,"date":"2026-02-27T00:31:43","date_gmt":"2026-02-27T00:31:43","guid":{"rendered":"https:\/\/nordicmart.andreevmaster.com\/product\/songmics-vagghylla-3-pack\/"},"modified":"2026-02-27T08:21:59","modified_gmt":"2026-02-27T08:21:59","slug":"songmics-vagghylla-3-pack","status":"publish","type":"product","link":"https:\/\/nordicmart.andreevmaster.com\/sv\/produkt\/songmics-vagghylla-3-pack\/","title":{"rendered":"SONGMICS v\u00e4gghylla, 3-pack"},"content":{"rendered":"<p>Mer f\u00f6rvaringsutrymme, mer elegans<br \/>\nSkaffa dessa 3 v\u00e4gghyllor (l\u00e4ngd 40, 50, 60 cm och djup 15 cm), som kombinerar den eleganta bruna f\u00e4rgen p\u00e5 hyllan och den tidl\u00f6sa svarta f\u00e4rgen p\u00e5 metalltr\u00e5darna f\u00f6r att ge ditt hem en touch av elegans och samtidigt skapa mer f\u00f6rvaringsutrymme. Oroa dig inte, de kommer inte att stj\u00e4la showen fr\u00e5n dina dekorationer, utan lyfta fram dem p\u00e5 ett stilfullt s\u00e4tt.<\/p>\n<p>Dina rum kr\u00e4ver en viss kvalitet<br \/>\nDessa flytande hyllor \u00e4r tillverkade av h\u00f6gkvalitativa MDF-skivor (klass E1) och robusta metalltr\u00e5dar, vilket g\u00f6r dem h\u00e5llbara s\u00e5 att du kan njuta av dem i m\u00e5nga \u00e5r. Dessutom kan de enkelt integreras \u00f6verallt, till exempel i vardagsrummet, arbetsrummet eller hallen. \u00c4ntligen hittar dina fotoramar, souvenirer, kontorsartiklar eller andra dekorationsf\u00f6rem\u00e5l en l\u00e4mplig plats!<\/p>\n<p>Letar du efter en robust och stilfull v\u00e4gghylla? D\u00e5 \u00e4r denna produkt fr\u00e5n SONGMICS precis r\u00e4tt f\u00f6r dig! Produktdetaljer:<br \/>\n&#8211; F\u00e4rg: brun<br \/>\n&#8211; Material: MDF (medeldensitetsfiberplatta), metalltr\u00e5d<br \/>\n&#8211; Totalstorlek: 40\/50\/60 x 15 x 16 cm (L x B x H)<br \/>\n&#8211; Totalvikt: 2,8 kg<br \/>\n&#8211; Max. statisk belastningskapacitet per hylla: 10 kg<\/p>\n<p>Leveransomfattning:<br \/>\n&#8211; 3 x v\u00e4gghylla<br \/>\n&#8211; 1 x p\u00e5se med tillbeh\u00f6r<br \/>\n&#8211; 1 x bruksanvisning (DE, EN, FR, ES, IT)<\/p>\n","protected":false},"excerpt":{"rendered":"<p>SONGMICS v\u00e4gghylla, 3-pack, sv\u00e4vande hylla, dekorativa hyllor, f\u00f6r sovrum, vardagsrum, k\u00f6k och hall, varje hylla t\u00e5l upp till 10 kg, olika l\u00e4ngder 40\/50\/60 cm, brun LWS068N01<\/p>\n","protected":false},"featured_media":44362,"comment_status":"open","ping_status":"closed","template":"","meta":[],"product_brand":[],"product_cat":[33],"product_tag":[],"class_list":{"0":"post-16685","1":"product","2":"type-product","3":"status-publish","4":"has-post-thumbnail","6":"product_cat-okategoriserad","8":"first","9":"instock","10":"shipping-taxable","11":"purchasable","12":"product-type-simple"},"_links":{"self":[{"href":"https:\/\/nordicmart.andreevmaster.com\/sv\/wp-json\/wp\/v2\/product\/16685","targetHints":{"allow":["GET"]}}],"collection":[{"href":"https:\/\/nordicmart.andreevmaster.com\/sv\/wp-json\/wp\/v2\/product"}],"about":[{"href":"https:\/\/nordicmart.andreevmaster.com\/sv\/wp-json\/wp\/v2\/types\/product"}],"replies":[{"embeddable":true,"href":"https:\/\/nordicmart.andreevmaster.com\/sv\/wp-json\/wp\/v2\/comments?post=16685"}],"wp:featuredmedia":[{"embeddable":true,"href":"https:\/\/nordicmart.andreevmaster.com\/sv\/wp-json\/wp\/v2\/media\/44362"}],"wp:attachment":[{"href":"https:\/\/nordicmart.andreevmaster.com\/sv\/wp-json\/wp\/v2\/media?parent=16685"}],"wp:term":[{"taxonomy":"product_brand","embeddable":true,"href":"https:\/\/nordicmart.andreevmaster.com\/sv\/wp-json\/wp\/v2\/product_brand?post=16685"},{"taxonomy":"product_cat","embeddable":true,"href":"https:\/\/nordicmart.andreevmaster.com\/sv\/wp-json\/wp\/v2\/product_cat?post=16685"},{"taxonomy":"product_tag","embeddable":true,"href":"https:\/\/nordicmart.andreevmaster.com\/sv\/wp-json\/wp\/v2\/product_tag?post=16685"}],"curies":[{"name":"wp","href":"https:\/\/api.w.org\/{rel}","templated":true}]}}