{"id":16684,"date":"2026-02-27T00:31:43","date_gmt":"2026-02-27T00:31:43","guid":{"rendered":"https:\/\/nordicmart.andreevmaster.com\/product\/songmics-vagghylla-3-pack-30-45-60-cm-for-vaggmontering\/"},"modified":"2026-02-27T08:21:59","modified_gmt":"2026-02-27T08:21:59","slug":"songmics-vagghylla-3-pack-30-45-60-cm-for-vaggmontering","status":"publish","type":"product","link":"https:\/\/nordicmart.andreevmaster.com\/sv\/produkt\/songmics-vagghylla-3-pack-30-45-60-cm-for-vaggmontering\/","title":{"rendered":"SONGMICS V\u00e4gghylla 3-pack 30\/45\/60 cm f\u00f6r v\u00e4ggmontering"},"content":{"rendered":"<p>SONGMICS v\u00e4gghylla, 3-pack, sv\u00e4vande hylla, 30\/45\/60 cm, hylla f\u00f6r v\u00e4ggmontering, belastningskapacitet upp till 10 kg, f\u00f6r vardagsrum, arbetsrum, badrum, k\u00f6k, vintagebrun LWS066T01<br \/>\nF\u00e4rg: brun<br \/>\nMaterial: sp\u00e5nskiva<br \/>\nStorlek:<br \/>\nM\u00e5tt p\u00e5 det lilla hyllan: 15 x 30 x 10 cm (D x B x H)<br \/>\nM\u00e5tt p\u00e5 det medelstora hyllan: 15 x 45 x 10 cm (D x B x H)<br \/>\nM\u00e5tt p\u00e5 det stora hyllan: 15 x 60 x 10 cm (D x B x H)<br \/>\nTotalvikt: 3,7 kg<br \/>\nMax. statisk belastningskapacitet per k\u00f6kshylla: 10 kg<\/p>\n","protected":false},"excerpt":{"rendered":"<p>SONGMICS v\u00e4gghylla, 3-pack, sv\u00e4vande hylla, 30\/45\/60 cm, hylla f\u00f6r v\u00e4ggmontering, belastningskapacitet upp till 10 kg, f\u00f6r vardagsrum, arbetsrum, badrum, k\u00f6k, vintagebrun LWS066T01<\/p>\n","protected":false},"featured_media":44361,"comment_status":"open","ping_status":"closed","template":"","meta":[],"product_brand":[],"product_cat":[33],"product_tag":[],"class_list":{"0":"post-16684","1":"product","2":"type-product","3":"status-publish","4":"has-post-thumbnail","6":"product_cat-okategoriserad","8":"first","9":"instock","10":"shipping-taxable","11":"purchasable","12":"product-type-simple"},"_links":{"self":[{"href":"https:\/\/nordicmart.andreevmaster.com\/sv\/wp-json\/wp\/v2\/product\/16684","targetHints":{"allow":["GET"]}}],"collection":[{"href":"https:\/\/nordicmart.andreevmaster.com\/sv\/wp-json\/wp\/v2\/product"}],"about":[{"href":"https:\/\/nordicmart.andreevmaster.com\/sv\/wp-json\/wp\/v2\/types\/product"}],"replies":[{"embeddable":true,"href":"https:\/\/nordicmart.andreevmaster.com\/sv\/wp-json\/wp\/v2\/comments?post=16684"}],"wp:featuredmedia":[{"embeddable":true,"href":"https:\/\/nordicmart.andreevmaster.com\/sv\/wp-json\/wp\/v2\/media\/44361"}],"wp:attachment":[{"href":"https:\/\/nordicmart.andreevmaster.com\/sv\/wp-json\/wp\/v2\/media?parent=16684"}],"wp:term":[{"taxonomy":"product_brand","embeddable":true,"href":"https:\/\/nordicmart.andreevmaster.com\/sv\/wp-json\/wp\/v2\/product_brand?post=16684"},{"taxonomy":"product_cat","embeddable":true,"href":"https:\/\/nordicmart.andreevmaster.com\/sv\/wp-json\/wp\/v2\/product_cat?post=16684"},{"taxonomy":"product_tag","embeddable":true,"href":"https:\/\/nordicmart.andreevmaster.com\/sv\/wp-json\/wp\/v2\/product_tag?post=16684"}],"curies":[{"name":"wp","href":"https:\/\/api.w.org\/{rel}","templated":true}]}}