{"id":16682,"date":"2026-02-27T00:31:42","date_gmt":"2026-02-27T00:31:42","guid":{"rendered":"https:\/\/nordicmart.andreevmaster.com\/product\/songmics-3-pack-vagghyllor-60-cm-breda-vita\/"},"modified":"2026-02-27T08:21:58","modified_gmt":"2026-02-27T08:21:58","slug":"songmics-3-pack-vagghyllor-60-cm-breda-vita","status":"publish","type":"product","link":"https:\/\/nordicmart.andreevmaster.com\/sv\/produkt\/songmics-3-pack-vagghyllor-60-cm-breda-vita\/","title":{"rendered":"SONGMICS 3-pack v\u00e4gghyllor 60 cm breda vita"},"content":{"rendered":"<p>SONGMICS V\u00e4gghylla 3-pack Flygande hyllor f\u00f6r fotoramar och b\u00f6cker, 38 x 10 cm, modern hylla, vit LWS38WT<br \/>\nF\u00e4rg: Vit<br \/>\nMaterial: MDF (medeldensitetsfiberplatta)<br \/>\nStorlek per hylla: 10 x 60 x 5\/2 cm (D x B x H)<br \/>\nTotalvikt: 2,6 kg<br \/>\nMax. statisk belastningskapacitet per hylla: 15 kg<\/p>\n","protected":false},"excerpt":{"rendered":"<p>SONGMICS V\u00e4gghylla 3-pack Flygande hyllor f\u00f6r fotoramar och b\u00f6cker, 38 x 10 cm, modern hylla, vit LWS38WT<\/p>\n","protected":false},"featured_media":44359,"comment_status":"open","ping_status":"closed","template":"","meta":[],"product_brand":[],"product_cat":[33],"product_tag":[],"class_list":{"0":"post-16682","1":"product","2":"type-product","3":"status-publish","4":"has-post-thumbnail","6":"product_cat-okategoriserad","8":"first","9":"instock","10":"shipping-taxable","11":"purchasable","12":"product-type-simple"},"_links":{"self":[{"href":"https:\/\/nordicmart.andreevmaster.com\/sv\/wp-json\/wp\/v2\/product\/16682","targetHints":{"allow":["GET"]}}],"collection":[{"href":"https:\/\/nordicmart.andreevmaster.com\/sv\/wp-json\/wp\/v2\/product"}],"about":[{"href":"https:\/\/nordicmart.andreevmaster.com\/sv\/wp-json\/wp\/v2\/types\/product"}],"replies":[{"embeddable":true,"href":"https:\/\/nordicmart.andreevmaster.com\/sv\/wp-json\/wp\/v2\/comments?post=16682"}],"wp:featuredmedia":[{"embeddable":true,"href":"https:\/\/nordicmart.andreevmaster.com\/sv\/wp-json\/wp\/v2\/media\/44359"}],"wp:attachment":[{"href":"https:\/\/nordicmart.andreevmaster.com\/sv\/wp-json\/wp\/v2\/media?parent=16682"}],"wp:term":[{"taxonomy":"product_brand","embeddable":true,"href":"https:\/\/nordicmart.andreevmaster.com\/sv\/wp-json\/wp\/v2\/product_brand?post=16682"},{"taxonomy":"product_cat","embeddable":true,"href":"https:\/\/nordicmart.andreevmaster.com\/sv\/wp-json\/wp\/v2\/product_cat?post=16682"},{"taxonomy":"product_tag","embeddable":true,"href":"https:\/\/nordicmart.andreevmaster.com\/sv\/wp-json\/wp\/v2\/product_tag?post=16682"}],"curies":[{"name":"wp","href":"https:\/\/api.w.org\/{rel}","templated":true}]}}