{"id":16680,"date":"2026-02-27T00:31:42","date_gmt":"2026-02-27T00:31:42","guid":{"rendered":"https:\/\/nordicmart.andreevmaster.com\/product\/vasagle-vagghyllor-i-industriell-stil-3-pack\/"},"modified":"2026-02-27T08:21:58","modified_gmt":"2026-02-27T08:21:58","slug":"vasagle-vagghyllor-i-industriell-stil-3-pack","status":"publish","type":"product","link":"https:\/\/nordicmart.andreevmaster.com\/sv\/produkt\/vasagle-vagghyllor-i-industriell-stil-3-pack\/","title":{"rendered":"VASAGLE V\u00e4gghyllor i industriell stil, 3-pack"},"content":{"rendered":"<p>VASAGLE V\u00e4gghyllor, flytande hyllor, 3-pack, v\u00e4ggmontering, stabila hyllor, f\u00f6r vardagsrum, badrum, k\u00f6k, industriell design, vintagebrun-svart LWS33BX<br \/>\nF\u00e4rg: Vintagebrun-matt svart<br \/>\nMaterial: Sp\u00e5nskiva, st\u00e5l<br \/>\nStorlek p\u00e5 det lilla hyllan: 12,7 x 40 x 11,2 cm (D x B x H)<br \/>\nStorlek p\u00e5 det medelstora hyllan: 12,7 x 50 x 11,2 cm (D x B x H)<br \/>\nStorlek p\u00e5 det stora hyllan: 12,7 x 60 x 11,2 cm (D x B x H)<br \/>\nTotalvikt: 2,5 kg<br \/>\nMax. statisk belastningskapacitet per v\u00e4gghylla: 10 kg<\/p>\n","protected":false},"excerpt":{"rendered":"<p>VASAGLE V\u00e4gghyllor, flytande hyllor, 3-pack, v\u00e4ggmontering, stabila hyllor, f\u00f6r vardagsrum, badrum, k\u00f6k, industriell design, vintagebrun-svart LWS33BX<\/p>\n","protected":false},"featured_media":44357,"comment_status":"open","ping_status":"closed","template":"","meta":[],"product_brand":[],"product_cat":[33],"product_tag":[],"class_list":{"0":"post-16680","1":"product","2":"type-product","3":"status-publish","4":"has-post-thumbnail","6":"product_cat-okategoriserad","8":"first","9":"instock","10":"shipping-taxable","11":"purchasable","12":"product-type-simple"},"_links":{"self":[{"href":"https:\/\/nordicmart.andreevmaster.com\/sv\/wp-json\/wp\/v2\/product\/16680","targetHints":{"allow":["GET"]}}],"collection":[{"href":"https:\/\/nordicmart.andreevmaster.com\/sv\/wp-json\/wp\/v2\/product"}],"about":[{"href":"https:\/\/nordicmart.andreevmaster.com\/sv\/wp-json\/wp\/v2\/types\/product"}],"replies":[{"embeddable":true,"href":"https:\/\/nordicmart.andreevmaster.com\/sv\/wp-json\/wp\/v2\/comments?post=16680"}],"wp:featuredmedia":[{"embeddable":true,"href":"https:\/\/nordicmart.andreevmaster.com\/sv\/wp-json\/wp\/v2\/media\/44357"}],"wp:attachment":[{"href":"https:\/\/nordicmart.andreevmaster.com\/sv\/wp-json\/wp\/v2\/media?parent=16680"}],"wp:term":[{"taxonomy":"product_brand","embeddable":true,"href":"https:\/\/nordicmart.andreevmaster.com\/sv\/wp-json\/wp\/v2\/product_brand?post=16680"},{"taxonomy":"product_cat","embeddable":true,"href":"https:\/\/nordicmart.andreevmaster.com\/sv\/wp-json\/wp\/v2\/product_cat?post=16680"},{"taxonomy":"product_tag","embeddable":true,"href":"https:\/\/nordicmart.andreevmaster.com\/sv\/wp-json\/wp\/v2\/product_tag?post=16680"}],"curies":[{"name":"wp","href":"https:\/\/api.w.org\/{rel}","templated":true}]}}