{"id":16679,"date":"2026-02-27T00:31:41","date_gmt":"2026-02-27T00:31:41","guid":{"rendered":"https:\/\/nordicmart.andreevmaster.com\/product\/vasagle-vagghyllset-med-tva-monteringsalternativ\/"},"modified":"2026-02-27T08:21:58","modified_gmt":"2026-02-27T08:21:58","slug":"vasagle-vagghyllset-med-tva-monteringsalternativ","status":"publish","type":"product","link":"https:\/\/nordicmart.andreevmaster.com\/sv\/produkt\/vasagle-vagghyllset-med-tva-monteringsalternativ\/","title":{"rendered":"VASAGLE V\u00e4gghyllset med tv\u00e5 monteringsalternativ"},"content":{"rendered":"<p>VASAGLE v\u00e4gghylla, sv\u00e4vande hylla, 2-pack, hyllplan, 2 monteringsalternativ, 40 cm, f\u00f6r vardagsrum, k\u00f6k, arbetsrum, badrum, vintagebrun-matt svart LWS042K01<br \/>\nF\u00e4rg: Vintagebrun-matt svart<br \/>\nMaterial: sp\u00e5nskiva, st\u00e5l<br \/>\nHyllans storlek: 12,7 x 40 x 11,2 cm (D x B x H)<br \/>\nTotalvikt: 1,5 kg<br \/>\nMax. statisk belastningskapacitet per v\u00e4gghylla: 10 kg<\/p>\n","protected":false},"excerpt":{"rendered":"<p>VASAGLE v\u00e4gghylla, sv\u00e4vande hylla, 2-pack, hyllplan, 2 monteringsalternativ, 40 cm, f\u00f6r vardagsrum, k\u00f6k, arbetsrum, badrum, vintagebrun-matt svart LWS042K01<\/p>\n","protected":false},"featured_media":44356,"comment_status":"open","ping_status":"closed","template":"","meta":[],"product_brand":[],"product_cat":[33],"product_tag":[],"class_list":{"0":"post-16679","1":"product","2":"type-product","3":"status-publish","4":"has-post-thumbnail","6":"product_cat-okategoriserad","8":"first","9":"instock","10":"shipping-taxable","11":"purchasable","12":"product-type-simple"},"_links":{"self":[{"href":"https:\/\/nordicmart.andreevmaster.com\/sv\/wp-json\/wp\/v2\/product\/16679","targetHints":{"allow":["GET"]}}],"collection":[{"href":"https:\/\/nordicmart.andreevmaster.com\/sv\/wp-json\/wp\/v2\/product"}],"about":[{"href":"https:\/\/nordicmart.andreevmaster.com\/sv\/wp-json\/wp\/v2\/types\/product"}],"replies":[{"embeddable":true,"href":"https:\/\/nordicmart.andreevmaster.com\/sv\/wp-json\/wp\/v2\/comments?post=16679"}],"wp:featuredmedia":[{"embeddable":true,"href":"https:\/\/nordicmart.andreevmaster.com\/sv\/wp-json\/wp\/v2\/media\/44356"}],"wp:attachment":[{"href":"https:\/\/nordicmart.andreevmaster.com\/sv\/wp-json\/wp\/v2\/media?parent=16679"}],"wp:term":[{"taxonomy":"product_brand","embeddable":true,"href":"https:\/\/nordicmart.andreevmaster.com\/sv\/wp-json\/wp\/v2\/product_brand?post=16679"},{"taxonomy":"product_cat","embeddable":true,"href":"https:\/\/nordicmart.andreevmaster.com\/sv\/wp-json\/wp\/v2\/product_cat?post=16679"},{"taxonomy":"product_tag","embeddable":true,"href":"https:\/\/nordicmart.andreevmaster.com\/sv\/wp-json\/wp\/v2\/product_tag?post=16679"}],"curies":[{"name":"wp","href":"https:\/\/api.w.org\/{rel}","templated":true}]}}