{"id":16678,"date":"2026-02-27T00:31:41","date_gmt":"2026-02-27T00:31:41","guid":{"rendered":"https:\/\/nordicmart.andreevmaster.com\/product\/songmics-vagghylla-2-pack-vit\/"},"modified":"2026-02-27T08:21:57","modified_gmt":"2026-02-27T08:21:57","slug":"songmics-vagghylla-2-pack-vit","status":"publish","type":"product","link":"https:\/\/nordicmart.andreevmaster.com\/sv\/produkt\/songmics-vagghylla-2-pack-vit\/","title":{"rendered":"SONGMICS V\u00e4gghylla 2-pack Vit"},"content":{"rendered":"<p>Dina rum kr\u00e4ver en viss elegans. Skaffa dessa 2 v\u00e4gghyllor, som kombinerar mattvitt och naturf\u00e4rg f\u00f6r att ge ditt hem en varm k\u00e4nsla och samtidigt skapa mer f\u00f6rvaringsutrymme. Dessutom kan de enkelt integreras \u00f6verallt, till exempel i vardagsrummet, sovrummet eller k\u00f6ket. \u00c4ntligen f\u00e5r dina blommor, favoritb\u00f6cker, fotoramar, souvenirer och till och med kryddor en l\u00e4mplig plats! Kvalitet kommer f\u00f6rst Tillverkade av h\u00f6gkvalitativ MDF-skiva (klass E1) och robusta L-formade tr\u00e4h\u00e5llare \u00e4r dessa flytande hyllor stabila och h\u00e5llbara, s\u00e5 att du kan njuta av dem i m\u00e5nga \u00e5r. Dessutom \u00e4r det enkelt att ta bort damm tack vare hyllans lackering. Letar du efter en robust och stilfull v\u00e4gghylla? D\u00e5 \u00e4r denna produkt fr\u00e5n SONGMICS precis r\u00e4tt f\u00f6r dig! Produktdetaljer: &#8211; F\u00e4rg: Vit-naturf\u00e4rgad &#8211; Material: MDF (medeldensitetsfiberplatta), boktr\u00e4 &#8211; Totalstorlek: 60 x 15 x 17,5 cm (L x B x H) &#8211; Storlek per hylla: 60 x 15 x 1,5 cm (L x B x H) &#8211; Vikt: 2,4 kg &#8211; Max. statisk belastningskapacitet per hylla: 15 kg Leveransomf\u00e5ng: &#8211; 2 x v\u00e4gghylla &#8211; 1 x p\u00e5se med tillbeh\u00f6r &#8211; 1 x bruksanvisning (EN, DE, FR, ES, IT) SONGMICS Anm\u00e4rkningar: &#8211; Uts\u00e4tt inte produkten f\u00f6r intensivt solljus. Anv\u00e4nd den inte heller i fuktiga milj\u00f6er. &#8211; F\u00f6r montering av hyllan beh\u00f6vs en skruvmejsel, ett vattenpass och en hammare. &#8211; Montera produkten p\u00e5 l\u00e4ttbetong- eller tegelv\u00e4ggar. Om du vill montera produkten p\u00e5 gipsv\u00e4ggar m\u00e5ste du k\u00f6pa l\u00e4mpliga skruvar i fackhandeln.<\/p>\n","protected":false},"excerpt":{"rendered":"<p>SONGMICS V\u00e4gghylla, 2-pack, sv\u00e4vande hylla, dekorativa hyllor, f\u00f6r sovrum, vardagsrum, k\u00f6k och hall, maxbelastning 15 kg per hylla, 60 x 15 x 17,5 cm, vit-naturf\u00e4rgad LWS03WN<\/p>\n","protected":false},"featured_media":46679,"comment_status":"open","ping_status":"closed","template":"","meta":[],"product_brand":[],"product_cat":[33],"product_tag":[],"class_list":{"0":"post-16678","1":"product","2":"type-product","3":"status-publish","4":"has-post-thumbnail","6":"product_cat-okategoriserad","8":"first","9":"instock","10":"shipping-taxable","11":"purchasable","12":"product-type-simple"},"_links":{"self":[{"href":"https:\/\/nordicmart.andreevmaster.com\/sv\/wp-json\/wp\/v2\/product\/16678","targetHints":{"allow":["GET"]}}],"collection":[{"href":"https:\/\/nordicmart.andreevmaster.com\/sv\/wp-json\/wp\/v2\/product"}],"about":[{"href":"https:\/\/nordicmart.andreevmaster.com\/sv\/wp-json\/wp\/v2\/types\/product"}],"replies":[{"embeddable":true,"href":"https:\/\/nordicmart.andreevmaster.com\/sv\/wp-json\/wp\/v2\/comments?post=16678"}],"wp:featuredmedia":[{"embeddable":true,"href":"https:\/\/nordicmart.andreevmaster.com\/sv\/wp-json\/wp\/v2\/media\/46679"}],"wp:attachment":[{"href":"https:\/\/nordicmart.andreevmaster.com\/sv\/wp-json\/wp\/v2\/media?parent=16678"}],"wp:term":[{"taxonomy":"product_brand","embeddable":true,"href":"https:\/\/nordicmart.andreevmaster.com\/sv\/wp-json\/wp\/v2\/product_brand?post=16678"},{"taxonomy":"product_cat","embeddable":true,"href":"https:\/\/nordicmart.andreevmaster.com\/sv\/wp-json\/wp\/v2\/product_cat?post=16678"},{"taxonomy":"product_tag","embeddable":true,"href":"https:\/\/nordicmart.andreevmaster.com\/sv\/wp-json\/wp\/v2\/product_tag?post=16678"}],"curies":[{"name":"wp","href":"https:\/\/api.w.org\/{rel}","templated":true}]}}