{"id":16677,"date":"2026-02-27T00:31:41","date_gmt":"2026-02-27T00:31:41","guid":{"rendered":"https:\/\/nordicmart.andreevmaster.com\/product\/songmics-3-pack-vagghyllor-for-dekoration\/"},"modified":"2026-02-27T08:21:57","modified_gmt":"2026-02-27T08:21:57","slug":"songmics-3-pack-vagghyllor-for-dekoration","status":"publish","type":"product","link":"https:\/\/nordicmart.andreevmaster.com\/sv\/produkt\/songmics-3-pack-vagghyllor-for-dekoration\/","title":{"rendered":"SONGMICS 3-pack v\u00e4gghyllor f\u00f6r dekoration"},"content":{"rendered":"<p>\u00d6versikt \u00f6ver h\u00f6jdpunkterna hos dessa 3 v\u00e4gghyllor: &#8211; Dekorativa: Den gr\u00e5beige ytan ger en dekorativ touch. &#8211; Flexibla att kombinera: Hyllorna kan kombineras fritt f\u00f6r att ge dina tomma v\u00e4ggar karakt\u00e4r. &#8211; Robusta och t\u00e5liga: K\u00f6kshyllorna \u00e4r tillverkade av h\u00f6gkvalitativa sp\u00e5nskivor och t\u00e5l en vikt p\u00e5 upp till 5 kg vardera. &#8211; Skydd mot att glida ner: Den upph\u00f6jda framkanten skyddar dina tavelramar fr\u00e5n att glida ner. &#8211; Med skruvskydd: Tack vare skydden f\u00f6r skruvh\u00e5len p\u00e5verkas inte hyllornas dekorativa effekt. &#8211; Platssparande: De sv\u00e4vande hyllorna tar ingen golvyta i anspr\u00e5k och utnyttjar v\u00e4ggytan optimalt f\u00f6r att skapa extra f\u00f6rvaringsutrymme. &#8211; Enkla att montera: Badrumshyllorna \u00e4r l\u00e4tta att montera p\u00e5 v\u00e4ggen tack vare de medf\u00f6ljande skruvarna. &#8211; M\u00e5ngsidiga: Hyllorna passar perfekt i vardagsrummet, hemmakontoret, badrummet eller k\u00f6ket.  Produktdetaljer: &#8211; F\u00e4rg: Greige &#8211; Material: Sp\u00e5nskiva &#8211; Storlek per hylla: 10 x 38 x 5\/2 cm (D x B x H) &#8211; Totalvikt: 1,6 kg &#8211; Max. statisk belastningskapacitet per hylla: 5 kg Leveransomfattning: &#8211; 3 x v\u00e4gghylla &#8211; 1 x tillbeh\u00f6rspaket &#8211; 1 x instruktioner SONGICs anvisningar:- Ha en borrmaskin, ett vattenpass och en hammare till hands f\u00f6r att underl\u00e4tta monteringen. &#8211; Montera v\u00e4gghyllan p\u00e5 massiva betong- eller tegelv\u00e4ggar. Om du vill montera produkten p\u00e5 gipsv\u00e4ggar m\u00e5ste du k\u00f6pa l\u00e4mpliga skruvar i fackhandeln. Vid montering p\u00e5 en gipsv\u00e4gg \u00e4r produktens b\u00e4rf\u00f6rm\u00e5ga bara h\u00e4lften s\u00e5 h\u00f6g som p\u00e5 andra v\u00e4ggtyper.<\/p>\n","protected":false},"excerpt":{"rendered":"<p>SONGMICS v\u00e4gghylla, 3-pack, sv\u00e4vande hylla, 38 cm bred, hylla f\u00f6r fotoramar och dekorationer, f\u00f6r vardagsrum, arbetsrum, badrum, k\u00f6k, greige LWS038T02<\/p>\n","protected":false},"featured_media":44355,"comment_status":"open","ping_status":"closed","template":"","meta":[],"product_brand":[],"product_cat":[33],"product_tag":[],"class_list":{"0":"post-16677","1":"product","2":"type-product","3":"status-publish","4":"has-post-thumbnail","6":"product_cat-okategoriserad","8":"first","9":"instock","10":"shipping-taxable","11":"purchasable","12":"product-type-simple"},"_links":{"self":[{"href":"https:\/\/nordicmart.andreevmaster.com\/sv\/wp-json\/wp\/v2\/product\/16677","targetHints":{"allow":["GET"]}}],"collection":[{"href":"https:\/\/nordicmart.andreevmaster.com\/sv\/wp-json\/wp\/v2\/product"}],"about":[{"href":"https:\/\/nordicmart.andreevmaster.com\/sv\/wp-json\/wp\/v2\/types\/product"}],"replies":[{"embeddable":true,"href":"https:\/\/nordicmart.andreevmaster.com\/sv\/wp-json\/wp\/v2\/comments?post=16677"}],"wp:featuredmedia":[{"embeddable":true,"href":"https:\/\/nordicmart.andreevmaster.com\/sv\/wp-json\/wp\/v2\/media\/44355"}],"wp:attachment":[{"href":"https:\/\/nordicmart.andreevmaster.com\/sv\/wp-json\/wp\/v2\/media?parent=16677"}],"wp:term":[{"taxonomy":"product_brand","embeddable":true,"href":"https:\/\/nordicmart.andreevmaster.com\/sv\/wp-json\/wp\/v2\/product_brand?post=16677"},{"taxonomy":"product_cat","embeddable":true,"href":"https:\/\/nordicmart.andreevmaster.com\/sv\/wp-json\/wp\/v2\/product_cat?post=16677"},{"taxonomy":"product_tag","embeddable":true,"href":"https:\/\/nordicmart.andreevmaster.com\/sv\/wp-json\/wp\/v2\/product_tag?post=16677"}],"curies":[{"name":"wp","href":"https:\/\/api.w.org\/{rel}","templated":true}]}}