{"id":16675,"date":"2026-02-27T00:31:40","date_gmt":"2026-02-27T00:31:40","guid":{"rendered":"https:\/\/nordicmart.andreevmaster.com\/product\/songmics-flygande-hylla-med-svart-framsida\/"},"modified":"2026-02-27T08:21:57","modified_gmt":"2026-02-27T08:21:57","slug":"songmics-flygande-hylla-med-svart-framsida","status":"publish","type":"product","link":"https:\/\/nordicmart.andreevmaster.com\/sv\/produkt\/songmics-flygande-hylla-med-svart-framsida\/","title":{"rendered":"SONGMICS Flygande hylla med svart framsida"},"content":{"rendered":"<p>SONGMICS v\u00e4gghylla, 3-pack, sv\u00e4vande hylla, 38 cm bred, hylla f\u00f6r fotoramar och dekorationer, f\u00f6r vardagsrum, arbetsrum, badrum, k\u00f6k, greige LWS038T02<br \/>\nF\u00e4rg: h\u00f6gblank svart<br \/>\nMaterial: sp\u00e5nskiva<br \/>\nStorlek per hylla: 10 x 38 x 5\/2 cm (D x B x H)<br \/>\nTotalvikt: 1,6 kg<br \/>\nMax. statisk belastningskapacitet per hylla: 5 kg<\/p>\n","protected":false},"excerpt":{"rendered":"<p>SONGMICS v\u00e4gghylla, 3-pack, sv\u00e4vande hylla, 38 cm bred, hylla f\u00f6r fotoramar och dekorationer, f\u00f6r vardagsrum, arbetsrum, badrum, k\u00f6k, greige LWS038T02<\/p>\n","protected":false},"featured_media":44353,"comment_status":"open","ping_status":"closed","template":"","meta":[],"product_brand":[],"product_cat":[33],"product_tag":[],"class_list":{"0":"post-16675","1":"product","2":"type-product","3":"status-publish","4":"has-post-thumbnail","6":"product_cat-okategoriserad","8":"first","9":"instock","10":"shipping-taxable","11":"purchasable","12":"product-type-simple"},"_links":{"self":[{"href":"https:\/\/nordicmart.andreevmaster.com\/sv\/wp-json\/wp\/v2\/product\/16675","targetHints":{"allow":["GET"]}}],"collection":[{"href":"https:\/\/nordicmart.andreevmaster.com\/sv\/wp-json\/wp\/v2\/product"}],"about":[{"href":"https:\/\/nordicmart.andreevmaster.com\/sv\/wp-json\/wp\/v2\/types\/product"}],"replies":[{"embeddable":true,"href":"https:\/\/nordicmart.andreevmaster.com\/sv\/wp-json\/wp\/v2\/comments?post=16675"}],"wp:featuredmedia":[{"embeddable":true,"href":"https:\/\/nordicmart.andreevmaster.com\/sv\/wp-json\/wp\/v2\/media\/44353"}],"wp:attachment":[{"href":"https:\/\/nordicmart.andreevmaster.com\/sv\/wp-json\/wp\/v2\/media?parent=16675"}],"wp:term":[{"taxonomy":"product_brand","embeddable":true,"href":"https:\/\/nordicmart.andreevmaster.com\/sv\/wp-json\/wp\/v2\/product_brand?post=16675"},{"taxonomy":"product_cat","embeddable":true,"href":"https:\/\/nordicmart.andreevmaster.com\/sv\/wp-json\/wp\/v2\/product_cat?post=16675"},{"taxonomy":"product_tag","embeddable":true,"href":"https:\/\/nordicmart.andreevmaster.com\/sv\/wp-json\/wp\/v2\/product_tag?post=16675"}],"curies":[{"name":"wp","href":"https:\/\/api.w.org\/{rel}","templated":true}]}}