{"id":16670,"date":"2026-02-27T00:31:38","date_gmt":"2026-02-27T00:31:38","guid":{"rendered":"https:\/\/nordicmart.andreevmaster.com\/product\/vasagle-vagghylla-3-pack-med-2-monteringsalternativ-black-svart-matt-svart\/"},"modified":"2026-02-27T08:21:55","modified_gmt":"2026-02-27T08:21:55","slug":"vasagle-vagghylla-3-pack-med-2-monteringsalternativ-black-svart-matt-svart","status":"publish","type":"product","link":"https:\/\/nordicmart.andreevmaster.com\/sv\/produkt\/vasagle-vagghylla-3-pack-med-2-monteringsalternativ-black-svart-matt-svart\/","title":{"rendered":"VASAGLE v\u00e4gghylla, 3-pack med 2 monteringsalternativ, bl\u00e4ck svart-matt svart"},"content":{"rendered":"<p>VASAGLE v\u00e4gghylla i industriell design, sv\u00e4vande hylla, 3-pack, v\u00e4ggmontering, stabil hylla f\u00f6r presentation, f\u00f6r vardagsrum, badrum, k\u00f6k, gr\u00e5beige-svart LWS033B02<br \/>\nF\u00e4rg: bl\u00e4ck svart-matt svart<br \/>\nMaterial: sp\u00e5nskiva, st\u00e5l<br \/>\nStorlek p\u00e5 det lilla hyllan: 12 x 30 x 11 cm (D x B x H)<br \/>\nStorlek p\u00e5 det medelstora hyllan: 12 x 35 x 11 cm (D x B x H)<br \/>\nStorlek p\u00e5 det stora hyllan: 12 x 40 x 11 cm (D x B x H)<br \/>\nTotalvikt: 2,1 kg<br \/>\nMax. statisk belastningskapacitet per v\u00e4gghylla: 10 kg<\/p>\n","protected":false},"excerpt":{"rendered":"<p>VASAGLE v\u00e4gghylla i industriell design, sv\u00e4vande hylla, 3-pack, v\u00e4ggmontering, stabil hylla f\u00f6r presentation, f\u00f6r vardagsrum, badrum, k\u00f6k, gr\u00e5beige-svart LWS033B02<\/p>\n","protected":false},"featured_media":44348,"comment_status":"open","ping_status":"closed","template":"","meta":[],"product_brand":[],"product_cat":[33],"product_tag":[],"class_list":{"0":"post-16670","1":"product","2":"type-product","3":"status-publish","4":"has-post-thumbnail","6":"product_cat-okategoriserad","8":"first","9":"instock","10":"shipping-taxable","11":"purchasable","12":"product-type-simple"},"_links":{"self":[{"href":"https:\/\/nordicmart.andreevmaster.com\/sv\/wp-json\/wp\/v2\/product\/16670","targetHints":{"allow":["GET"]}}],"collection":[{"href":"https:\/\/nordicmart.andreevmaster.com\/sv\/wp-json\/wp\/v2\/product"}],"about":[{"href":"https:\/\/nordicmart.andreevmaster.com\/sv\/wp-json\/wp\/v2\/types\/product"}],"replies":[{"embeddable":true,"href":"https:\/\/nordicmart.andreevmaster.com\/sv\/wp-json\/wp\/v2\/comments?post=16670"}],"wp:featuredmedia":[{"embeddable":true,"href":"https:\/\/nordicmart.andreevmaster.com\/sv\/wp-json\/wp\/v2\/media\/44348"}],"wp:attachment":[{"href":"https:\/\/nordicmart.andreevmaster.com\/sv\/wp-json\/wp\/v2\/media?parent=16670"}],"wp:term":[{"taxonomy":"product_brand","embeddable":true,"href":"https:\/\/nordicmart.andreevmaster.com\/sv\/wp-json\/wp\/v2\/product_brand?post=16670"},{"taxonomy":"product_cat","embeddable":true,"href":"https:\/\/nordicmart.andreevmaster.com\/sv\/wp-json\/wp\/v2\/product_cat?post=16670"},{"taxonomy":"product_tag","embeddable":true,"href":"https:\/\/nordicmart.andreevmaster.com\/sv\/wp-json\/wp\/v2\/product_tag?post=16670"}],"curies":[{"name":"wp","href":"https:\/\/api.w.org\/{rel}","templated":true}]}}