{"id":16669,"date":"2026-02-27T00:31:38","date_gmt":"2026-02-27T00:31:38","guid":{"rendered":"https:\/\/nordicmart.andreevmaster.com\/product\/vasagle-vagghylla-3-pack\/"},"modified":"2026-02-27T08:21:55","modified_gmt":"2026-02-27T08:21:55","slug":"vasagle-vagghylla-3-pack","status":"publish","type":"product","link":"https:\/\/nordicmart.andreevmaster.com\/sv\/produkt\/vasagle-vagghylla-3-pack\/","title":{"rendered":"VASAGLE v\u00e4gghylla, 3-pack"},"content":{"rendered":"<p>Saknar du f\u00f6rvaringsutrymme p\u00e5 golvet? Titta upp\u00e5t! R\u00e4cker inte utrymmet p\u00e5 golvet f\u00f6r att st\u00e4lla upp en smal hylla? Var ska du d\u00e5 g\u00f6ra av dina dekorationsartiklar, fotoramar, samlingar eller kryddor? Titta upp p\u00e5 v\u00e4ggarna! Anv\u00e4nd dessa 3 greige flytande hyllor i vardagsrummet f\u00f6r att visa upp dina familjefoton, i badrummet f\u00f6r att f\u00f6rvara tv\u00e5l och andra toalettartiklar eller i k\u00f6ket f\u00f6r att placera kryddor p\u00e5. Tv\u00e5 typer av v\u00e4ggf\u00e4sten Olika hus har olika v\u00e4ggkonstruktioner. Du b\u00f6r d\u00e4rf\u00f6r anv\u00e4nda l\u00e4mpliga v\u00e4ggf\u00e4sten f\u00f6r att montera v\u00e4gghyllorna. Vi levererar olika v\u00e4ggf\u00e4sten f\u00f6r massiva v\u00e4ggar och gipsv\u00e4ggar. S\u00e5 kan du b\u00f6rja montera dessa v\u00e4gghyllor direkt efter att du packat upp delarna. Produktdetaljer: &#8211; F\u00e4rg: Greige-svart &#8211; Material: Sp\u00e5nskiva, st\u00e5l &#8211; Storlek p\u00e5 den lilla hyllan: 12 x 30 x 11 cm (D x B x H) &#8211; Storlek p\u00e5 det medelstora hyllan: 12 x 35 x 11 cm (D x B x H) &#8211; Storlek p\u00e5 det stora hyllan: 12 x 40 x 11 cm (D x B x H) &#8211; Totalvikt: 2,5 kg &#8211; Max. statisk belastningskapacitet per v\u00e4gghylla: 5 kg Leveransomfattning: &#8211; 3 x v\u00e4gghylla &#8211; 1 x insexnyckel &#8211; 1 x tillbeh\u00f6rspaket &#8211; 1 x bruksanvisning VASAGLE Anm\u00e4rkningar: &#8211; Det rekommenderas att montera hyllan p\u00e5 en massiv v\u00e4gg. &#8211; Placera inte f\u00f6r tunga f\u00f6rem\u00e5l p\u00e5 hyllan.<\/p>\n","protected":false},"excerpt":{"rendered":"<p>VASAGLE v\u00e4gghylla i industriell design, sv\u00e4vande hylla, 3-pack, v\u00e4ggmontering, stabil hylla f\u00f6r presentation, f\u00f6r vardagsrum, badrum, k\u00f6k, gr\u00e5beige-svart LWS033B02<\/p>\n","protected":false},"featured_media":0,"comment_status":"open","ping_status":"closed","template":"","meta":[],"product_brand":[],"product_cat":[33],"product_tag":[],"class_list":{"0":"post-16669","1":"product","2":"type-product","3":"status-publish","5":"product_cat-okategoriserad","7":"first","8":"instock","9":"shipping-taxable","10":"purchasable","11":"product-type-simple"},"_links":{"self":[{"href":"https:\/\/nordicmart.andreevmaster.com\/sv\/wp-json\/wp\/v2\/product\/16669","targetHints":{"allow":["GET"]}}],"collection":[{"href":"https:\/\/nordicmart.andreevmaster.com\/sv\/wp-json\/wp\/v2\/product"}],"about":[{"href":"https:\/\/nordicmart.andreevmaster.com\/sv\/wp-json\/wp\/v2\/types\/product"}],"replies":[{"embeddable":true,"href":"https:\/\/nordicmart.andreevmaster.com\/sv\/wp-json\/wp\/v2\/comments?post=16669"}],"wp:attachment":[{"href":"https:\/\/nordicmart.andreevmaster.com\/sv\/wp-json\/wp\/v2\/media?parent=16669"}],"wp:term":[{"taxonomy":"product_brand","embeddable":true,"href":"https:\/\/nordicmart.andreevmaster.com\/sv\/wp-json\/wp\/v2\/product_brand?post=16669"},{"taxonomy":"product_cat","embeddable":true,"href":"https:\/\/nordicmart.andreevmaster.com\/sv\/wp-json\/wp\/v2\/product_cat?post=16669"},{"taxonomy":"product_tag","embeddable":true,"href":"https:\/\/nordicmart.andreevmaster.com\/sv\/wp-json\/wp\/v2\/product_tag?post=16669"}],"curies":[{"name":"wp","href":"https:\/\/api.w.org\/{rel}","templated":true}]}}