{"id":16667,"date":"2026-02-27T00:31:37","date_gmt":"2026-02-27T00:31:37","guid":{"rendered":"https:\/\/nordicmart.andreevmaster.com\/product\/vaggmonterad-kladhangare\/"},"modified":"2026-02-27T08:21:55","modified_gmt":"2026-02-27T08:21:55","slug":"vaggmonterad-kladhangare","status":"publish","type":"product","link":"https:\/\/nordicmart.andreevmaster.com\/sv\/produkt\/vaggmonterad-kladhangare\/","title":{"rendered":"V\u00e4ggmonterad kl\u00e4dh\u00e4ngare"},"content":{"rendered":"<p>Har du ont om golvyta i hallen eller vill du h\u00e5lla den ren? Denna v\u00e4ggmonterade kl\u00e4dh\u00e4ngare \u00e4r svaret p\u00e5 dina l\u00e4nge efterl\u00e4ngtade \u00f6nskem\u00e5l. Den v\u00e4ggmonterade kl\u00e4dh\u00e4ngaren har 3 krokar, en h\u00e4ngare och en hylla, och \u00e4r en n\u00e4stan perfekt l\u00f6sning f\u00f6r allt i hallen.Med hj\u00e4lp av 3 knoppar kan du enkelt h\u00e4nga upp din handv\u00e4ska eller ryggs\u00e4ck p\u00e5 denna v\u00e4ggmonterade kl\u00e4dh\u00e4ngare f\u00f6r praktisk f\u00f6rvaring. H\u00e4ngaren \u00e4r idealisk f\u00f6r att h\u00e4nga upp jackor och skjortor som du inte vill ska f\u00e5 skavm\u00e4rken p\u00e5 axlarna. Den \u00f6vre hyllan \u00e4r perfekt f\u00f6r att f\u00f6rvara nycklar, pl\u00e5nb\u00f6cker eller sm\u00e5 prydnadsf\u00f6rem\u00e5l.Gl\u00f6m timmar av f\u00f6rs\u00f6k att f\u00e5 din garderob i hallen att passa perfekt. Denna kl\u00e4dpanel fr\u00e5n VASAGLE levereras med detaljerade instruktioner och numrerade delar, s\u00e5 monteringen \u00e4r mycket enkel. N\u00e4r allt \u00e4r monterat har du en hall som \u00e4r redo f\u00f6r dina jackor och andra saker. <\/p>\n<p>Denna v\u00e4ggmonterade kl\u00e4dpanel finns i 3 olika stilar, s\u00e5 du har tillr\u00e4ckligt med valm\u00f6jligheter f\u00f6r att skapa den perfekta hallen. Du kan v\u00e4lja en brun panel och en svart hylla i rustik stil, en svart panel och en brun hylla i modern stil eller en helt vit kl\u00e4dh\u00e4ngare i minimalistisk design.Tekniska specifikationer: &#8211; F\u00e4rg: &#8211; F\u00e4rg: 1: Rustic Brown (X01)\/Black (B01)\/White (W01) &#8211; Material: Material: Sp\u00e5nskiva, metall- Produktens storlek: 23,6 &#8221;L x 8,4 &#8221;L x 15,7 &#8221;K (60 x 21,5 x 40 cm) F\u00f6rpackningens inneh\u00e5ll:- 1 x V\u00e4ggmonterad kl\u00e4dh\u00e4ngare- 1 x Monteringssats- 1 x Instruktioner (EN, DE, FR, ES, IT)<\/p>\n","protected":false},"excerpt":{"rendered":"<p>Har du ont om golvyta i hallen eller vill du h\u00e5lla den ren? Denna v\u00e4ggmonterade kl\u00e4dh\u00e4ngare \u00e4r svaret p\u00e5 dina l\u00e4nge efterl\u00e4ngtade \u00f6nskem\u00e5l. Den v\u00e4ggmonterade kl\u00e4dh\u00e4ngaren har 3 krokar, en h\u00e4ngare och en hylla, och \u00e4r en n\u00e4stan perfekt l\u00f6sning f\u00f6r allt i hallen.Med hj\u00e4lp av 3 knoppar kan du enkelt h\u00e4nga upp din handv\u00e4ska [&hellip;]<\/p>\n","protected":false},"featured_media":0,"comment_status":"open","ping_status":"closed","template":"","meta":[],"product_brand":[],"product_cat":[33],"product_tag":[],"class_list":{"0":"post-16667","1":"product","2":"type-product","3":"status-publish","5":"product_cat-okategoriserad","7":"first","8":"instock","9":"shipping-taxable","10":"product-type-simple"},"_links":{"self":[{"href":"https:\/\/nordicmart.andreevmaster.com\/sv\/wp-json\/wp\/v2\/product\/16667","targetHints":{"allow":["GET"]}}],"collection":[{"href":"https:\/\/nordicmart.andreevmaster.com\/sv\/wp-json\/wp\/v2\/product"}],"about":[{"href":"https:\/\/nordicmart.andreevmaster.com\/sv\/wp-json\/wp\/v2\/types\/product"}],"replies":[{"embeddable":true,"href":"https:\/\/nordicmart.andreevmaster.com\/sv\/wp-json\/wp\/v2\/comments?post=16667"}],"wp:attachment":[{"href":"https:\/\/nordicmart.andreevmaster.com\/sv\/wp-json\/wp\/v2\/media?parent=16667"}],"wp:term":[{"taxonomy":"product_brand","embeddable":true,"href":"https:\/\/nordicmart.andreevmaster.com\/sv\/wp-json\/wp\/v2\/product_brand?post=16667"},{"taxonomy":"product_cat","embeddable":true,"href":"https:\/\/nordicmart.andreevmaster.com\/sv\/wp-json\/wp\/v2\/product_cat?post=16667"},{"taxonomy":"product_tag","embeddable":true,"href":"https:\/\/nordicmart.andreevmaster.com\/sv\/wp-json\/wp\/v2\/product_tag?post=16667"}],"curies":[{"name":"wp","href":"https:\/\/api.w.org\/{rel}","templated":true}]}}