{"id":16666,"date":"2026-02-27T00:31:37","date_gmt":"2026-02-27T00:31:37","guid":{"rendered":"https:\/\/nordicmart.andreevmaster.com\/product\/songmics-vagghyllor-2-pack-vit-svart\/"},"modified":"2026-02-27T08:21:54","modified_gmt":"2026-02-27T08:21:54","slug":"songmics-vagghyllor-2-pack-vit-svart","status":"publish","type":"product","link":"https:\/\/nordicmart.andreevmaster.com\/sv\/produkt\/songmics-vagghyllor-2-pack-vit-svart\/","title":{"rendered":"SONGMICS V\u00e4gghyllor, 2-pack, vit-svart"},"content":{"rendered":"<p>Organisera ditt hem genom att kl\u00e4ttra p\u00e5 v\u00e4ggen! V\u00e5ra hem saknar desperat utrymme f\u00f6r alla v\u00e5ra saker. Detta magnifika set med 2 v\u00e4gghyllor kommer att f\u00f6renkla ditt liv genom att erbjuda f\u00f6rvaringsutrymme f\u00f6r hela familjen och samtidigt dekorera ditt hem. L\u00e4tt att installera och mycket elegant, tveka inte att utrusta dina v\u00e4ggar. Dessa 2 v\u00e4gghyllor i tr\u00e4 och metall g\u00f6r att du kan placera dina b\u00f6cker, prydnadssaker, pokaler, v\u00e4xter, DVD-skivor, CD-skivor etc. d\u00e4r du tycker att det passar b\u00e4st. Det \u00e4r det perfekta redskapet f\u00f6r att spara utrymme. Du kan placera dem i vilket rum som helst. V\u00e4nta inte l\u00e4ngre, skaffa denna mycket anv\u00e4ndbara hylla! V\u00e5r utm\u00e4rkta kundservice \u00e4r tillg\u00e4nglig f\u00f6re och efter ditt k\u00f6p och svarar p\u00e5 dina fr\u00e5gor via e-post inom 24 timmar. V\u00e5r prioritet \u00e4r att du ska vara helt n\u00f6jd. V\u00e4lj SONGMICS och vi garanterar dig lycka i hemmet! Egenskaper:  &#8211; Material: MDF-skivor av klass E1 + st\u00f6dst\u00e5ng i j\u00e4rn &#8211; F\u00e4rg: Vit hylla + svart st\u00f6dst\u00e5ng &#8211; M\u00e5tt: 60 x 21 x 14 cm (L x B x H); Skivtjocklek: 1,5 cm &#8211; Vikt: 2,8 kg &#8211; Max. belastning: 15 kg Leverans: &#8211; 2 x v\u00e4gghyllor &#8211; 4 x st\u00f6dst\u00e4nger i metall &#8211; 8 x sj\u00e4lvg\u00e4ngande skruvar &#8211; 8 x expansionsskruvar &#8211; 1 x bruksanvisning (FR, DE, EN, ES, IT) F\u00f6rsiktighets\u00e5tg\u00e4rder fr\u00e5n SONGMICS: 1. Du beh\u00f6ver en borrmaskin, ett vattenpass och en hammare f\u00f6r montering. 2. Undvik st\u00f6tar under montering. 3. F\u00e4st produkten p\u00e5 en betongv\u00e4gg, en l\u00e4ttbetongv\u00e4gg eller en tegelv\u00e4gg. Om du vill f\u00e4sta den p\u00e5 en gipsskiva m\u00e5ste du f\u00f6rst k\u00f6pa l\u00e4mpliga skruvar hos en fackhandlare.<\/p>\n","protected":false},"excerpt":{"rendered":"<p>SONGMICS V\u00e4gghylla i 2-pack, V\u00e4gghylla H\u00e4ngande hylla Bokhylla Flytande hylla, 60 x 21 x 14 cm, Belastbarhet 15 kg, Vit K\u00f6kshylla LWS02WB<\/p>\n","protected":false},"featured_media":44347,"comment_status":"open","ping_status":"closed","template":"","meta":[],"product_brand":[],"product_cat":[33],"product_tag":[],"class_list":{"0":"post-16666","1":"product","2":"type-product","3":"status-publish","4":"has-post-thumbnail","6":"product_cat-okategoriserad","8":"first","9":"instock","10":"shipping-taxable","11":"purchasable","12":"product-type-simple"},"_links":{"self":[{"href":"https:\/\/nordicmart.andreevmaster.com\/sv\/wp-json\/wp\/v2\/product\/16666","targetHints":{"allow":["GET"]}}],"collection":[{"href":"https:\/\/nordicmart.andreevmaster.com\/sv\/wp-json\/wp\/v2\/product"}],"about":[{"href":"https:\/\/nordicmart.andreevmaster.com\/sv\/wp-json\/wp\/v2\/types\/product"}],"replies":[{"embeddable":true,"href":"https:\/\/nordicmart.andreevmaster.com\/sv\/wp-json\/wp\/v2\/comments?post=16666"}],"wp:featuredmedia":[{"embeddable":true,"href":"https:\/\/nordicmart.andreevmaster.com\/sv\/wp-json\/wp\/v2\/media\/44347"}],"wp:attachment":[{"href":"https:\/\/nordicmart.andreevmaster.com\/sv\/wp-json\/wp\/v2\/media?parent=16666"}],"wp:term":[{"taxonomy":"product_brand","embeddable":true,"href":"https:\/\/nordicmart.andreevmaster.com\/sv\/wp-json\/wp\/v2\/product_brand?post=16666"},{"taxonomy":"product_cat","embeddable":true,"href":"https:\/\/nordicmart.andreevmaster.com\/sv\/wp-json\/wp\/v2\/product_cat?post=16666"},{"taxonomy":"product_tag","embeddable":true,"href":"https:\/\/nordicmart.andreevmaster.com\/sv\/wp-json\/wp\/v2\/product_tag?post=16666"}],"curies":[{"name":"wp","href":"https:\/\/api.w.org\/{rel}","templated":true}]}}