{"id":16665,"date":"2026-02-27T00:31:37","date_gmt":"2026-02-27T00:31:37","guid":{"rendered":"https:\/\/nordicmart.andreevmaster.com\/product\/vasagle-vagghylla-for-fotoramar\/"},"modified":"2026-02-27T08:21:54","modified_gmt":"2026-02-27T08:21:54","slug":"vasagle-vagghylla-for-fotoramar","status":"publish","type":"product","link":"https:\/\/nordicmart.andreevmaster.com\/sv\/produkt\/vasagle-vagghylla-for-fotoramar\/","title":{"rendered":"VASAGLE v\u00e4gghylla f\u00f6r fotoramar"},"content":{"rendered":"<p>Flytande hylla, hyllplan, 20 x 80 x 3,8 cm, v\u00e4gghylla f\u00f6r fotoramar, dekoration, hylla f\u00f6r vardagsrum, arbetsrum, k\u00f6k<br \/>\nF\u00e4rg: l\u00f6nnvit<br \/>\nMaterial: MDF (medeldensitetsfiberplatta), st\u00e5l<br \/>\nProduktstorlek: 20 x 80 x 3,8 cm (D x B x H)<br \/>\nProduktvikt: 2,3 kg. Max.<br \/>\nStatisk b\u00e4rf\u00f6rm\u00e5ga: 10 kg<\/p>\n","protected":false},"excerpt":{"rendered":"<p>Flytande hylla, hyllplan, 20 x 80 x 3,8 cm, v\u00e4gghylla f\u00f6r fotoramar, dekoration, hylla f\u00f6r vardagsrum, arbetsrum, k\u00f6k<\/p>\n","protected":false},"featured_media":44346,"comment_status":"open","ping_status":"closed","template":"","meta":[],"product_brand":[],"product_cat":[33],"product_tag":[],"class_list":{"0":"post-16665","1":"product","2":"type-product","3":"status-publish","4":"has-post-thumbnail","6":"product_cat-okategoriserad","8":"first","9":"instock","10":"shipping-taxable","11":"purchasable","12":"product-type-simple"},"_links":{"self":[{"href":"https:\/\/nordicmart.andreevmaster.com\/sv\/wp-json\/wp\/v2\/product\/16665","targetHints":{"allow":["GET"]}}],"collection":[{"href":"https:\/\/nordicmart.andreevmaster.com\/sv\/wp-json\/wp\/v2\/product"}],"about":[{"href":"https:\/\/nordicmart.andreevmaster.com\/sv\/wp-json\/wp\/v2\/types\/product"}],"replies":[{"embeddable":true,"href":"https:\/\/nordicmart.andreevmaster.com\/sv\/wp-json\/wp\/v2\/comments?post=16665"}],"wp:featuredmedia":[{"embeddable":true,"href":"https:\/\/nordicmart.andreevmaster.com\/sv\/wp-json\/wp\/v2\/media\/44346"}],"wp:attachment":[{"href":"https:\/\/nordicmart.andreevmaster.com\/sv\/wp-json\/wp\/v2\/media?parent=16665"}],"wp:term":[{"taxonomy":"product_brand","embeddable":true,"href":"https:\/\/nordicmart.andreevmaster.com\/sv\/wp-json\/wp\/v2\/product_brand?post=16665"},{"taxonomy":"product_cat","embeddable":true,"href":"https:\/\/nordicmart.andreevmaster.com\/sv\/wp-json\/wp\/v2\/product_cat?post=16665"},{"taxonomy":"product_tag","embeddable":true,"href":"https:\/\/nordicmart.andreevmaster.com\/sv\/wp-json\/wp\/v2\/product_tag?post=16665"}],"curies":[{"name":"wp","href":"https:\/\/api.w.org\/{rel}","templated":true}]}}