{"id":16664,"date":"2026-02-27T00:31:37","date_gmt":"2026-02-27T00:31:37","guid":{"rendered":"https:\/\/nordicmart.andreevmaster.com\/product\/vasagle-vagghylla-40-x-20-x-38-cm-greige\/"},"modified":"2026-02-27T08:21:54","modified_gmt":"2026-02-27T08:21:54","slug":"vasagle-vagghylla-40-x-20-x-38-cm-greige","status":"publish","type":"product","link":"https:\/\/nordicmart.andreevmaster.com\/sv\/produkt\/vasagle-vagghylla-40-x-20-x-38-cm-greige\/","title":{"rendered":"VASAGLE v\u00e4gghylla 40 x 20 x 3,8 cm greige"},"content":{"rendered":"<p>Saknar du f\u00f6rvaringsutrymme p\u00e5 golvet? Titta upp\u00e5t! R\u00e4cker inte utrymmet p\u00e5 golvet till f\u00f6r att st\u00e4lla en smal hylla d\u00e4r? Var ska du d\u00e5 g\u00f6ra av dina dekorationsf\u00f6rem\u00e5l, fotoramar, samlingar eller kryddor? Titta upp p\u00e5 v\u00e4ggarna! Anv\u00e4nd den moderna sv\u00e4vande hyllan i greige (40 x 20 x 3,8 cm L\/B\/H) i vardagsrummet f\u00f6r att visa upp dina familjefoton, i badrummet f\u00f6r att f\u00f6rvara tv\u00e5l och andra toalettartiklar eller i k\u00f6ket f\u00f6r att placera kryddor p\u00e5.Tv\u00e5 typer av v\u00e4ggf\u00e4sten Vill du inte k\u00f6ra till byggvaruhuset bara f\u00f6r att k\u00f6pa n\u00e5gra skruvar, pluggar etc.? Inga problem, vi levererar olika v\u00e4ggf\u00e4sten f\u00f6r massiva v\u00e4ggar och gipsv\u00e4ggar med tr\u00e4f\u00f6rst\u00e4rkningar. S\u00e5 kan du b\u00f6rja montera denna v\u00e4gghylla direkt efter att du packat upp delarna. Produktdetaljer: &#8211; F\u00e4rg: Greige &#8211; Material: E1-klass MDF (medeldensitetsfiberplatta), metall &#8211; Storlek: 40 x 20 x 3,8 cm (L x B x H) &#8211; Vikt: 1,5 kg &#8211; Max. statisk belastningskapacitet (vid montering p\u00e5 gipsv\u00e4gg): 10 kg &#8211; Max. statisk belastningskapacitet (vid montering p\u00e5 massiv v\u00e4gg): 15 kg Leveransomfattning:- 1 x v\u00e4gghylla &#8211; 1 x tillbeh\u00f6rsp\u00e5se &#8211; 1 x bruksanvisning (DE, EN, FR, ES, IT) VASAGLE Anm\u00e4rkningar: &#8211; Montera hyllan enligt bruksanvisningen.- Vi rekommenderar att hyllan monteras p\u00e5 en massiv v\u00e4gg (med en belastningskapacitet p\u00e5 upp till 15 kg). Om den monteras p\u00e5 tr\u00e4f\u00f6rst\u00e4rkningar i en gipsv\u00e4gg \u00e4r belastningskapaciteten upp till 10 kg. &#8211; Placera inte f\u00f6r tunga f\u00f6rem\u00e5l p\u00e5 hyllan. &#8211; Uts\u00e4tt inte produkten f\u00f6r intensivt solljus och placera den inte i en fuktig milj\u00f6.<\/p>\n","protected":false},"excerpt":{"rendered":"<p>VASAGLE v\u00e4gghylla, v\u00e4ggplatta, 40 x 20 x 3,8 cm, sv\u00e4vande hylla, kontorshylla f\u00f6r b\u00f6cker, bilder, dekoration, MDF, greige LWS024M01<\/p>\n","protected":false},"featured_media":44345,"comment_status":"open","ping_status":"closed","template":"","meta":[],"product_brand":[],"product_cat":[33],"product_tag":[],"class_list":{"0":"post-16664","1":"product","2":"type-product","3":"status-publish","4":"has-post-thumbnail","6":"product_cat-okategoriserad","8":"first","9":"instock","10":"shipping-taxable","11":"purchasable","12":"product-type-simple"},"_links":{"self":[{"href":"https:\/\/nordicmart.andreevmaster.com\/sv\/wp-json\/wp\/v2\/product\/16664","targetHints":{"allow":["GET"]}}],"collection":[{"href":"https:\/\/nordicmart.andreevmaster.com\/sv\/wp-json\/wp\/v2\/product"}],"about":[{"href":"https:\/\/nordicmart.andreevmaster.com\/sv\/wp-json\/wp\/v2\/types\/product"}],"replies":[{"embeddable":true,"href":"https:\/\/nordicmart.andreevmaster.com\/sv\/wp-json\/wp\/v2\/comments?post=16664"}],"wp:featuredmedia":[{"embeddable":true,"href":"https:\/\/nordicmart.andreevmaster.com\/sv\/wp-json\/wp\/v2\/media\/44345"}],"wp:attachment":[{"href":"https:\/\/nordicmart.andreevmaster.com\/sv\/wp-json\/wp\/v2\/media?parent=16664"}],"wp:term":[{"taxonomy":"product_brand","embeddable":true,"href":"https:\/\/nordicmart.andreevmaster.com\/sv\/wp-json\/wp\/v2\/product_brand?post=16664"},{"taxonomy":"product_cat","embeddable":true,"href":"https:\/\/nordicmart.andreevmaster.com\/sv\/wp-json\/wp\/v2\/product_cat?post=16664"},{"taxonomy":"product_tag","embeddable":true,"href":"https:\/\/nordicmart.andreevmaster.com\/sv\/wp-json\/wp\/v2\/product_tag?post=16664"}],"curies":[{"name":"wp","href":"https:\/\/api.w.org\/{rel}","templated":true}]}}