{"id":16663,"date":"2026-02-27T00:31:36","date_gmt":"2026-02-27T00:31:36","guid":{"rendered":"https:\/\/nordicmart.andreevmaster.com\/product\/vasagle-vinstall-for-20-flaskor\/"},"modified":"2026-02-27T08:21:54","modified_gmt":"2026-02-27T08:21:54","slug":"vasagle-vinstall-for-20-flaskor","status":"publish","type":"product","link":"https:\/\/nordicmart.andreevmaster.com\/sv\/produkt\/vasagle-vinstall-for-20-flaskor\/","title":{"rendered":"VASAGLE vinst\u00e4ll f\u00f6r 20 flaskor"},"content":{"rendered":"<p>Produktdetaljer: &#8211; F\u00e4rg: Vintagebrun-svart &#8211; Material: Sp\u00e5nskiva, st\u00e5l &#8211; Storlek: 50 x 32 x 100 cm (L x B x H) &#8211; Vikt: 10,5 kg &#8211; Maximal statisk belastningskapacitet f\u00f6r den \u00f6versta plattan: 25 kg &#8211; Maximal statisk belastningskapacitet f\u00f6r det \u00f6ppna facket: 15 kg &#8211; Maximal statisk belastningskapacitet per hyllplan av st\u00e5l: 15 kg Leveransomfattning:- 1 x vinst\u00e4ll &#8211; 1 x tillbeh\u00f6rspaket &#8211; 1 x tippskydd &#8211; 1 x bruksanvisning (DE, EN, IT, FR, ES) VASAGLE Anm\u00e4rkningar: &#8211; Av s\u00e4kerhetssk\u00e4l \u00e4r det f\u00f6rbjudet f\u00f6r barn att kl\u00e4ttra p\u00e5 eller leka med produkten. &#8211; F\u00e4st denna produkt p\u00e5 v\u00e4ggen med det medf\u00f6ljande tippskyddet f\u00f6r att f\u00f6rhindra att den v\u00e4lter.<\/p>\n","protected":false},"excerpt":{"rendered":"<p>VASAGLE Vinst\u00e4ll, flaskst\u00e4ll, f\u00f6r 20 flaskor, med glash\u00e5llare, f\u00f6r k\u00e4llare, k\u00f6k, matsal, industriell stil, 50 x 32 x 100 cm, vintagebrun-svart LWR020B01<\/p>\n","protected":false},"featured_media":44344,"comment_status":"open","ping_status":"closed","template":"","meta":[],"product_brand":[],"product_cat":[33],"product_tag":[],"class_list":{"0":"post-16663","1":"product","2":"type-product","3":"status-publish","4":"has-post-thumbnail","6":"product_cat-okategoriserad","8":"first","9":"instock","10":"shipping-taxable","11":"purchasable","12":"product-type-simple"},"_links":{"self":[{"href":"https:\/\/nordicmart.andreevmaster.com\/sv\/wp-json\/wp\/v2\/product\/16663","targetHints":{"allow":["GET"]}}],"collection":[{"href":"https:\/\/nordicmart.andreevmaster.com\/sv\/wp-json\/wp\/v2\/product"}],"about":[{"href":"https:\/\/nordicmart.andreevmaster.com\/sv\/wp-json\/wp\/v2\/types\/product"}],"replies":[{"embeddable":true,"href":"https:\/\/nordicmart.andreevmaster.com\/sv\/wp-json\/wp\/v2\/comments?post=16663"}],"wp:featuredmedia":[{"embeddable":true,"href":"https:\/\/nordicmart.andreevmaster.com\/sv\/wp-json\/wp\/v2\/media\/44344"}],"wp:attachment":[{"href":"https:\/\/nordicmart.andreevmaster.com\/sv\/wp-json\/wp\/v2\/media?parent=16663"}],"wp:term":[{"taxonomy":"product_brand","embeddable":true,"href":"https:\/\/nordicmart.andreevmaster.com\/sv\/wp-json\/wp\/v2\/product_brand?post=16663"},{"taxonomy":"product_cat","embeddable":true,"href":"https:\/\/nordicmart.andreevmaster.com\/sv\/wp-json\/wp\/v2\/product_cat?post=16663"},{"taxonomy":"product_tag","embeddable":true,"href":"https:\/\/nordicmart.andreevmaster.com\/sv\/wp-json\/wp\/v2\/product_tag?post=16663"}],"curies":[{"name":"wp","href":"https:\/\/api.w.org\/{rel}","templated":true}]}}