{"id":16662,"date":"2026-02-27T00:31:36","date_gmt":"2026-02-27T00:31:36","guid":{"rendered":"https:\/\/nordicmart.andreevmaster.com\/product\/songmics-vaggspegel-modern-enkel-montering-black-svart\/"},"modified":"2026-02-27T08:21:53","modified_gmt":"2026-02-27T08:21:53","slug":"songmics-vaggspegel-modern-enkel-montering-black-svart","status":"publish","type":"product","link":"https:\/\/nordicmart.andreevmaster.com\/sv\/produkt\/songmics-vaggspegel-modern-enkel-montering-black-svart\/","title":{"rendered":"SONGMICS V\u00e4ggspegel modern enkel montering bl\u00e4ck svart"},"content":{"rendered":"<p>SONGMICS v\u00e4ggspegel, rund spegel, \u00d8 40,7 cm badrumsspegel, metallram, enkel montering, modern, f\u00f6r badrum, vardagsrum, sovrum, hall, entr\u00e9<br \/>\nF\u00e4rg: bl\u00e4ck svart<br \/>\nMaterial: aluminiumlegering, glas, MDF (medeldensitetsfiberplatta)<br \/>\nSpegelns diameter: 40,7 cm<br \/>\nSpegelns tjocklek: 3,6 cm<br \/>\nVikt: 2,2 kg<\/p>\n","protected":false},"excerpt":{"rendered":"<p>SONGMICS v\u00e4ggspegel, rund spegel, \u00d8 40,7 cm badrumsspegel, metallram, enkel montering, modern, f\u00f6r badrum, vardagsrum, sovrum, hall, entr\u00e9<\/p>\n","protected":false},"featured_media":44343,"comment_status":"open","ping_status":"closed","template":"","meta":[],"product_brand":[],"product_cat":[33],"product_tag":[],"class_list":{"0":"post-16662","1":"product","2":"type-product","3":"status-publish","4":"has-post-thumbnail","6":"product_cat-okategoriserad","8":"first","9":"instock","10":"shipping-taxable","11":"purchasable","12":"product-type-simple"},"_links":{"self":[{"href":"https:\/\/nordicmart.andreevmaster.com\/sv\/wp-json\/wp\/v2\/product\/16662","targetHints":{"allow":["GET"]}}],"collection":[{"href":"https:\/\/nordicmart.andreevmaster.com\/sv\/wp-json\/wp\/v2\/product"}],"about":[{"href":"https:\/\/nordicmart.andreevmaster.com\/sv\/wp-json\/wp\/v2\/types\/product"}],"replies":[{"embeddable":true,"href":"https:\/\/nordicmart.andreevmaster.com\/sv\/wp-json\/wp\/v2\/comments?post=16662"}],"wp:featuredmedia":[{"embeddable":true,"href":"https:\/\/nordicmart.andreevmaster.com\/sv\/wp-json\/wp\/v2\/media\/44343"}],"wp:attachment":[{"href":"https:\/\/nordicmart.andreevmaster.com\/sv\/wp-json\/wp\/v2\/media?parent=16662"}],"wp:term":[{"taxonomy":"product_brand","embeddable":true,"href":"https:\/\/nordicmart.andreevmaster.com\/sv\/wp-json\/wp\/v2\/product_brand?post=16662"},{"taxonomy":"product_cat","embeddable":true,"href":"https:\/\/nordicmart.andreevmaster.com\/sv\/wp-json\/wp\/v2\/product_cat?post=16662"},{"taxonomy":"product_tag","embeddable":true,"href":"https:\/\/nordicmart.andreevmaster.com\/sv\/wp-json\/wp\/v2\/product_tag?post=16662"}],"curies":[{"name":"wp","href":"https:\/\/api.w.org\/{rel}","templated":true}]}}