{"id":16660,"date":"2026-02-27T00:31:35","date_gmt":"2026-02-27T00:31:35","guid":{"rendered":"https:\/\/nordicmart.andreevmaster.com\/product\/songmics-rund-vaggspegel\/"},"modified":"2026-02-27T08:21:53","modified_gmt":"2026-02-27T08:21:53","slug":"songmics-rund-vaggspegel","status":"publish","type":"product","link":"https:\/\/nordicmart.andreevmaster.com\/sv\/produkt\/songmics-rund-vaggspegel\/","title":{"rendered":"SONGMICS Rund v\u00e4ggspegel"},"content":{"rendered":"<p>Passar i alla rum: Ta en rund form och l\u00e4gg till en guldf\u00e4rgad metallram. Resultatet? En enkel men elegant rund spegel som sm\u00e4lter in i alla rum och kompletterar utseendet p\u00e5 din hall, sovrum eller badrum. Inte bara en fr\u00f6jd f\u00f6r \u00f6gat: Trots sitt snygga utseende \u00e4r denna v\u00e4ggspegel inte bara en dekorativ prydnad utan funktion. Vill du f\u00f6rdubbla synligheten \u00e4ven i sm\u00e5 rum? Reflektera ljus f\u00f6r att lysa upp rummet? Kontrollera din sminkning innan du g\u00e5r ut? Denna spegel uppfyller alla dessa syften. Produktdetaljer: F\u00e4rg: Guldf\u00e4rgad Material: Aluminiumlegering, MDF-baksida, silverbelagt glas Spegelns diameter: 61 cm Spegelns tjocklek: 3,6 cm Vikt: 4,3 kg Leveransomfattning: 1 x rund spegel 1 x instruktioner SONGICs anvisningar:Ta f\u00f6rsiktigt ut produkten ur f\u00f6rpackningen f\u00f6r att undvika skador. Anv\u00e4nd inte produkten om den \u00e4r skadad. R\u00f6r inte trasigt glas om det faller ner.<\/p>\n","protected":false},"excerpt":{"rendered":"<p>SONGMICS v\u00e4ggspegel, rund spegel, badrumsspegel, 61 cm diameter, metallram, f\u00f6r vardagsrum, sovrum, badrum, hall, svart LWM102B01<\/p>\n","protected":false},"featured_media":44341,"comment_status":"open","ping_status":"closed","template":"","meta":[],"product_brand":[],"product_cat":[33],"product_tag":[],"class_list":{"0":"post-16660","1":"product","2":"type-product","3":"status-publish","4":"has-post-thumbnail","6":"product_cat-okategoriserad","8":"first","9":"instock","10":"shipping-taxable","11":"purchasable","12":"product-type-simple"},"_links":{"self":[{"href":"https:\/\/nordicmart.andreevmaster.com\/sv\/wp-json\/wp\/v2\/product\/16660","targetHints":{"allow":["GET"]}}],"collection":[{"href":"https:\/\/nordicmart.andreevmaster.com\/sv\/wp-json\/wp\/v2\/product"}],"about":[{"href":"https:\/\/nordicmart.andreevmaster.com\/sv\/wp-json\/wp\/v2\/types\/product"}],"replies":[{"embeddable":true,"href":"https:\/\/nordicmart.andreevmaster.com\/sv\/wp-json\/wp\/v2\/comments?post=16660"}],"wp:featuredmedia":[{"embeddable":true,"href":"https:\/\/nordicmart.andreevmaster.com\/sv\/wp-json\/wp\/v2\/media\/44341"}],"wp:attachment":[{"href":"https:\/\/nordicmart.andreevmaster.com\/sv\/wp-json\/wp\/v2\/media?parent=16660"}],"wp:term":[{"taxonomy":"product_brand","embeddable":true,"href":"https:\/\/nordicmart.andreevmaster.com\/sv\/wp-json\/wp\/v2\/product_brand?post=16660"},{"taxonomy":"product_cat","embeddable":true,"href":"https:\/\/nordicmart.andreevmaster.com\/sv\/wp-json\/wp\/v2\/product_cat?post=16660"},{"taxonomy":"product_tag","embeddable":true,"href":"https:\/\/nordicmart.andreevmaster.com\/sv\/wp-json\/wp\/v2\/product_tag?post=16660"}],"curies":[{"name":"wp","href":"https:\/\/api.w.org\/{rel}","templated":true}]}}