{"id":16658,"date":"2026-02-27T00:31:35","date_gmt":"2026-02-27T00:31:35","guid":{"rendered":"https:\/\/nordicmart.andreevmaster.com\/product\/songmics-o-50-cm-badrumsspegel-med-metallram\/"},"modified":"2026-02-27T08:21:52","modified_gmt":"2026-02-27T08:21:52","slug":"songmics-o-50-cm-badrumsspegel-med-metallram","status":"publish","type":"product","link":"https:\/\/nordicmart.andreevmaster.com\/sv\/produkt\/songmics-o-50-cm-badrumsspegel-med-metallram\/","title":{"rendered":"SONGMICS \u00d8 50 cm badrumsspegel med metallram"},"content":{"rendered":"<p>SONGMICS v\u00e4ggspegel, rund spegel, badrumsspegel, 61 cm diameter, metallram, f\u00f6r vardagsrum, sovrum, badrum, hall, svart LWM102B01<br \/>\nF\u00e4rg: Bl\u00e4ksvart<br \/>\nMaterial: aluminiumlegering, glas, MDF (medeldensitetsfiberplatta)<br \/>\nSpegelns diameter: 50 cm<br \/>\nSpegelns tjocklek: 3,6 cm<br \/>\nVikt: 3,2 kg<\/p>\n","protected":false},"excerpt":{"rendered":"<p>SONGMICS v\u00e4ggspegel, rund spegel, badrumsspegel, 61 cm diameter, metallram, f\u00f6r vardagsrum, sovrum, badrum, hall, svart LWM102B01<\/p>\n","protected":false},"featured_media":44339,"comment_status":"open","ping_status":"closed","template":"","meta":[],"product_brand":[],"product_cat":[33],"product_tag":[],"class_list":{"0":"post-16658","1":"product","2":"type-product","3":"status-publish","4":"has-post-thumbnail","6":"product_cat-okategoriserad","8":"first","9":"instock","10":"shipping-taxable","11":"purchasable","12":"product-type-simple"},"_links":{"self":[{"href":"https:\/\/nordicmart.andreevmaster.com\/sv\/wp-json\/wp\/v2\/product\/16658","targetHints":{"allow":["GET"]}}],"collection":[{"href":"https:\/\/nordicmart.andreevmaster.com\/sv\/wp-json\/wp\/v2\/product"}],"about":[{"href":"https:\/\/nordicmart.andreevmaster.com\/sv\/wp-json\/wp\/v2\/types\/product"}],"replies":[{"embeddable":true,"href":"https:\/\/nordicmart.andreevmaster.com\/sv\/wp-json\/wp\/v2\/comments?post=16658"}],"wp:featuredmedia":[{"embeddable":true,"href":"https:\/\/nordicmart.andreevmaster.com\/sv\/wp-json\/wp\/v2\/media\/44339"}],"wp:attachment":[{"href":"https:\/\/nordicmart.andreevmaster.com\/sv\/wp-json\/wp\/v2\/media?parent=16658"}],"wp:term":[{"taxonomy":"product_brand","embeddable":true,"href":"https:\/\/nordicmart.andreevmaster.com\/sv\/wp-json\/wp\/v2\/product_brand?post=16658"},{"taxonomy":"product_cat","embeddable":true,"href":"https:\/\/nordicmart.andreevmaster.com\/sv\/wp-json\/wp\/v2\/product_cat?post=16658"},{"taxonomy":"product_tag","embeddable":true,"href":"https:\/\/nordicmart.andreevmaster.com\/sv\/wp-json\/wp\/v2\/product_tag?post=16658"}],"curies":[{"name":"wp","href":"https:\/\/api.w.org\/{rel}","templated":true}]}}