{"id":16646,"date":"2026-02-27T00:31:31","date_gmt":"2026-02-27T00:31:31","guid":{"rendered":"https:\/\/nordicmart.andreevmaster.com\/product\/vasagle-skrivbord-i-l-form-hornskrivbord-med-2-lador\/"},"modified":"2026-02-27T08:21:49","modified_gmt":"2026-02-27T08:21:49","slug":"vasagle-skrivbord-i-l-form-hornskrivbord-med-2-lador","status":"publish","type":"product","link":"https:\/\/nordicmart.andreevmaster.com\/sv\/produkt\/vasagle-skrivbord-i-l-form-hornskrivbord-med-2-lador\/","title":{"rendered":"VASAGLE skrivbord i L-form, h\u00f6rnskrivbord, med 2 l\u00e5dor"},"content":{"rendered":"<p>VASAGLE L-format skrivbord, 2 rymliga l\u00e5dor, datorskrivbord med monitorstativ, h\u00f6rnskrivbord, spelbord med justerbar hylla 115 x 105 cm vintagebrunt LWD097B01<br \/>\nSpecifikationer:<br \/>\n&#8211; M\u00e5tt: 105,1 x 115,1 x 89,6 cm (D x B x H)<br \/>\n&#8211; Vikt: 21 kg<br \/>\n&#8211; Max. statisk b\u00e4rf\u00f6rm\u00e5ga f\u00f6r bordsskivan: 50 kg<br \/>\n&#8211; Max. statisk b\u00e4rf\u00f6rm\u00e5ga f\u00f6r monitorstativet: 20 kg<br \/>\n&#8211; Material: sp\u00e5nskiva, st\u00e5l, non-woven-tyg, polyester-bomullstyg<br \/>\n&#8211; F\u00e4rg: brun<\/p>\n","protected":false},"excerpt":{"rendered":"<p>VASAGLE L-format skrivbord, 2 rymliga l\u00e5dor, datorskrivbord med monitorstativ, h\u00f6rnskrivbord, spelbord med justerbar hylla 115 x 105 cm vintagebrunt LWD097B01<\/p>\n","protected":false},"featured_media":44327,"comment_status":"open","ping_status":"closed","template":"","meta":[],"product_brand":[],"product_cat":[33],"product_tag":[],"class_list":{"0":"post-16646","1":"product","2":"type-product","3":"status-publish","4":"has-post-thumbnail","6":"product_cat-okategoriserad","8":"first","9":"instock","10":"shipping-taxable","11":"purchasable","12":"product-type-simple"},"_links":{"self":[{"href":"https:\/\/nordicmart.andreevmaster.com\/sv\/wp-json\/wp\/v2\/product\/16646","targetHints":{"allow":["GET"]}}],"collection":[{"href":"https:\/\/nordicmart.andreevmaster.com\/sv\/wp-json\/wp\/v2\/product"}],"about":[{"href":"https:\/\/nordicmart.andreevmaster.com\/sv\/wp-json\/wp\/v2\/types\/product"}],"replies":[{"embeddable":true,"href":"https:\/\/nordicmart.andreevmaster.com\/sv\/wp-json\/wp\/v2\/comments?post=16646"}],"wp:featuredmedia":[{"embeddable":true,"href":"https:\/\/nordicmart.andreevmaster.com\/sv\/wp-json\/wp\/v2\/media\/44327"}],"wp:attachment":[{"href":"https:\/\/nordicmart.andreevmaster.com\/sv\/wp-json\/wp\/v2\/media?parent=16646"}],"wp:term":[{"taxonomy":"product_brand","embeddable":true,"href":"https:\/\/nordicmart.andreevmaster.com\/sv\/wp-json\/wp\/v2\/product_brand?post=16646"},{"taxonomy":"product_cat","embeddable":true,"href":"https:\/\/nordicmart.andreevmaster.com\/sv\/wp-json\/wp\/v2\/product_cat?post=16646"},{"taxonomy":"product_tag","embeddable":true,"href":"https:\/\/nordicmart.andreevmaster.com\/sv\/wp-json\/wp\/v2\/product_tag?post=16646"}],"curies":[{"name":"wp","href":"https:\/\/api.w.org\/{rel}","templated":true}]}}