{"id":16643,"date":"2026-02-27T00:31:30","date_gmt":"2026-02-27T00:31:30","guid":{"rendered":"https:\/\/nordicmart.andreevmaster.com\/product\/vasagle-l-format-skrivbord-spelbord-hornskrivbord\/"},"modified":"2026-02-27T08:21:49","modified_gmt":"2026-02-27T08:21:49","slug":"vasagle-l-format-skrivbord-spelbord-hornskrivbord","status":"publish","type":"product","link":"https:\/\/nordicmart.andreevmaster.com\/sv\/produkt\/vasagle-l-format-skrivbord-spelbord-hornskrivbord\/","title":{"rendered":"VASAGLE L-format skrivbord, spelbord, h\u00f6rnskrivbord"},"content":{"rendered":"<p>VASAGLE h\u00f6rnskrivbord, L-format datorskrivbord, kontorsbord, arbetsrum, hemmakontor, gaming, platsbesparande, enkel montering, industriell design, greige-svart LWD073B02<br \/>\nSpecifikationer:<br \/>\n&#8211; M\u00e5tt: 149,1 x 149,1 x 76,1 cm<br \/>\n&#8211; Vikt: 23,2 kg<br \/>\n&#8211; Max. total statisk b\u00e4rf\u00f6rm\u00e5ga: 50 kg<br \/>\n&#8211; Material: sp\u00e5nskiva, st\u00e5l<br \/>\n&#8211; F\u00e4rg: ebenholts-svart, bl\u00e4ck-svart <\/p>\n","protected":false},"excerpt":{"rendered":"<p>VASAGLE h\u00f6rnskrivbord, L-format datorskrivbord, kontorsbord, arbetsrum, hemmakontor, gaming, platsbesparande, enkel montering, industriell design, greige-svart LWD073B02<\/p>\n","protected":false},"featured_media":44324,"comment_status":"open","ping_status":"closed","template":"","meta":[],"product_brand":[],"product_cat":[33],"product_tag":[],"class_list":{"0":"post-16643","1":"product","2":"type-product","3":"status-publish","4":"has-post-thumbnail","6":"product_cat-okategoriserad","8":"first","9":"instock","10":"shipping-taxable","11":"purchasable","12":"product-type-simple"},"_links":{"self":[{"href":"https:\/\/nordicmart.andreevmaster.com\/sv\/wp-json\/wp\/v2\/product\/16643","targetHints":{"allow":["GET"]}}],"collection":[{"href":"https:\/\/nordicmart.andreevmaster.com\/sv\/wp-json\/wp\/v2\/product"}],"about":[{"href":"https:\/\/nordicmart.andreevmaster.com\/sv\/wp-json\/wp\/v2\/types\/product"}],"replies":[{"embeddable":true,"href":"https:\/\/nordicmart.andreevmaster.com\/sv\/wp-json\/wp\/v2\/comments?post=16643"}],"wp:featuredmedia":[{"embeddable":true,"href":"https:\/\/nordicmart.andreevmaster.com\/sv\/wp-json\/wp\/v2\/media\/44324"}],"wp:attachment":[{"href":"https:\/\/nordicmart.andreevmaster.com\/sv\/wp-json\/wp\/v2\/media?parent=16643"}],"wp:term":[{"taxonomy":"product_brand","embeddable":true,"href":"https:\/\/nordicmart.andreevmaster.com\/sv\/wp-json\/wp\/v2\/product_brand?post=16643"},{"taxonomy":"product_cat","embeddable":true,"href":"https:\/\/nordicmart.andreevmaster.com\/sv\/wp-json\/wp\/v2\/product_cat?post=16643"},{"taxonomy":"product_tag","embeddable":true,"href":"https:\/\/nordicmart.andreevmaster.com\/sv\/wp-json\/wp\/v2\/product_tag?post=16643"}],"curies":[{"name":"wp","href":"https:\/\/api.w.org\/{rel}","templated":true}]}}