{"id":16640,"date":"2026-02-27T00:31:29","date_gmt":"2026-02-27T00:31:29","guid":{"rendered":"https:\/\/nordicmart.andreevmaster.com\/product\/vasagle-bord-skrivbord-med-hyllor-datorbord\/"},"modified":"2026-02-27T08:21:48","modified_gmt":"2026-02-27T08:21:48","slug":"vasagle-bord-skrivbord-med-hyllor-datorbord","status":"publish","type":"product","link":"https:\/\/nordicmart.andreevmaster.com\/sv\/produkt\/vasagle-bord-skrivbord-med-hyllor-datorbord\/","title":{"rendered":"VASAGLE Bord, skrivbord med hyllor, datorbord"},"content":{"rendered":"<p>VASAGLE skrivbord, datorbord med hyllplan till h\u00f6ger eller v\u00e4nster, 120 cm brett kontorsbord, f\u00f6r arbetsrum, hemmakontor, enkel montering<br \/>\nSpecifikationer:<br \/>\n&#8211; M\u00e5tt: 56,1 x 120,1 x 120,1 cm (D x B x H)<br \/>\n&#8211; Vikt: 20 kg<br \/>\n&#8211; Max. statisk b\u00e4rf\u00f6rm\u00e5ga: 50 kg<br \/>\n&#8211; Material: sp\u00e5nskiva, st\u00e5l<br \/>\n&#8211; F\u00e4rg: Svart<\/p>\n","protected":false},"excerpt":{"rendered":"<p>VASAGLE skrivbord, datorbord med hyllplan till h\u00f6ger eller v\u00e4nster, 120 cm brett kontorsbord, f\u00f6r arbetsrum, hemmakontor, enkel montering<\/p>\n","protected":false},"featured_media":44321,"comment_status":"open","ping_status":"closed","template":"","meta":[],"product_brand":[],"product_cat":[33],"product_tag":[],"class_list":{"0":"post-16640","1":"product","2":"type-product","3":"status-publish","4":"has-post-thumbnail","6":"product_cat-okategoriserad","8":"first","9":"instock","10":"shipping-taxable","11":"purchasable","12":"product-type-simple"},"_links":{"self":[{"href":"https:\/\/nordicmart.andreevmaster.com\/sv\/wp-json\/wp\/v2\/product\/16640","targetHints":{"allow":["GET"]}}],"collection":[{"href":"https:\/\/nordicmart.andreevmaster.com\/sv\/wp-json\/wp\/v2\/product"}],"about":[{"href":"https:\/\/nordicmart.andreevmaster.com\/sv\/wp-json\/wp\/v2\/types\/product"}],"replies":[{"embeddable":true,"href":"https:\/\/nordicmart.andreevmaster.com\/sv\/wp-json\/wp\/v2\/comments?post=16640"}],"wp:featuredmedia":[{"embeddable":true,"href":"https:\/\/nordicmart.andreevmaster.com\/sv\/wp-json\/wp\/v2\/media\/44321"}],"wp:attachment":[{"href":"https:\/\/nordicmart.andreevmaster.com\/sv\/wp-json\/wp\/v2\/media?parent=16640"}],"wp:term":[{"taxonomy":"product_brand","embeddable":true,"href":"https:\/\/nordicmart.andreevmaster.com\/sv\/wp-json\/wp\/v2\/product_brand?post=16640"},{"taxonomy":"product_cat","embeddable":true,"href":"https:\/\/nordicmart.andreevmaster.com\/sv\/wp-json\/wp\/v2\/product_cat?post=16640"},{"taxonomy":"product_tag","embeddable":true,"href":"https:\/\/nordicmart.andreevmaster.com\/sv\/wp-json\/wp\/v2\/product_tag?post=16640"}],"curies":[{"name":"wp","href":"https:\/\/api.w.org\/{rel}","templated":true}]}}