{"id":16636,"date":"2026-02-27T00:31:28","date_gmt":"2026-02-27T00:31:28","guid":{"rendered":"https:\/\/nordicmart.andreevmaster.com\/product\/vasagle-bord-datorbord-kontorsbord\/"},"modified":"2026-02-27T08:21:47","modified_gmt":"2026-02-27T08:21:47","slug":"vasagle-bord-datorbord-kontorsbord","status":"publish","type":"product","link":"https:\/\/nordicmart.andreevmaster.com\/sv\/produkt\/vasagle-bord-datorbord-kontorsbord\/","title":{"rendered":"VASAGLE Bord, datorbord, kontorsbord"},"content":{"rendered":"<p>VASAGLE skrivbord, datorbord, PC-bord, kontorsbord med 2 hyllplan till h\u00f6ger eller v\u00e4nster, arbetsbord f\u00f6r kontoret, vardagsrummet, enkel montering, industriell design, vintagebrun-svart LWD47X<br \/>\nSpecifikationer:<br \/>\n&#8211; M\u00e5tt: 50,1 x 100,1 x 76,1 cm (D x B x H)<br \/>\n&#8211; Vikt: 11,7 kg<br \/>\n&#8211; Material: sp\u00e5nskiva, st\u00e5l<br \/>\n&#8211; F\u00e4rg: brun-svart<\/p>\n","protected":false},"excerpt":{"rendered":"<p>VASAGLE skrivbord, datorbord, PC-bord, kontorsbord med 2 hyllplan till h\u00f6ger eller v\u00e4nster, arbetsbord f\u00f6r kontoret, vardagsrummet, enkel montering, industriell design, vintagebrun-svart LWD47X<\/p>\n","protected":false},"featured_media":44317,"comment_status":"open","ping_status":"closed","template":"","meta":[],"product_brand":[],"product_cat":[33],"product_tag":[],"class_list":{"0":"post-16636","1":"product","2":"type-product","3":"status-publish","4":"has-post-thumbnail","6":"product_cat-okategoriserad","8":"first","9":"instock","10":"shipping-taxable","11":"purchasable","12":"product-type-simple"},"_links":{"self":[{"href":"https:\/\/nordicmart.andreevmaster.com\/sv\/wp-json\/wp\/v2\/product\/16636","targetHints":{"allow":["GET"]}}],"collection":[{"href":"https:\/\/nordicmart.andreevmaster.com\/sv\/wp-json\/wp\/v2\/product"}],"about":[{"href":"https:\/\/nordicmart.andreevmaster.com\/sv\/wp-json\/wp\/v2\/types\/product"}],"replies":[{"embeddable":true,"href":"https:\/\/nordicmart.andreevmaster.com\/sv\/wp-json\/wp\/v2\/comments?post=16636"}],"wp:featuredmedia":[{"embeddable":true,"href":"https:\/\/nordicmart.andreevmaster.com\/sv\/wp-json\/wp\/v2\/media\/44317"}],"wp:attachment":[{"href":"https:\/\/nordicmart.andreevmaster.com\/sv\/wp-json\/wp\/v2\/media?parent=16636"}],"wp:term":[{"taxonomy":"product_brand","embeddable":true,"href":"https:\/\/nordicmart.andreevmaster.com\/sv\/wp-json\/wp\/v2\/product_brand?post=16636"},{"taxonomy":"product_cat","embeddable":true,"href":"https:\/\/nordicmart.andreevmaster.com\/sv\/wp-json\/wp\/v2\/product_cat?post=16636"},{"taxonomy":"product_tag","embeddable":true,"href":"https:\/\/nordicmart.andreevmaster.com\/sv\/wp-json\/wp\/v2\/product_tag?post=16636"}],"curies":[{"name":"wp","href":"https:\/\/api.w.org\/{rel}","templated":true}]}}