{"id":16634,"date":"2026-02-27T00:31:27","date_gmt":"2026-02-27T00:31:27","guid":{"rendered":"https:\/\/nordicmart.andreevmaster.com\/product\/vasagle-skrivbord-litet-datorskrivbord-kontorsbord\/"},"modified":"2026-02-27T08:21:47","modified_gmt":"2026-02-27T08:21:47","slug":"vasagle-skrivbord-litet-datorskrivbord-kontorsbord","status":"publish","type":"product","link":"https:\/\/nordicmart.andreevmaster.com\/sv\/produkt\/vasagle-skrivbord-litet-datorskrivbord-kontorsbord\/","title":{"rendered":"VASAGLE skrivbord, litet datorskrivbord, kontorsbord"},"content":{"rendered":"<p>VASAGLE skrivbord, datorbord, smalt kontorsbord, 120 x 60 x 75 cm, arbetsrum, hemmakontor, kontor, enkel montering, st\u00e5l, industridesign, vintagebrunt-svart LWD039B01<br \/>\nSpecifikationer:<br \/>\n&#8211; M\u00e5tt: 60 x 120 x 76 cm (D x B x H)<br \/>\n&#8211; Vikt: 12,3 kg<br \/>\n&#8211; Max. total statisk b\u00e4rf\u00f6rm\u00e5ga: 50 kg<br \/>\n&#8211; Material: sp\u00e5nskiva, st\u00e5l<br \/>\n&#8211; F\u00e4rg: ebenholts-svart, bl\u00e4ck-svart<\/p>\n","protected":false},"excerpt":{"rendered":"<p>VASAGLE skrivbord, datorbord, smalt kontorsbord, 120 x 60 x 75 cm, arbetsrum, hemmakontor, kontor, enkel montering, st\u00e5l, industridesign, vintagebrunt-svart LWD039B01<\/p>\n","protected":false},"featured_media":44315,"comment_status":"open","ping_status":"closed","template":"","meta":[],"product_brand":[],"product_cat":[33],"product_tag":[],"class_list":{"0":"post-16634","1":"product","2":"type-product","3":"status-publish","4":"has-post-thumbnail","6":"product_cat-okategoriserad","8":"first","9":"instock","10":"shipping-taxable","11":"purchasable","12":"product-type-simple"},"_links":{"self":[{"href":"https:\/\/nordicmart.andreevmaster.com\/sv\/wp-json\/wp\/v2\/product\/16634","targetHints":{"allow":["GET"]}}],"collection":[{"href":"https:\/\/nordicmart.andreevmaster.com\/sv\/wp-json\/wp\/v2\/product"}],"about":[{"href":"https:\/\/nordicmart.andreevmaster.com\/sv\/wp-json\/wp\/v2\/types\/product"}],"replies":[{"embeddable":true,"href":"https:\/\/nordicmart.andreevmaster.com\/sv\/wp-json\/wp\/v2\/comments?post=16634"}],"wp:featuredmedia":[{"embeddable":true,"href":"https:\/\/nordicmart.andreevmaster.com\/sv\/wp-json\/wp\/v2\/media\/44315"}],"wp:attachment":[{"href":"https:\/\/nordicmart.andreevmaster.com\/sv\/wp-json\/wp\/v2\/media?parent=16634"}],"wp:term":[{"taxonomy":"product_brand","embeddable":true,"href":"https:\/\/nordicmart.andreevmaster.com\/sv\/wp-json\/wp\/v2\/product_brand?post=16634"},{"taxonomy":"product_cat","embeddable":true,"href":"https:\/\/nordicmart.andreevmaster.com\/sv\/wp-json\/wp\/v2\/product_cat?post=16634"},{"taxonomy":"product_tag","embeddable":true,"href":"https:\/\/nordicmart.andreevmaster.com\/sv\/wp-json\/wp\/v2\/product_tag?post=16634"}],"curies":[{"name":"wp","href":"https:\/\/api.w.org\/{rel}","templated":true}]}}