{"id":16629,"date":"2026-02-27T00:31:26","date_gmt":"2026-02-27T00:31:26","guid":{"rendered":"https:\/\/nordicmart.andreevmaster.com\/product\/vasagle-hornskrivbord-i-industriell-stil\/"},"modified":"2026-02-27T08:21:46","modified_gmt":"2026-02-27T08:21:46","slug":"vasagle-hornskrivbord-i-industriell-stil","status":"publish","type":"product","link":"https:\/\/nordicmart.andreevmaster.com\/sv\/produkt\/vasagle-hornskrivbord-i-industriell-stil\/","title":{"rendered":"VASAGLE h\u00f6rnskrivbord i industriell stil"},"content":{"rendered":"<p>Arbeta med stil S\u00e4tt dig vid ett skrivbord som g\u00f6r lika gott intryck som ditt arbete. Detta datorskrivbord i industriell design har ett svart metallstativ samt en yta och hyllor i vintage-look. Det L-formade kontorsm\u00f6beln (138L x 138B x 75H cm) passar in i n\u00e4stan alla kontor d\u00e4r man beh\u00f6ver ett utrymmesbesparande alternativ till klumpiga j\u00e4ttebord. Anv\u00e4nd bordet f\u00f6r att skriva, arbeta, spela, studera eller f\u00f6r andra aktiviteter som du tycker om. INGET VACKLAR Anv\u00e4nd de justerbara f\u00f6tterna f\u00f6r att se till att ditt h\u00f6rnskrivbord inte vacklar vid varje musklick. P\u00e5 s\u00e5 s\u00e4tt undviker du sm\u00e5 irritationsmoment! Mycket utrymme \u00c4ven om detta h\u00f6rnskrivbord \u00e4r mycket platsbesparande, \u00e4r det inte sn\u00e5lt med f\u00f6rvaringsutrymme. Placera din datorsk\u00e4rm p\u00e5 ena sidan, din b\u00e4rbara dator p\u00e5 den andra och b\u00f6ckerna i mitten. Fyll hyllplanet med dokument, anteckningar och pennst\u00e4ll, eller ta bort det \u00f6versta hyllplanet f\u00f6r att g\u00f6ra plats f\u00f6r en PC. Produktbeskrivning: &#8211; F\u00e4rg: Vintagebrun-svart &#8211; Material: Sp\u00e5nskiva, st\u00e5l &#8211; Storlek: 138 x 138 x 75 cm (D x B x H) &#8211; Vikt: 25 kg &#8211; Max. belastbarhet: 50 kg Leveransomfattning: &#8211; 1 x datorbord &#8211; 1 x tillbeh\u00f6rsp\u00e5se &#8211; 1 x bruksanvisning (DE, EN, FR, ES, IT) VASAGLE Anm\u00e4rkningar: &#8211; H\u00e5ll produkten borta fr\u00e5n v\u00e4rme- och eldk\u00e4llor samt vatten.<\/p>\n","protected":false},"excerpt":{"rendered":"<p>VASAGLE skrivbord, L-format datorskrivbord, h\u00f6rnskrivbord med 2 hyllor, platsbesparande kontorsbord i industriell design, gaming, enkel montering, vintagebrunt-svart LWD72X<\/p>\n","protected":false},"featured_media":44310,"comment_status":"open","ping_status":"closed","template":"","meta":[],"product_brand":[],"product_cat":[33],"product_tag":[],"class_list":{"0":"post-16629","1":"product","2":"type-product","3":"status-publish","4":"has-post-thumbnail","6":"product_cat-okategoriserad","8":"first","9":"instock","10":"shipping-taxable","11":"purchasable","12":"product-type-simple"},"_links":{"self":[{"href":"https:\/\/nordicmart.andreevmaster.com\/sv\/wp-json\/wp\/v2\/product\/16629","targetHints":{"allow":["GET"]}}],"collection":[{"href":"https:\/\/nordicmart.andreevmaster.com\/sv\/wp-json\/wp\/v2\/product"}],"about":[{"href":"https:\/\/nordicmart.andreevmaster.com\/sv\/wp-json\/wp\/v2\/types\/product"}],"replies":[{"embeddable":true,"href":"https:\/\/nordicmart.andreevmaster.com\/sv\/wp-json\/wp\/v2\/comments?post=16629"}],"wp:featuredmedia":[{"embeddable":true,"href":"https:\/\/nordicmart.andreevmaster.com\/sv\/wp-json\/wp\/v2\/media\/44310"}],"wp:attachment":[{"href":"https:\/\/nordicmart.andreevmaster.com\/sv\/wp-json\/wp\/v2\/media?parent=16629"}],"wp:term":[{"taxonomy":"product_brand","embeddable":true,"href":"https:\/\/nordicmart.andreevmaster.com\/sv\/wp-json\/wp\/v2\/product_brand?post=16629"},{"taxonomy":"product_cat","embeddable":true,"href":"https:\/\/nordicmart.andreevmaster.com\/sv\/wp-json\/wp\/v2\/product_cat?post=16629"},{"taxonomy":"product_tag","embeddable":true,"href":"https:\/\/nordicmart.andreevmaster.com\/sv\/wp-json\/wp\/v2\/product_tag?post=16629"}],"curies":[{"name":"wp","href":"https:\/\/api.w.org\/{rel}","templated":true}]}}