{"id":16626,"date":"2026-02-27T00:31:25","date_gmt":"2026-02-27T00:31:25","guid":{"rendered":"https:\/\/nordicmart.andreevmaster.com\/product\/vasagle-datorbord-med-hyllplan\/"},"modified":"2026-02-27T08:21:45","modified_gmt":"2026-02-27T08:21:45","slug":"vasagle-datorbord-med-hyllplan","status":"publish","type":"product","link":"https:\/\/nordicmart.andreevmaster.com\/sv\/produkt\/vasagle-datorbord-med-hyllplan\/","title":{"rendered":"VASAGLE datorbord med hyllplan"},"content":{"rendered":"<p>Produktdetaljer:<br \/>\n&#8211; F\u00e4rg: Vintagebrun-svart<br \/>\n&#8211; Material: sp\u00e5nskiva, st\u00e5l<br \/>\n&#8211; Storlek: 120 x 60 x 153 cm (L x B x H)<br \/>\n&#8211; Vikt: 47,1 kg<br \/>\n&#8211; Max. statisk belastningskapacitet: 50 kg<\/p>\n<p>Leveransomfattning:<br \/>\n&#8211; 1 x skrivbord<br \/>\n&#8211; 1 x tillbeh\u00f6rspaket<br \/>\n&#8211; 1 x bruksanvisning (DE, EN, FR, ES, IT)<\/p>\n<p>VASAGLE Anm\u00e4rkningar:<br \/>\n&#8211; Av s\u00e4kerhetssk\u00e4l \u00e4r det f\u00f6rbjudet f\u00f6r barn att kl\u00e4ttra p\u00e5 eller leka med produkten.<\/p>\n","protected":false},"excerpt":{"rendered":"<p>VASAGLE skrivbord, datorbord med hyllplan, kontorsbord med sk\u00e5p och l\u00e5da, arbetsrum, enkel montering, metall, industridesign, vintagebrun-svart LWD65X<\/p>\n","protected":false},"featured_media":44307,"comment_status":"open","ping_status":"closed","template":"","meta":[],"product_brand":[],"product_cat":[33],"product_tag":[],"class_list":{"0":"post-16626","1":"product","2":"type-product","3":"status-publish","4":"has-post-thumbnail","6":"product_cat-okategoriserad","8":"first","9":"instock","10":"shipping-taxable","11":"purchasable","12":"product-type-simple"},"_links":{"self":[{"href":"https:\/\/nordicmart.andreevmaster.com\/sv\/wp-json\/wp\/v2\/product\/16626","targetHints":{"allow":["GET"]}}],"collection":[{"href":"https:\/\/nordicmart.andreevmaster.com\/sv\/wp-json\/wp\/v2\/product"}],"about":[{"href":"https:\/\/nordicmart.andreevmaster.com\/sv\/wp-json\/wp\/v2\/types\/product"}],"replies":[{"embeddable":true,"href":"https:\/\/nordicmart.andreevmaster.com\/sv\/wp-json\/wp\/v2\/comments?post=16626"}],"wp:featuredmedia":[{"embeddable":true,"href":"https:\/\/nordicmart.andreevmaster.com\/sv\/wp-json\/wp\/v2\/media\/44307"}],"wp:attachment":[{"href":"https:\/\/nordicmart.andreevmaster.com\/sv\/wp-json\/wp\/v2\/media?parent=16626"}],"wp:term":[{"taxonomy":"product_brand","embeddable":true,"href":"https:\/\/nordicmart.andreevmaster.com\/sv\/wp-json\/wp\/v2\/product_brand?post=16626"},{"taxonomy":"product_cat","embeddable":true,"href":"https:\/\/nordicmart.andreevmaster.com\/sv\/wp-json\/wp\/v2\/product_cat?post=16626"},{"taxonomy":"product_tag","embeddable":true,"href":"https:\/\/nordicmart.andreevmaster.com\/sv\/wp-json\/wp\/v2\/product_tag?post=16626"}],"curies":[{"name":"wp","href":"https:\/\/api.w.org\/{rel}","templated":true}]}}