{"id":16624,"date":"2026-02-27T00:31:25","date_gmt":"2026-02-27T00:31:25","guid":{"rendered":"https:\/\/nordicmart.andreevmaster.com\/product\/vasagle-modern-datorbord-vit-naturfargad\/"},"modified":"2026-02-27T08:21:44","modified_gmt":"2026-02-27T08:21:44","slug":"vasagle-modern-datorbord-vit-naturfargad","status":"publish","type":"product","link":"https:\/\/nordicmart.andreevmaster.com\/sv\/produkt\/vasagle-modern-datorbord-vit-naturfargad\/","title":{"rendered":"VASAGLE Modern datorbord vit-naturf\u00e4rgad"},"content":{"rendered":"<p>Oavsett om det \u00e4r hemma, p\u00e5 kontoret, i arbetet eller n\u00e4r du spelar dataspel \u00e4r det viktigt att ha ett l\u00e4mpligt datorbord. VASAGLE datorbord \u00e4r en lyckad kombination av enkel design och m\u00e5ngsidig funktion som ger ditt hem en mysig och hemtrevlig atmosf\u00e4r. Det passar som datorbord, kontorsbord, skrivbord och till och med som matbord i matsalen. Den rostbest\u00e4ndiga metallramen och den 25 mm tjocka bordsskivan garanterar l\u00e5ng livsl\u00e4ngd. Tack vare den stora bordsskivan kan du enkelt l\u00e4gga ut alla papper och b\u00f6cker och f\u00e5 den \u00f6versikt du beh\u00f6ver. Med 4 justerbara fotskydd st\u00e5r skrivbordet stabilt p\u00e5 golvet och samtidigt skyddar de golvet fr\u00e5n repor. Arbeta och studera avslappnat med detta VASAGLE-skrivbord! Produktdetaljer: &#8211; F\u00e4rg: tr\u00e4f\u00e4rg + vitt &#8211; Material: sp\u00e5nskiva, j\u00e4rnstativ &#8211; Montering kr\u00e4vs: ja &#8211; M\u00e5tt: 120 x 76 x 60 cm (B x H x D) &#8211; Belastningsf\u00f6rm\u00e5ga: 50 kg &#8211; Vikt: 20,3 kg Leveransomfattning: &#8211; 1 x datorskrivbord &#8211; 1 x bruksanvisning (DE, EN, FR, IT, ES) &#8211; 1 x tillbeh\u00f6rsp\u00e5se  Anvisningar: &#8211; Undvik att uts\u00e4tta bordet f\u00f6r direkt solljus.  &#8211; Bordet f\u00e5r inte komma i kontakt med vassa f\u00f6rem\u00e5l.<\/p>\n","protected":false},"excerpt":{"rendered":"<p>VASAGLE datorskrivbord, stort skrivbord, PC-bord, kontorsbord, arbetsbord f\u00f6r hemmakontor och kontor, justerbara golvglidare, l\u00e4tt att montera, 120 x 76 x 60 cm, tr\u00e4f\u00e4rger, vitt LWD64N<\/p>\n","protected":false},"featured_media":44305,"comment_status":"open","ping_status":"closed","template":"","meta":[],"product_brand":[],"product_cat":[33],"product_tag":[],"class_list":{"0":"post-16624","1":"product","2":"type-product","3":"status-publish","4":"has-post-thumbnail","6":"product_cat-okategoriserad","8":"first","9":"instock","10":"shipping-taxable","11":"purchasable","12":"product-type-simple"},"_links":{"self":[{"href":"https:\/\/nordicmart.andreevmaster.com\/sv\/wp-json\/wp\/v2\/product\/16624","targetHints":{"allow":["GET"]}}],"collection":[{"href":"https:\/\/nordicmart.andreevmaster.com\/sv\/wp-json\/wp\/v2\/product"}],"about":[{"href":"https:\/\/nordicmart.andreevmaster.com\/sv\/wp-json\/wp\/v2\/types\/product"}],"replies":[{"embeddable":true,"href":"https:\/\/nordicmart.andreevmaster.com\/sv\/wp-json\/wp\/v2\/comments?post=16624"}],"wp:featuredmedia":[{"embeddable":true,"href":"https:\/\/nordicmart.andreevmaster.com\/sv\/wp-json\/wp\/v2\/media\/44305"}],"wp:attachment":[{"href":"https:\/\/nordicmart.andreevmaster.com\/sv\/wp-json\/wp\/v2\/media?parent=16624"}],"wp:term":[{"taxonomy":"product_brand","embeddable":true,"href":"https:\/\/nordicmart.andreevmaster.com\/sv\/wp-json\/wp\/v2\/product_brand?post=16624"},{"taxonomy":"product_cat","embeddable":true,"href":"https:\/\/nordicmart.andreevmaster.com\/sv\/wp-json\/wp\/v2\/product_cat?post=16624"},{"taxonomy":"product_tag","embeddable":true,"href":"https:\/\/nordicmart.andreevmaster.com\/sv\/wp-json\/wp\/v2\/product_tag?post=16624"}],"curies":[{"name":"wp","href":"https:\/\/api.w.org\/{rel}","templated":true}]}}