{"id":16614,"date":"2026-02-27T00:31:21","date_gmt":"2026-02-27T00:31:21","guid":{"rendered":"https:\/\/nordicmart.andreevmaster.com\/product\/vasagle-skrivbord-i-industriell-stil\/"},"modified":"2026-02-27T08:21:42","modified_gmt":"2026-02-27T08:21:42","slug":"vasagle-skrivbord-i-industriell-stil","status":"publish","type":"product","link":"https:\/\/nordicmart.andreevmaster.com\/sv\/produkt\/vasagle-skrivbord-i-industriell-stil\/","title":{"rendered":"VASAGLE skrivbord i industriell stil"},"content":{"rendered":"<p>Var produktiv, men med stil! L\u00e5t ditt skrivbord se lika bra ut som ditt arbete. Placera detta vintagebord fr\u00e5n VASAGLE i ditt kontor, sovrum, vardagsrum, arbetsrum eller helt enkelt d\u00e4r du \u00e4r som mest produktiv. Datorskivbordet imponerar inte bara med sin stilrena design, utan ocks\u00e5 med sitt stabila 1,2 mm tjocka j\u00e4rnstativ och den robusta sp\u00e5nskivan. V\u00e4nster eller h\u00f6ger? Du best\u00e4mmer! Detta skrivbord har tv\u00e5 hyllplan som kan anv\u00e4ndas p\u00e5 h\u00f6ger eller v\u00e4nster sida, helt efter eget tycke! Vrid bara bordet och montera tv\u00e4rst\u00e5ngen i nedre delen p\u00e5 baksidan. Placera dekorationer, b\u00f6cker, dokument eller viktiga anteckningar h\u00e4r f\u00f6r att kunna komma \u00e5t dem s\u00e5 snabbt och enkelt som m\u00f6jligt. Om du har en dator med en extern h\u00e5rddisk kan du ta bort den \u00f6vre hyllan och placera h\u00e5rddisken p\u00e5 den nedre hyllan. Var inte r\u00e4dd f\u00f6r monteringen. V\u00e5r instruktion \u00e4r l\u00e4tt att f\u00f6rst\u00e5 och vi levererar de verktyg som beh\u00f6vs. Om du gillar det vintageinspirerade designen p\u00e5 detta skrivbord, ta en titt p\u00e5 de andra produkterna i m\u00f6belserien fr\u00e5n VASAGLE. Produktdetaljer:F\u00e4rg: Vintagebrun-svart Material: Sp\u00e5nskiva, st\u00e5l Storlek: 60 x 120 x 75 cm (D x B x H) Vikt: 18,8 kg Leveransomfattning: 1 x skrivbord 1 x tillbeh\u00f6rspaket 1 x instruktioner VASAGLE Anm\u00e4rkningar: Av s\u00e4kerhetssk\u00e4l \u00e4r det f\u00f6rbjudet f\u00f6r barn att kl\u00e4ttra p\u00e5 eller leka med produkten.<\/p>\n","protected":false},"excerpt":{"rendered":"<p>VASAGLE skrivbord, datorbord, PC-bord, kontorsbord med 2 hyllplan till h\u00f6ger eller v\u00e4nster, arbetsbord f\u00f6r kontoret, vardagsrummet, enkel montering, industriell design, vintagebrun-svart LWD47X<\/p>\n","protected":false},"featured_media":44295,"comment_status":"open","ping_status":"closed","template":"","meta":[],"product_brand":[],"product_cat":[33],"product_tag":[],"class_list":{"0":"post-16614","1":"product","2":"type-product","3":"status-publish","4":"has-post-thumbnail","6":"product_cat-okategoriserad","8":"first","9":"instock","10":"shipping-taxable","11":"purchasable","12":"product-type-simple"},"_links":{"self":[{"href":"https:\/\/nordicmart.andreevmaster.com\/sv\/wp-json\/wp\/v2\/product\/16614","targetHints":{"allow":["GET"]}}],"collection":[{"href":"https:\/\/nordicmart.andreevmaster.com\/sv\/wp-json\/wp\/v2\/product"}],"about":[{"href":"https:\/\/nordicmart.andreevmaster.com\/sv\/wp-json\/wp\/v2\/types\/product"}],"replies":[{"embeddable":true,"href":"https:\/\/nordicmart.andreevmaster.com\/sv\/wp-json\/wp\/v2\/comments?post=16614"}],"wp:featuredmedia":[{"embeddable":true,"href":"https:\/\/nordicmart.andreevmaster.com\/sv\/wp-json\/wp\/v2\/media\/44295"}],"wp:attachment":[{"href":"https:\/\/nordicmart.andreevmaster.com\/sv\/wp-json\/wp\/v2\/media?parent=16614"}],"wp:term":[{"taxonomy":"product_brand","embeddable":true,"href":"https:\/\/nordicmart.andreevmaster.com\/sv\/wp-json\/wp\/v2\/product_brand?post=16614"},{"taxonomy":"product_cat","embeddable":true,"href":"https:\/\/nordicmart.andreevmaster.com\/sv\/wp-json\/wp\/v2\/product_cat?post=16614"},{"taxonomy":"product_tag","embeddable":true,"href":"https:\/\/nordicmart.andreevmaster.com\/sv\/wp-json\/wp\/v2\/product_tag?post=16614"}],"curies":[{"name":"wp","href":"https:\/\/api.w.org\/{rel}","templated":true}]}}