{"id":16613,"date":"2026-02-27T00:31:21","date_gmt":"2026-02-27T00:31:21","guid":{"rendered":"https:\/\/nordicmart.andreevmaster.com\/product\/vasagle-enkelt-skrivbord-vitt-natur\/"},"modified":"2026-02-27T08:21:42","modified_gmt":"2026-02-27T08:21:42","slug":"vasagle-enkelt-skrivbord-vitt-natur","status":"publish","type":"product","link":"https:\/\/nordicmart.andreevmaster.com\/sv\/produkt\/vasagle-enkelt-skrivbord-vitt-natur\/","title":{"rendered":"VASAGLE enkelt skrivbord vitt-natur"},"content":{"rendered":"<p>Var produktiv, men med stil! L\u00e5t ditt skrivbord se lika bra ut som ditt arbete. Placera detta moderna bord fr\u00e5n VASAGLE i ditt kontor, sovrum, vardagsrum, arbetsrum eller helt enkelt d\u00e4r du \u00e4r som mest produktiv. Datorskrivbordet imponerar inte bara med sin eleganta design, utan ocks\u00e5 med sitt stabila 1,2 mm tjocka j\u00e4rnstativ och den robusta sp\u00e5nskivan.V\u00e4nster eller h\u00f6ger? Du best\u00e4mmer! Detta skrivbord har tv\u00e5 hyllplan som kan monteras p\u00e5 h\u00f6ger eller v\u00e4nster sida, helt efter eget tycke! Placera dekorationer, b\u00f6cker, dokument eller viktiga anteckningar h\u00e4r f\u00f6r att kunna komma \u00e5t dem s\u00e5 snabbt och enkelt som m\u00f6jligt. Om du har en dator med en extern h\u00e5rddisk kan du ta bort den \u00f6vre hyllan och placera h\u00e5rddisken p\u00e5 den nedre hyllan. Var inte r\u00e4dd f\u00f6r monteringen. V\u00e5r instruktion \u00e4r l\u00e4tt att f\u00f6rst\u00e5 och vi levererar de verktyg som beh\u00f6vs. Produktdetaljer: &#8211; F\u00e4rg: tr\u00e4fan\u00e9r, vit &#8211; Material: sp\u00e5nskiva, metall &#8211; Storlek: 120 x 60 x 75 cm (L x B x H) &#8211; Vikt: 20,5 kg Leveransomfattning: &#8211; 1 x skrivbord &#8211; 1 x monteringsverktyg &#8211; 1 x tillbeh\u00f6rsp\u00e5se &#8211; 1 x instruktioner (DE, EN, FR, ES, IT) VASAGLE Anm\u00e4rkningar:- H\u00e5ll produkten borta fr\u00e5n \u00f6ppen eld. &#8211; Placera inte heta f\u00f6rem\u00e5l p\u00e5 skrivbordets yta. &#8211; Undvik att uts\u00e4tta produkten f\u00f6r vatten under l\u00e4ngre tid. &#8211; H\u00e5ll skrivbordet borta fr\u00e5n vassa och spetsiga f\u00f6rem\u00e5l.<\/p>\n","protected":false},"excerpt":{"rendered":"<p>VASAGLE skrivbord, datorbord, PC-bord, kontorsbord med 2 hyllplan till h\u00f6ger eller v\u00e4nster, arbetsbord f\u00f6r kontoret, vardagsrummet, enkel montering, industriell design, vintagebrun-svart LWD47X<\/p>\n","protected":false},"featured_media":44294,"comment_status":"open","ping_status":"closed","template":"","meta":[],"product_brand":[],"product_cat":[33],"product_tag":[],"class_list":{"0":"post-16613","1":"product","2":"type-product","3":"status-publish","4":"has-post-thumbnail","6":"product_cat-okategoriserad","8":"first","9":"instock","10":"shipping-taxable","11":"purchasable","12":"product-type-simple"},"_links":{"self":[{"href":"https:\/\/nordicmart.andreevmaster.com\/sv\/wp-json\/wp\/v2\/product\/16613","targetHints":{"allow":["GET"]}}],"collection":[{"href":"https:\/\/nordicmart.andreevmaster.com\/sv\/wp-json\/wp\/v2\/product"}],"about":[{"href":"https:\/\/nordicmart.andreevmaster.com\/sv\/wp-json\/wp\/v2\/types\/product"}],"replies":[{"embeddable":true,"href":"https:\/\/nordicmart.andreevmaster.com\/sv\/wp-json\/wp\/v2\/comments?post=16613"}],"wp:featuredmedia":[{"embeddable":true,"href":"https:\/\/nordicmart.andreevmaster.com\/sv\/wp-json\/wp\/v2\/media\/44294"}],"wp:attachment":[{"href":"https:\/\/nordicmart.andreevmaster.com\/sv\/wp-json\/wp\/v2\/media?parent=16613"}],"wp:term":[{"taxonomy":"product_brand","embeddable":true,"href":"https:\/\/nordicmart.andreevmaster.com\/sv\/wp-json\/wp\/v2\/product_brand?post=16613"},{"taxonomy":"product_cat","embeddable":true,"href":"https:\/\/nordicmart.andreevmaster.com\/sv\/wp-json\/wp\/v2\/product_cat?post=16613"},{"taxonomy":"product_tag","embeddable":true,"href":"https:\/\/nordicmart.andreevmaster.com\/sv\/wp-json\/wp\/v2\/product_tag?post=16613"}],"curies":[{"name":"wp","href":"https:\/\/api.w.org\/{rel}","templated":true}]}}