{"id":16609,"date":"2026-02-27T00:31:20","date_gmt":"2026-02-27T00:31:20","guid":{"rendered":"https:\/\/nordicmart.andreevmaster.com\/product\/vasagle-industrial-skrivbord-100-x-50-cm-platsbesparande\/"},"modified":"2026-02-27T08:21:41","modified_gmt":"2026-02-27T08:21:41","slug":"vasagle-industrial-skrivbord-100-x-50-cm-platsbesparande","status":"publish","type":"product","link":"https:\/\/nordicmart.andreevmaster.com\/sv\/produkt\/vasagle-industrial-skrivbord-100-x-50-cm-platsbesparande\/","title":{"rendered":"VASAGLE Industrial skrivbord 100 x 50 cm platsbesparande"},"content":{"rendered":"<p>De kreativa hj\u00e4rnorna hos VASAGLE har gjort det till sin uppgift att skapa stilfulla m\u00f6bler som erbjuder funktionalitet, stabilitet och ett utm\u00e4rkt pris-prestandaf\u00f6rh\u00e5llande.  S\u00e5 skapades ocks\u00e5 detta skrivbord i industriell stil, som med sin blandning av j\u00e4rnstativ och stabil sp\u00e5nskiva i vintage-look \u00e4r allt annat \u00e4n tr\u00e5kigt och \u00e4nd\u00e5 funktionellt. Utrusta ditt kontor p\u00e5 r\u00e4tt s\u00e4tt Om sm\u00e5 kontorsrum eller arbetsrum \u00e4r fyllda med m\u00f6bler som inte passar ihop och skrivaren \u00e4nd\u00e5 inte f\u00e5r n\u00e5gon egen plats, \u00e4r det h\u00f6g tid f\u00f6r ny kontorsutrustning. Med detta skrivbord f\u00e5r du ett f\u00f6rsta representativt m\u00f6bel som \u00e4r s\u00e4rskilt l\u00e4mpligt f\u00f6r tr\u00e5nga utrymmen. Med sin trendiga industridesign ger det varje arbetsrum en ordnad struktur. Om du vill inreda ditt kontor p\u00e5 nytt eller utrusta det fr\u00e5n grunden beh\u00f6ver du mer \u00e4n bara detta skrivbord. Ta d\u00e4rf\u00f6r en titt p\u00e5 de andra kontorsm\u00f6blerna fr\u00e5n VASAGLE. Produktdetaljer: &#8211; F\u00e4rg: Vintagebrun-svart &#8211; Material: Sp\u00e5nskiva, st\u00e5l &#8211; Storlek: 100 x 50 x 75 cm (L x B x H) &#8211; Vikt: 11,3 kg &#8211; Max. belastningskapacitet: 50 kg Leveransomfattning: &#8211; 1 x skrivbord &#8211; 1 x tillbeh\u00f6rsp\u00e5se &#8211; 1 x monteringsverktyg &#8211; 1 x bruksanvisning (DE, EN, FR, ES, IT) VASAGLE Anm\u00e4rkningar: &#8211; H\u00e5ll produkten borta fr\u00e5n \u00f6ppen eld och vatten.<\/p>\n","protected":false},"excerpt":{"rendered":"<p>VASAGLE Skrivbord, datorbord, hemmakontor, kontor, arbetsrum, vardagsrum, stabilt, platsbesparande, enkel montering, 100 x 50 x 75 cm, industriell design, vintagebrun-svart LWD40X<\/p>\n","protected":false},"featured_media":44290,"comment_status":"open","ping_status":"closed","template":"","meta":[],"product_brand":[],"product_cat":[33],"product_tag":[],"class_list":{"0":"post-16609","1":"product","2":"type-product","3":"status-publish","4":"has-post-thumbnail","6":"product_cat-okategoriserad","8":"first","9":"instock","10":"shipping-taxable","11":"purchasable","12":"product-type-simple"},"_links":{"self":[{"href":"https:\/\/nordicmart.andreevmaster.com\/sv\/wp-json\/wp\/v2\/product\/16609","targetHints":{"allow":["GET"]}}],"collection":[{"href":"https:\/\/nordicmart.andreevmaster.com\/sv\/wp-json\/wp\/v2\/product"}],"about":[{"href":"https:\/\/nordicmart.andreevmaster.com\/sv\/wp-json\/wp\/v2\/types\/product"}],"replies":[{"embeddable":true,"href":"https:\/\/nordicmart.andreevmaster.com\/sv\/wp-json\/wp\/v2\/comments?post=16609"}],"wp:featuredmedia":[{"embeddable":true,"href":"https:\/\/nordicmart.andreevmaster.com\/sv\/wp-json\/wp\/v2\/media\/44290"}],"wp:attachment":[{"href":"https:\/\/nordicmart.andreevmaster.com\/sv\/wp-json\/wp\/v2\/media?parent=16609"}],"wp:term":[{"taxonomy":"product_brand","embeddable":true,"href":"https:\/\/nordicmart.andreevmaster.com\/sv\/wp-json\/wp\/v2\/product_brand?post=16609"},{"taxonomy":"product_cat","embeddable":true,"href":"https:\/\/nordicmart.andreevmaster.com\/sv\/wp-json\/wp\/v2\/product_cat?post=16609"},{"taxonomy":"product_tag","embeddable":true,"href":"https:\/\/nordicmart.andreevmaster.com\/sv\/wp-json\/wp\/v2\/product_tag?post=16609"}],"curies":[{"name":"wp","href":"https:\/\/api.w.org\/{rel}","templated":true}]}}