{"id":16592,"date":"2026-02-27T00:31:15","date_gmt":"2026-02-27T00:31:15","guid":{"rendered":"https:\/\/nordicmart.andreevmaster.com\/product\/vasagle-datorbord-med-3-hyllor-och-2-lador-naturfargad-ek-parlvit\/"},"modified":"2026-02-27T08:21:37","modified_gmt":"2026-02-27T08:21:37","slug":"vasagle-datorbord-med-3-hyllor-och-2-lador-naturfargad-ek-parlvit","status":"publish","type":"product","link":"https:\/\/nordicmart.andreevmaster.com\/sv\/produkt\/vasagle-datorbord-med-3-hyllor-och-2-lador-naturfargad-ek-parlvit\/","title":{"rendered":"VASAGLE datorbord med 3 hyllor och 2 l\u00e5dor naturf\u00e4rgad ek-p\u00e4rlvit"},"content":{"rendered":"<p>VASAGLE skrivbord, datorbord, PC-bord, kontorsbord, med 2 hyllor p\u00e5 h\u00f6ger eller v\u00e4nster sida, f\u00f6r kontoret, vardagsrummet, st\u00e5lstativ, industriell design, svart LWD047B16<br \/>\nF\u00e4rg: Naturlig ekf\u00e4rg-p\u00e4rlvit<br \/>\nMaterial: sp\u00e5nskiva, st\u00e5l, non-woven<br \/>\nStorlek: 140 x 60 x 76 cm (B x D x H)<br \/>\nVikt: 23,5 kg<br \/>\nMax. statisk belastningskapacitet f\u00f6r bordsskivan: 50 kg<br \/>\nMax. statisk belastningskapacitet per hylla: 10 kg<\/p>\n","protected":false},"excerpt":{"rendered":"<p>VASAGLE skrivbord, datorbord, PC-bord, kontorsbord, med 2 hyllor p\u00e5 h\u00f6ger eller v\u00e4nster sida, f\u00f6r kontoret, vardagsrummet, st\u00e5lstativ, industriell design, svart LWD047B16<\/p>\n","protected":false},"featured_media":44273,"comment_status":"open","ping_status":"closed","template":"","meta":[],"product_brand":[],"product_cat":[33],"product_tag":[],"class_list":{"0":"post-16592","1":"product","2":"type-product","3":"status-publish","4":"has-post-thumbnail","6":"product_cat-okategoriserad","8":"first","9":"instock","10":"shipping-taxable","11":"purchasable","12":"product-type-simple"},"_links":{"self":[{"href":"https:\/\/nordicmart.andreevmaster.com\/sv\/wp-json\/wp\/v2\/product\/16592","targetHints":{"allow":["GET"]}}],"collection":[{"href":"https:\/\/nordicmart.andreevmaster.com\/sv\/wp-json\/wp\/v2\/product"}],"about":[{"href":"https:\/\/nordicmart.andreevmaster.com\/sv\/wp-json\/wp\/v2\/types\/product"}],"replies":[{"embeddable":true,"href":"https:\/\/nordicmart.andreevmaster.com\/sv\/wp-json\/wp\/v2\/comments?post=16592"}],"wp:featuredmedia":[{"embeddable":true,"href":"https:\/\/nordicmart.andreevmaster.com\/sv\/wp-json\/wp\/v2\/media\/44273"}],"wp:attachment":[{"href":"https:\/\/nordicmart.andreevmaster.com\/sv\/wp-json\/wp\/v2\/media?parent=16592"}],"wp:term":[{"taxonomy":"product_brand","embeddable":true,"href":"https:\/\/nordicmart.andreevmaster.com\/sv\/wp-json\/wp\/v2\/product_brand?post=16592"},{"taxonomy":"product_cat","embeddable":true,"href":"https:\/\/nordicmart.andreevmaster.com\/sv\/wp-json\/wp\/v2\/product_cat?post=16592"},{"taxonomy":"product_tag","embeddable":true,"href":"https:\/\/nordicmart.andreevmaster.com\/sv\/wp-json\/wp\/v2\/product_tag?post=16592"}],"curies":[{"name":"wp","href":"https:\/\/api.w.org\/{rel}","templated":true}]}}