{"id":16590,"date":"2026-02-27T00:31:14","date_gmt":"2026-02-27T00:31:14","guid":{"rendered":"https:\/\/nordicmart.andreevmaster.com\/product\/vasagle-l-format-skrivbord-med-2-lador-och-monitorstall\/"},"modified":"2026-02-27T08:21:37","modified_gmt":"2026-02-27T08:21:37","slug":"vasagle-l-format-skrivbord-med-2-lador-och-monitorstall","status":"publish","type":"product","link":"https:\/\/nordicmart.andreevmaster.com\/sv\/produkt\/vasagle-l-format-skrivbord-med-2-lador-och-monitorstall\/","title":{"rendered":"VASAGLE L-format skrivbord med 2 l\u00e5dor och monitorst\u00e4ll"},"content":{"rendered":"<p>VASAGLE L-format skrivbord, 2 rymliga l\u00e5dor, datorskrivbord med monitorstativ, h\u00f6rnskrivbord, spelbord med justerbar hylla 115 x 105 cm vintagebrunt LWD097B01<br \/>\nF\u00e4rg: l\u00f6nnvit<br \/>\nMaterial: sp\u00e5nskiva, st\u00e5l, nonwoven-tyg, polyester-bomullstyg<br \/>\nStorlek: 105 x 135 x 89,5 cm (D x B x H)<br \/>\nVikt: 22,3 kg<br \/>\nMax. statisk belastningskapacitet f\u00f6r bordsskivan: 50 kg<br \/>\nMax. statisk belastningskapacitet f\u00f6r monitorstativet: 20 kg<\/p>\n","protected":false},"excerpt":{"rendered":"<p>VASAGLE L-format skrivbord, 2 rymliga l\u00e5dor, datorskrivbord med monitorstativ, h\u00f6rnskrivbord, spelbord med justerbar hylla 115 x 105 cm vintagebrunt LWD097B01<\/p>\n","protected":false},"featured_media":44271,"comment_status":"open","ping_status":"closed","template":"","meta":[],"product_brand":[],"product_cat":[33],"product_tag":[],"class_list":{"0":"post-16590","1":"product","2":"type-product","3":"status-publish","4":"has-post-thumbnail","6":"product_cat-okategoriserad","8":"first","9":"instock","10":"shipping-taxable","11":"purchasable","12":"product-type-simple"},"_links":{"self":[{"href":"https:\/\/nordicmart.andreevmaster.com\/sv\/wp-json\/wp\/v2\/product\/16590","targetHints":{"allow":["GET"]}}],"collection":[{"href":"https:\/\/nordicmart.andreevmaster.com\/sv\/wp-json\/wp\/v2\/product"}],"about":[{"href":"https:\/\/nordicmart.andreevmaster.com\/sv\/wp-json\/wp\/v2\/types\/product"}],"replies":[{"embeddable":true,"href":"https:\/\/nordicmart.andreevmaster.com\/sv\/wp-json\/wp\/v2\/comments?post=16590"}],"wp:featuredmedia":[{"embeddable":true,"href":"https:\/\/nordicmart.andreevmaster.com\/sv\/wp-json\/wp\/v2\/media\/44271"}],"wp:attachment":[{"href":"https:\/\/nordicmart.andreevmaster.com\/sv\/wp-json\/wp\/v2\/media?parent=16590"}],"wp:term":[{"taxonomy":"product_brand","embeddable":true,"href":"https:\/\/nordicmart.andreevmaster.com\/sv\/wp-json\/wp\/v2\/product_brand?post=16590"},{"taxonomy":"product_cat","embeddable":true,"href":"https:\/\/nordicmart.andreevmaster.com\/sv\/wp-json\/wp\/v2\/product_cat?post=16590"},{"taxonomy":"product_tag","embeddable":true,"href":"https:\/\/nordicmart.andreevmaster.com\/sv\/wp-json\/wp\/v2\/product_tag?post=16590"}],"curies":[{"name":"wp","href":"https:\/\/api.w.org\/{rel}","templated":true}]}}