{"id":16583,"date":"2026-02-27T00:31:12","date_gmt":"2026-02-27T00:31:12","guid":{"rendered":"https:\/\/nordicmart.andreevmaster.com\/product\/vasagle-skrivbord-med-tyglador-och-led-belysning-lonnvit\/"},"modified":"2026-02-27T08:21:35","modified_gmt":"2026-02-27T08:21:35","slug":"vasagle-skrivbord-med-tyglador-och-led-belysning-lonnvit","status":"publish","type":"product","link":"https:\/\/nordicmart.andreevmaster.com\/sv\/produkt\/vasagle-skrivbord-med-tyglador-och-led-belysning-lonnvit\/","title":{"rendered":"VASAGLE skrivbord med tygl\u00e5dor och LED-belysning l\u00f6nnvit"},"content":{"rendered":"<p>VASAGLE skrivbord med l\u00e5dor, datorbord med monitorstativ, LED-belysning, 55 x 135 x 90 cm, inbyggda eluttag, 2 USB-portar, f\u00f6r hemmakontoret, ebenholts svart LWD094B56<br \/>\nF\u00e4rg: L\u00f6nnvit<br \/>\nMaterial: Sp\u00e5nskiva, st\u00e5l, nonwoven, polyester-bomullstyg<br \/>\nStorlek: 55 x 135 x 90 cm (D x B x H)<br \/>\nVikt: 24 kg<br \/>\nMax. statisk belastningskapacitet f\u00f6r bordsskivan: 50 kg<br \/>\nMax. statisk belastningskapacitet f\u00f6r monitorstativet: 20 kg<\/p>\n","protected":false},"excerpt":{"rendered":"<p>VASAGLE skrivbord med l\u00e5dor, datorbord med monitorstativ, LED-belysning, 55 x 135 x 90 cm, inbyggda eluttag, 2 USB-portar, f\u00f6r hemmakontoret, ebenholts svart LWD094B56<\/p>\n","protected":false},"featured_media":44264,"comment_status":"open","ping_status":"closed","template":"","meta":[],"product_brand":[],"product_cat":[33],"product_tag":[],"class_list":{"0":"post-16583","1":"product","2":"type-product","3":"status-publish","4":"has-post-thumbnail","6":"product_cat-okategoriserad","8":"first","9":"instock","10":"shipping-taxable","11":"purchasable","12":"product-type-simple"},"_links":{"self":[{"href":"https:\/\/nordicmart.andreevmaster.com\/sv\/wp-json\/wp\/v2\/product\/16583","targetHints":{"allow":["GET"]}}],"collection":[{"href":"https:\/\/nordicmart.andreevmaster.com\/sv\/wp-json\/wp\/v2\/product"}],"about":[{"href":"https:\/\/nordicmart.andreevmaster.com\/sv\/wp-json\/wp\/v2\/types\/product"}],"replies":[{"embeddable":true,"href":"https:\/\/nordicmart.andreevmaster.com\/sv\/wp-json\/wp\/v2\/comments?post=16583"}],"wp:featuredmedia":[{"embeddable":true,"href":"https:\/\/nordicmart.andreevmaster.com\/sv\/wp-json\/wp\/v2\/media\/44264"}],"wp:attachment":[{"href":"https:\/\/nordicmart.andreevmaster.com\/sv\/wp-json\/wp\/v2\/media?parent=16583"}],"wp:term":[{"taxonomy":"product_brand","embeddable":true,"href":"https:\/\/nordicmart.andreevmaster.com\/sv\/wp-json\/wp\/v2\/product_brand?post=16583"},{"taxonomy":"product_cat","embeddable":true,"href":"https:\/\/nordicmart.andreevmaster.com\/sv\/wp-json\/wp\/v2\/product_cat?post=16583"},{"taxonomy":"product_tag","embeddable":true,"href":"https:\/\/nordicmart.andreevmaster.com\/sv\/wp-json\/wp\/v2\/product_tag?post=16583"}],"curies":[{"name":"wp","href":"https:\/\/api.w.org\/{rel}","templated":true}]}}