{"id":16576,"date":"2026-02-27T00:31:11","date_gmt":"2026-02-27T00:31:11","guid":{"rendered":"https:\/\/nordicmart.andreevmaster.com\/product\/songmics-datorbord-med-hjul-80-x-50-cm\/"},"modified":"2026-02-27T08:21:33","modified_gmt":"2026-02-27T08:21:33","slug":"songmics-datorbord-med-hjul-80-x-50-cm","status":"publish","type":"product","link":"https:\/\/nordicmart.andreevmaster.com\/sv\/produkt\/songmics-datorbord-med-hjul-80-x-50-cm\/","title":{"rendered":"SONGMICS datorbord med hjul 80 x 50 cm"},"content":{"rendered":"<p>Produktdetaljer: &#8211; F\u00e4rg: Vintagebrun-svart &#8211; Material: Sp\u00e5nskiva, st\u00e5l &#8211; Storlek: 80 x 50 x 90 cm (L x B x H) &#8211; Vikt: 13,3 kg &#8211; Max. total statisk belastningskapacitet: 50 kg Leveransomfattning:- 1 x skrivbord &#8211; 1 x tillbeh\u00f6rspaket &#8211; 1 x bruksanvisning VASAGLE Anm\u00e4rkningar: &#8211; Av s\u00e4kerhetssk\u00e4l \u00e4r det f\u00f6rbjudet f\u00f6r barn att kl\u00e4ttra p\u00e5 eller leka med produkten. &#8211; Produktens maximala statiska belastningskapacitet \u00e4r 50 kg. \u00d6verskrid inte denna maximala vikt.<\/p>\n","protected":false},"excerpt":{"rendered":"<p>SONGMICS skrivbord, datorbord med hjul, med monitorst\u00e4ll, 6 krokar, 80 x 50 x 90 cm, industriell design, vintagebrun-svart LWD085B01<\/p>\n","protected":false},"featured_media":44257,"comment_status":"open","ping_status":"closed","template":"","meta":[],"product_brand":[],"product_cat":[33],"product_tag":[],"class_list":{"0":"post-16576","1":"product","2":"type-product","3":"status-publish","4":"has-post-thumbnail","6":"product_cat-okategoriserad","8":"first","9":"instock","10":"shipping-taxable","11":"purchasable","12":"product-type-simple"},"_links":{"self":[{"href":"https:\/\/nordicmart.andreevmaster.com\/sv\/wp-json\/wp\/v2\/product\/16576","targetHints":{"allow":["GET"]}}],"collection":[{"href":"https:\/\/nordicmart.andreevmaster.com\/sv\/wp-json\/wp\/v2\/product"}],"about":[{"href":"https:\/\/nordicmart.andreevmaster.com\/sv\/wp-json\/wp\/v2\/types\/product"}],"replies":[{"embeddable":true,"href":"https:\/\/nordicmart.andreevmaster.com\/sv\/wp-json\/wp\/v2\/comments?post=16576"}],"wp:featuredmedia":[{"embeddable":true,"href":"https:\/\/nordicmart.andreevmaster.com\/sv\/wp-json\/wp\/v2\/media\/44257"}],"wp:attachment":[{"href":"https:\/\/nordicmart.andreevmaster.com\/sv\/wp-json\/wp\/v2\/media?parent=16576"}],"wp:term":[{"taxonomy":"product_brand","embeddable":true,"href":"https:\/\/nordicmart.andreevmaster.com\/sv\/wp-json\/wp\/v2\/product_brand?post=16576"},{"taxonomy":"product_cat","embeddable":true,"href":"https:\/\/nordicmart.andreevmaster.com\/sv\/wp-json\/wp\/v2\/product_cat?post=16576"},{"taxonomy":"product_tag","embeddable":true,"href":"https:\/\/nordicmart.andreevmaster.com\/sv\/wp-json\/wp\/v2\/product_tag?post=16576"}],"curies":[{"name":"wp","href":"https:\/\/api.w.org\/{rel}","templated":true}]}}